{"id":18858,"date":"2017-06-02T11:19:04","date_gmt":"2017-06-02T08:19:04","guid":{"rendered":"https:\/\/editura-unibuc.ro\/?post_type=product&#038;p=18858"},"modified":"2023-11-02T13:51:02","modified_gmt":"2023-11-02T11:51:02","slug":"dictionar-frazeologic-ceh-roman","status":"publish","type":"product","link":"https:\/\/editura-unibuc.ro\/en\/dictionar-frazeologic-ceh-roman\/","title":{"rendered":"DIC\u0162IONAR FRAZEOLOGIC CEH-ROM\u00c2N"},"content":{"rendered":"<p>\u201eDic\u0163ionarul frazeologic rom\u00e2n-ceh cuprinde:<br \/>\n\u2022 peste 40.000 de expresii frazeologice cehe cu echivalentele lor \u00een limba rom\u00e2n\u0103<br \/>\n\u2022 expresii at\u00e2t din vocabularul actual al limbii cehe, din domeniile cele mai noi ale activit\u0103\u0163ii umane, precum \u015fi expresii argotice, proverbe, \u00eembin\u0103ri lexicale mai vechi, necesare pentru traducerea unor texte literare, numeroase expresii, sinonime \u015fi frazeologisme<br \/>\n\u2022 expresii specifice limbii cehe, f\u0103r\u0103 corespondent \u00een limba rom\u00e2n\u0103, cu explica\u0163iile de rigoare ale sensului<\/p>\n<p>Dic\u0163ionarul este destinat studen\u0163ilor, profesorilor, traduc\u0103torilor, interpre\u0163ilor \u015fi tuturor celor care se intereseaz\u0103 de limba ceh\u0103, respectiv rom\u00e2n\u0103.\u201d<\/p>\n<p style=\"text-align: right\">Autoarele<\/p>\n","protected":false},"excerpt":{"rendered":"<p>\u201eDic\u0163ionarul frazeologic rom\u00e2n-ceh cuprinde: \u2022 peste 40.000 de expresii frazeologice cehe cu echivalentele lor \u00een limba rom\u00e2n\u0103 \u2022 expresii at\u00e2t din vocabularul actual al limbii cehe, din domeniile cele mai noi ale activit\u0103\u0163ii umane, precum \u015fi expresii argotice, proverbe, \u00eembin\u0103ri lexicale mai vechi, necesare pentru traducerea unor texte literare, numeroase expresii, sinonime \u015fi frazeologisme \u2022 [&hellip;]<\/p>\n","protected":false},"featured_media":18859,"comment_status":"open","ping_status":"closed","template":"","meta":[],"product_brand":[],"product_cat":[1464,981],"product_tag":[2624,2622,2623],"class_list":{"0":"post-18858","1":"product","2":"type-product","3":"status-publish","4":"has-post-thumbnail","6":"product_cat-filologie","7":"product_cat-limbi-slave","8":"product_tag-anca-irina-ionescu","9":"product_tag-dictionar-frazeologic-ceh-roman","10":"product_tag-teodora-dobritoiu-alexandru","12":"first","13":"outofstock","14":"shipping-taxable","15":"purchasable","16":"product-type-simple"},"_links":{"self":[{"href":"https:\/\/editura-unibuc.ro\/en\/wp-json\/wp\/v2\/product\/18858","targetHints":{"allow":["GET"]}}],"collection":[{"href":"https:\/\/editura-unibuc.ro\/en\/wp-json\/wp\/v2\/product"}],"about":[{"href":"https:\/\/editura-unibuc.ro\/en\/wp-json\/wp\/v2\/types\/product"}],"replies":[{"embeddable":true,"href":"https:\/\/editura-unibuc.ro\/en\/wp-json\/wp\/v2\/comments?post=18858"}],"wp:featuredmedia":[{"embeddable":true,"href":"https:\/\/editura-unibuc.ro\/en\/wp-json\/wp\/v2\/media\/18859"}],"wp:attachment":[{"href":"https:\/\/editura-unibuc.ro\/en\/wp-json\/wp\/v2\/media?parent=18858"}],"wp:term":[{"taxonomy":"product_brand","embeddable":true,"href":"https:\/\/editura-unibuc.ro\/en\/wp-json\/wp\/v2\/product_brand?post=18858"},{"taxonomy":"product_cat","embeddable":true,"href":"https:\/\/editura-unibuc.ro\/en\/wp-json\/wp\/v2\/product_cat?post=18858"},{"taxonomy":"product_tag","embeddable":true,"href":"https:\/\/editura-unibuc.ro\/en\/wp-json\/wp\/v2\/product_tag?post=18858"}],"curies":[{"name":"wp","href":"https:\/\/api.w.org\/{rel}","templated":true}]}}