{"id":18862,"date":"2017-06-02T11:23:57","date_gmt":"2017-06-02T08:23:57","guid":{"rendered":"https:\/\/editura-unibuc.ro\/?post_type=product&#038;p=18862"},"modified":"2020-01-20T12:22:26","modified_gmt":"2020-01-20T10:22:26","slug":"lingvistica-generala-lingvistica-formala-lingvistica-computationala-omagiu-profesorului-emil-ionescu-la-60-de-ani","status":"publish","type":"product","link":"https:\/\/editura-unibuc.ro\/en\/lingvistica-generala-lingvistica-formala-lingvistica-computationala-omagiu-profesorului-emil-ionescu-la-60-de-ani\/","title":{"rendered":"LINGVISTIC\u0102 GENERAL\u0102, LINGVISTIC\u0102 FORMAL\u0102, LINGVISTIC\u0102 COMPUTA\u0162IONAL\u0102 &#8211; OMAGIU PROFESORULUI EMIL IONESCU LA 60 DE ANI"},"content":{"rendered":"<p>Volumul actual propune o colec\u021bie de lucr\u0103ri pe teme de lingvistic\u0103 general\u0103 \u0219i formal\u0103 cu elemente de lingvistic\u0103 computa\u021bional\u0103, experimental\u0103 \u0219i de corpus: articolele trateaz\u0103 aspecte semantice \u0219i sintactice ale nega\u021biei \u00een limba rom\u00e2n\u0103, modalitate, valen\u021b\u0103 verbal\u0103 \u0219i structur\u0103 argumental\u0103, investiga\u021bii comparative ale dialectelor rom\u00e2ne\u0219ti sud-dun\u0103rene.<br \/>\nVolumul este dedicat profesorului Emil Ionescu la \u00eemplinirea v\u00e2rstei de 60 de ani, a c\u0103rui activitate universitar\u0103 reprezint\u0103 un efort continuu de a \u00eembina cele trei subdiscipline lingvistice: lingvistica general\u0103, lingvistica formal\u0103 \u0219i lingvistica computa\u021bional\u0103.<br \/>\nCartea se adreseaz\u0103 at\u00e2t cercet\u0103torilor \u00een domeniu, c\u00e2t \u0219i studen\u021bilor din ciclul superior de studii.<\/p>\n","protected":false},"excerpt":{"rendered":"<p>Volumul actual propune o colec\u021bie de lucr\u0103ri pe teme de lingvistic\u0103 general\u0103 \u0219i formal\u0103 cu elemente de lingvistic\u0103 computa\u021bional\u0103, experimental\u0103 \u0219i de corpus: articolele trateaz\u0103 aspecte semantice \u0219i sintactice ale nega\u021biei \u00een limba rom\u00e2n\u0103, modalitate, valen\u021b\u0103 verbal\u0103 \u0219i structur\u0103 argumental\u0103, investiga\u021bii comparative ale dialectelor rom\u00e2ne\u0219ti sud-dun\u0103rene. Volumul este dedicat profesorului Emil Ionescu la \u00eemplinirea v\u00e2rstei [&hellip;]<\/p>\n","protected":false},"featured_media":18863,"comment_status":"open","ping_status":"closed","template":"","meta":[],"product_brand":[],"product_cat":[1531,2509,1464,979],"product_tag":[2629,2628,2627,2630],"class_list":{"0":"post-18862","1":"product","2":"type-product","3":"status-publish","4":"has-post-thumbnail","6":"product_cat-colectii","7":"product_cat-personalitati-ale-universitatii-din-bucuresti","8":"product_cat-filologie","9":"product_cat-limba-romana","10":"product_tag-lingvistica-computationala","11":"product_tag-lingvistica-formala","12":"product_tag-lingvistica-generala","13":"product_tag-prof-emil-ionescu","15":"first","16":"outofstock","17":"shipping-taxable","18":"purchasable","19":"product-type-simple"},"_links":{"self":[{"href":"https:\/\/editura-unibuc.ro\/en\/wp-json\/wp\/v2\/product\/18862","targetHints":{"allow":["GET"]}}],"collection":[{"href":"https:\/\/editura-unibuc.ro\/en\/wp-json\/wp\/v2\/product"}],"about":[{"href":"https:\/\/editura-unibuc.ro\/en\/wp-json\/wp\/v2\/types\/product"}],"replies":[{"embeddable":true,"href":"https:\/\/editura-unibuc.ro\/en\/wp-json\/wp\/v2\/comments?post=18862"}],"wp:featuredmedia":[{"embeddable":true,"href":"https:\/\/editura-unibuc.ro\/en\/wp-json\/wp\/v2\/media\/18863"}],"wp:attachment":[{"href":"https:\/\/editura-unibuc.ro\/en\/wp-json\/wp\/v2\/media?parent=18862"}],"wp:term":[{"taxonomy":"product_brand","embeddable":true,"href":"https:\/\/editura-unibuc.ro\/en\/wp-json\/wp\/v2\/product_brand?post=18862"},{"taxonomy":"product_cat","embeddable":true,"href":"https:\/\/editura-unibuc.ro\/en\/wp-json\/wp\/v2\/product_cat?post=18862"},{"taxonomy":"product_tag","embeddable":true,"href":"https:\/\/editura-unibuc.ro\/en\/wp-json\/wp\/v2\/product_tag?post=18862"}],"curies":[{"name":"wp","href":"https:\/\/api.w.org\/{rel}","templated":true}]}}