{"id":18886,"date":"2017-06-07T14:59:39","date_gmt":"2017-06-07T11:59:39","guid":{"rendered":"https:\/\/editura-unibuc.ro\/?post_type=product&#038;p=18886"},"modified":"2022-05-10T12:39:20","modified_gmt":"2022-05-10T09:39:20","slug":"evaluarea-argumentelor-rationale-in-favoarea-existentei-lui-dumnezeu-din-perspectiva-apologeticii-ortodoxe","status":"publish","type":"product","link":"https:\/\/editura-unibuc.ro\/en\/evaluarea-argumentelor-rationale-in-favoarea-existentei-lui-dumnezeu-din-perspectiva-apologeticii-ortodoxe\/","title":{"rendered":"EVALUAREA ARGUMENTELOR RA\u0162IONALE \u00ceN FAVOAREA EXISTEN\u0162EI LUI DUMNEZEU, DIN PERSPECTIVA APOLOGETICII ORTODOXE"},"content":{"rendered":"<p>Demersul de cercetare al acestei lucr\u0103ri se concentreaz\u0103 asupra a cinci argumente : argumentul istoric, argumentul ontologic, argumentul cauzalit\u0103\u0163ii (cosmologic), argumentul teleologic (argumentul proiectului) \u015fi argumentul moral.<\/p>\n","protected":false},"excerpt":{"rendered":"<p>Demersul de cercetare al acestei lucr\u0103ri se concentreaz\u0103 asupra a cinci argumente : argumentul istoric, argumentul ontologic, argumentul cauzalit\u0103\u0163ii (cosmologic), argumentul teleologic (argumentul proiectului) \u015fi argumentul moral.<\/p>\n","protected":false},"featured_media":18887,"comment_status":"open","ping_status":"closed","template":"","meta":[],"product_brand":[],"product_cat":[1531,2597,991,999],"product_tag":[2638,2637,1023,2636,2635,1021],"class_list":{"0":"post-18886","1":"product","2":"type-product","3":"status-publish","4":"has-post-thumbnail","6":"product_cat-colectii","7":"product_cat-studia-theologica","8":"product_cat-stiinte-sociale","9":"product_cat-teologie","10":"product_tag-apologetica-ortodoxa","11":"product_tag-credinta","12":"product_tag-crestinism","13":"product_tag-dumnezeu","14":"product_tag-laura-stifter","15":"product_tag-teologie","17":"first","18":"outofstock","19":"shipping-taxable","20":"purchasable","21":"product-type-simple"},"_links":{"self":[{"href":"https:\/\/editura-unibuc.ro\/en\/wp-json\/wp\/v2\/product\/18886","targetHints":{"allow":["GET"]}}],"collection":[{"href":"https:\/\/editura-unibuc.ro\/en\/wp-json\/wp\/v2\/product"}],"about":[{"href":"https:\/\/editura-unibuc.ro\/en\/wp-json\/wp\/v2\/types\/product"}],"replies":[{"embeddable":true,"href":"https:\/\/editura-unibuc.ro\/en\/wp-json\/wp\/v2\/comments?post=18886"}],"wp:featuredmedia":[{"embeddable":true,"href":"https:\/\/editura-unibuc.ro\/en\/wp-json\/wp\/v2\/media\/18887"}],"wp:attachment":[{"href":"https:\/\/editura-unibuc.ro\/en\/wp-json\/wp\/v2\/media?parent=18886"}],"wp:term":[{"taxonomy":"product_brand","embeddable":true,"href":"https:\/\/editura-unibuc.ro\/en\/wp-json\/wp\/v2\/product_brand?post=18886"},{"taxonomy":"product_cat","embeddable":true,"href":"https:\/\/editura-unibuc.ro\/en\/wp-json\/wp\/v2\/product_cat?post=18886"},{"taxonomy":"product_tag","embeddable":true,"href":"https:\/\/editura-unibuc.ro\/en\/wp-json\/wp\/v2\/product_tag?post=18886"}],"curies":[{"name":"wp","href":"https:\/\/api.w.org\/{rel}","templated":true}]}}