{"id":1897,"date":"2012-09-11T09:34:59","date_gmt":"2012-09-11T06:34:59","guid":{"rendered":"https:\/\/editura-unibuc.ro\/?p=1897"},"modified":"2023-10-17T09:12:45","modified_gmt":"2023-10-17T06:12:45","slug":"mitologia-greco-romana-curs-atelier","status":"publish","type":"product","link":"https:\/\/editura-unibuc.ro\/en\/mitologia-greco-romana-curs-atelier\/","title":{"rendered":"GREEK AND ROMAN MYTHOLOGY &#8211; WORKSHOP COURSE"},"content":{"rendered":"<p>Cursul-atelier de mitologie greco-roman\u0103 propune o incursiune \u00een istoria mitocritic\u0103, \u00eencep\u00e2nd cu scrierile teoretice ale Greciei antice \u0219i sf\u00e2r\u0219ind cu cele moderne. Autoarea studiului abordeaz\u0103, printre altele, problema apari\u021biei primelor \u00eencerc\u0103ri ale hermeneuticii eline \u00een operele celor dint\u00e2i logografi greci, des\u0103v\u00e2r\u0219ite apoi de criticile acide, ra\u021bionaliste ale istoricilor sau de formul\u0103rile savante oferite de scrierile filosofice. \u00cen cuprinsul volumului se reg\u0103se\u0219te un scurt rezumat al diferitelor forme de interpretare a dihotomiei mitologie-religie, urmat\u0103 de o discu\u021bie asupra mitologiei ca \u0219tiin\u021b\u0103 a controlului \u0219i coeren\u021bei, conturat\u0103 odat\u0103 cu epopeile homerice \u0219i cristalizat\u0103 ulterior \u00een celebrele poeme hesiodice.<\/p>","protected":false},"excerpt":{"rendered":"<p>Cursul-atelier de mitologie greco-roman\u0103 propune o incursiune \u00een istoria mitocritic\u0103, \u00eencep\u00e2nd cu scrierile teoretice ale Greciei antice \u0219i sf\u00e2r\u0219ind cu cele moderne. Autoarea studiului abordeaz\u0103, printre altele, problema apari\u021biei primelor \u00eencerc\u0103ri ale hermeneuticii eline \u00een operele celor dint\u00e2i logografi greci, des\u0103v\u00e2r\u0219ite apoi de criticile acide, ra\u021bionaliste ale istoricilor sau de formul\u0103rile savante oferite de scrierile [&hellip;]<\/p>\n","protected":false},"featured_media":10975,"comment_status":"open","ping_status":"closed","template":"","meta":[],"product_brand":[],"product_cat":[1531,2509,991,995],"product_tag":[923,944],"class_list":{"0":"post-1897","1":"product","2":"type-product","3":"status-publish","4":"has-post-thumbnail","6":"product_cat-colectii","7":"product_cat-personalitati-ale-universitatii-din-bucuresti","8":"product_cat-stiinte-sociale","9":"product_cat-istorie-stiinte-politice","10":"product_tag-clasice","11":"product_tag-mitologie","13":"first","14":"outofstock","15":"shipping-taxable","16":"purchasable","17":"product-type-simple"},"_links":{"self":[{"href":"https:\/\/editura-unibuc.ro\/en\/wp-json\/wp\/v2\/product\/1897","targetHints":{"allow":["GET"]}}],"collection":[{"href":"https:\/\/editura-unibuc.ro\/en\/wp-json\/wp\/v2\/product"}],"about":[{"href":"https:\/\/editura-unibuc.ro\/en\/wp-json\/wp\/v2\/types\/product"}],"replies":[{"embeddable":true,"href":"https:\/\/editura-unibuc.ro\/en\/wp-json\/wp\/v2\/comments?post=1897"}],"wp:featuredmedia":[{"embeddable":true,"href":"https:\/\/editura-unibuc.ro\/en\/wp-json\/wp\/v2\/media\/10975"}],"wp:attachment":[{"href":"https:\/\/editura-unibuc.ro\/en\/wp-json\/wp\/v2\/media?parent=1897"}],"wp:term":[{"taxonomy":"product_brand","embeddable":true,"href":"https:\/\/editura-unibuc.ro\/en\/wp-json\/wp\/v2\/product_brand?post=1897"},{"taxonomy":"product_cat","embeddable":true,"href":"https:\/\/editura-unibuc.ro\/en\/wp-json\/wp\/v2\/product_cat?post=1897"},{"taxonomy":"product_tag","embeddable":true,"href":"https:\/\/editura-unibuc.ro\/en\/wp-json\/wp\/v2\/product_tag?post=1897"}],"curies":[{"name":"wp","href":"https:\/\/api.w.org\/{rel}","templated":true}]}}