{"id":1906,"date":"2012-09-11T09:44:17","date_gmt":"2012-09-11T06:44:17","guid":{"rendered":"https:\/\/editura-unibuc.ro\/?p=1906"},"modified":"2025-08-07T11:58:28","modified_gmt":"2025-08-07T08:58:28","slug":"studia-mediaevalia","status":"publish","type":"product","link":"https:\/\/editura-unibuc.ro\/en\/studia-mediaevalia\/","title":{"rendered":"STUDIA MEDIAEVALIA"},"content":{"rendered":"<p>Lucrarea, conceput\u0103 sub forma unei suite de studii referitoare la constituirea \u0219i evolu\u021bia filologiei latine medievale, la definirea conceptelor de mediolatin\u0103, neolatin\u0103 \u0219i latin\u0103 de cancelarie, la principiile de editare \u0219i traducere ale documentelor diplomatice \u0219i la tr\u0103s\u0103turle lingvistice ale latinei de cancelarie din \u021a\u0103rile Rom\u00e2ne, este rodul unor cercet\u0103ri \u00eentreprinse cu privire la medio-neolatina din \u021a\u0103rile Rom\u00e2ne, pe durata a trei decenii.<\/p>\n","protected":false},"excerpt":{"rendered":"<p>Lucrarea, conceput\u0103 sub forma unei suite de studii referitoare la constituirea \u0219i evolu\u021bia filologiei latine medievale, la definirea conceptelor de mediolatin\u0103, neolatin\u0103 \u0219i latin\u0103 de cancelarie, la principiile de editare \u0219i traducere ale documentelor diplomatice \u0219i la tr\u0103s\u0103turle lingvistice ale latinei de cancelarie din \u021a\u0103rile Rom\u00e2ne, este rodul unor cercet\u0103ri \u00eentreprinse cu privire la medio-neolatina [&hellip;]<\/p>\n","protected":false},"featured_media":10969,"comment_status":"open","ping_status":"closed","template":"","meta":[],"product_brand":[],"product_cat":[856],"product_tag":[863,941],"class_list":{"0":"post-1906","1":"product","2":"type-product","3":"status-publish","4":"has-post-thumbnail","6":"product_cat-colectia-lci-limbi-culturi-identitati","7":"product_tag-evul-mediu","8":"product_tag-latina","10":"first","11":"outofstock","12":"shipping-taxable","13":"purchasable","14":"product-type-simple"},"_links":{"self":[{"href":"https:\/\/editura-unibuc.ro\/en\/wp-json\/wp\/v2\/product\/1906","targetHints":{"allow":["GET"]}}],"collection":[{"href":"https:\/\/editura-unibuc.ro\/en\/wp-json\/wp\/v2\/product"}],"about":[{"href":"https:\/\/editura-unibuc.ro\/en\/wp-json\/wp\/v2\/types\/product"}],"replies":[{"embeddable":true,"href":"https:\/\/editura-unibuc.ro\/en\/wp-json\/wp\/v2\/comments?post=1906"}],"wp:featuredmedia":[{"embeddable":true,"href":"https:\/\/editura-unibuc.ro\/en\/wp-json\/wp\/v2\/media\/10969"}],"wp:attachment":[{"href":"https:\/\/editura-unibuc.ro\/en\/wp-json\/wp\/v2\/media?parent=1906"}],"wp:term":[{"taxonomy":"product_brand","embeddable":true,"href":"https:\/\/editura-unibuc.ro\/en\/wp-json\/wp\/v2\/product_brand?post=1906"},{"taxonomy":"product_cat","embeddable":true,"href":"https:\/\/editura-unibuc.ro\/en\/wp-json\/wp\/v2\/product_cat?post=1906"},{"taxonomy":"product_tag","embeddable":true,"href":"https:\/\/editura-unibuc.ro\/en\/wp-json\/wp\/v2\/product_tag?post=1906"}],"curies":[{"name":"wp","href":"https:\/\/api.w.org\/{rel}","templated":true}]}}