{"id":19071,"date":"2017-06-26T18:12:23","date_gmt":"2017-06-26T15:12:23","guid":{"rendered":"https:\/\/editura-unibuc.ro\/?post_type=product&#038;p=19071"},"modified":"2017-06-26T18:12:23","modified_gmt":"2017-06-26T15:12:23","slug":"evolutionism-vs-constructivism-institutional-perspective-privind-schimbarea-institutionala-in-romania-postcomunista","status":"publish","type":"product","link":"https:\/\/editura-unibuc.ro\/en\/evolutionism-vs-constructivism-institutional-perspective-privind-schimbarea-institutionala-in-romania-postcomunista\/","title":{"rendered":"EVOLU\u0162IONISM VS. CONSTRUCTIVISM INSTITU\u0162IONAL. PERSPECTIVE PRIVIND SCHIMBAREA INSTITU\u0162IONAL\u0102 \u00ceN ROM\u00c2NIA POSTCOMUNIST\u0102"},"content":{"rendered":"<p>\u201eCum evolueaz\u0103 institu\u021biile, de ce evolu\u021bia lor pare s\u0103 fie mai degrab\u0103 independent\u0103 de ce fac oamenii, de ce oamenii cred c\u0103 sunt \u00eendrept\u0103\u021bi\u021bi \u00een a chestiona direc\u021bia acestora, ce pot \u0219i ce ar trebui s\u0103 fac\u0103 ei \u00een acest sens, care sunt implica\u021biile teoretice \u0219i practice alegerilor respective, sunt \u00eentreb\u0103ri care, de\u0219i lipsite de seduc\u021bia \u0219i profunzimea celor metafizice, au provocat \u0219i \u00eenc\u0103 mai provoac\u0103 nu doar puternice controverse filosofice, ci \u0219i teorii \u0219tiin\u021bifice dintre cele mai sofisticate \u0219i rafinate intelectual.<br \/>\nOrientarea \u00een problematica anun\u021bat\u0103 va fi dat\u0103 de dou\u0103 perspective paradigmatice asupra schimb\u0103rilor institu\u021bionale, cea evolu\u021bionist\u0103 \u0219i cea constructivist\u0103, ale c\u0103ror rezultate, chiar dac\u0103 \u00een mare parte criticabile, se consider\u0103 c\u0103 pot fi utilizate concret \u00een trasarea acelor direc\u021bii cele mai probabile dar \u0219i cele mai adecvate de reformare a institu\u021biilor.\u201d<\/p>\n<p><strong>Dorina P\u0103trunsu<\/strong> (n. 1970) este doctor \u00een filosofie \u015fi conferen\u0163iar universitar \u00een cadrul Facult\u0103\u0163ii de Filosofie, Universitatea din Bucure\u0219ti, unde \u0163ine cursuri \u0219i seminarii \u00een domenii precum \u201eInstitu\u0163ii politice \u015fi sociale\u201d, \u201eLibertate \u015fi mentalit\u0103\u0163i\u201d, \u201eFilosofie politic\u0103 \u015fi social\u0103\u201d etc. Preocup\u0103rile \u015ftiin\u0163ifice principale sunt institu\u0163iile \u015fi analiza institu\u0163ional\u0103, fundamentele liberalismului politic, problema drept\u0103\u0163ii sociale \u015fi a egalit\u0103\u0163ii dintre femei \u015fi b\u0103rba\u0163i etc. Autoare a numeroase studii \u015fi articole \u00een domeniile de interes, precum \u015fi a volumului <em>Eficacitate sau democra\u0163ie? Dileme filosofice privind rolul institu\u0163iilor politice democratice<\/em> (2016).<br \/>\n<\/p>","protected":false},"excerpt":{"rendered":"<p>\u201eCum evolueaz\u0103 institu\u021biile, de ce evolu\u021bia lor pare s\u0103 fie mai degrab\u0103 independent\u0103 de ce fac oamenii, de ce oamenii cred c\u0103 sunt \u00eendrept\u0103\u021bi\u021bi \u00een a chestiona direc\u021bia acestora, ce pot \u0219i ce ar trebui s\u0103 fac\u0103 ei \u00een acest sens, care sunt implica\u021biile teoretice \u0219i practice alegerilor respective, sunt \u00eentreb\u0103ri care, de\u0219i lipsite de [&hellip;]<\/p>\n","protected":false},"featured_media":19072,"comment_status":"open","ping_status":"closed","template":"","meta":[],"product_brand":[],"product_cat":[1531,2530,991,994],"product_tag":[2649,2648,2651,2652,2650,1288,932,1121,1039],"class_list":{"0":"post-19071","1":"product","2":"type-product","3":"status-publish","4":"has-post-thumbnail","6":"product_cat-colectii","7":"product_cat-filosofie-practica","8":"product_cat-stiinte-sociale","9":"product_cat-filosofie","10":"product_tag-individ","11":"product_tag-institutii","12":"product_tag-institutionalism","13":"product_tag-modele-institutionaliste","14":"product_tag-organizare-sociala","15":"product_tag-organizatii","16":"product_tag-politica","17":"product_tag-societate","18":"product_tag-sociologie","20":"first","21":"instock","22":"shipping-taxable","23":"purchasable","24":"product-type-simple"},"_links":{"self":[{"href":"https:\/\/editura-unibuc.ro\/en\/wp-json\/wp\/v2\/product\/19071","targetHints":{"allow":["GET"]}}],"collection":[{"href":"https:\/\/editura-unibuc.ro\/en\/wp-json\/wp\/v2\/product"}],"about":[{"href":"https:\/\/editura-unibuc.ro\/en\/wp-json\/wp\/v2\/types\/product"}],"replies":[{"embeddable":true,"href":"https:\/\/editura-unibuc.ro\/en\/wp-json\/wp\/v2\/comments?post=19071"}],"wp:featuredmedia":[{"embeddable":true,"href":"https:\/\/editura-unibuc.ro\/en\/wp-json\/wp\/v2\/media\/19072"}],"wp:attachment":[{"href":"https:\/\/editura-unibuc.ro\/en\/wp-json\/wp\/v2\/media?parent=19071"}],"wp:term":[{"taxonomy":"product_brand","embeddable":true,"href":"https:\/\/editura-unibuc.ro\/en\/wp-json\/wp\/v2\/product_brand?post=19071"},{"taxonomy":"product_cat","embeddable":true,"href":"https:\/\/editura-unibuc.ro\/en\/wp-json\/wp\/v2\/product_cat?post=19071"},{"taxonomy":"product_tag","embeddable":true,"href":"https:\/\/editura-unibuc.ro\/en\/wp-json\/wp\/v2\/product_tag?post=19071"}],"curies":[{"name":"wp","href":"https:\/\/api.w.org\/{rel}","templated":true}]}}