{"id":19077,"date":"2017-06-26T18:19:08","date_gmt":"2017-06-26T15:19:08","guid":{"rendered":"https:\/\/editura-unibuc.ro\/?post_type=product&#038;p=19077"},"modified":"2020-07-30T12:41:34","modified_gmt":"2020-07-30T09:41:34","slug":"sfintele-si-dumnezeiestile-canoane-in-biserica-intre-traditie-ecleziala-si-necesitate-pastorala-o-analiza-a-izvoarelor-teologiei-canonice-in-actualul-context-ecleziologic","status":"publish","type":"product","link":"https:\/\/editura-unibuc.ro\/en\/sfintele-si-dumnezeiestile-canoane-in-biserica-intre-traditie-ecleziala-si-necesitate-pastorala-o-analiza-a-izvoarelor-teologiei-canonice-in-actualul-context-ecleziologic\/","title":{"rendered":"SFINTELE \u015eI DUMNEZEIE\u015eTILE CANOANE \u00ceN BISERIC\u0102: \u00ceNTRE TRADI\u0162IE ECLEZIAL\u0102 \u015eI NECESITATE PASTORAL\u0102: O ANALIZ\u0102 A IZVOARELOR TEOLOGIEI CANONICE \u00ceN ACTUALUL CONTEXT ECLEZIOLOGIC"},"content":{"rendered":"<p>Georgic\u0103 Grigori\u0163\u0103 este un teolog ortodox rom\u00e2n n\u0103scut \u00een 1978 la Gala\u021bi. Dup\u0103 studii de licen\u021b\u0103 la Facultatea de Teologie Ortodox\u0103 \u201eJustinian Patriarhul\u201d a Universit\u0103\u021bii din Bucure\u0219ti, a urmat dou\u0103 specializ\u0103ri de Master la aceea\u0219i facultate. \u00cen iunie 2003 a ob\u021binut licen\u021ba \u00een drept canonic la Facultatea de Drept Canonic a Universit\u0103\u0163ii Pontificale Gregoriene (Cetatea Vaticanului), iar din 2006 a fost admis \u00een programul european inter-universitar de formare doctoral\u0103 Gratianus, desf\u0103\u015furat la Paris (Fran\u0163a), pe care l-a absolvit \u00een 2007. \u00cen iunie 2010 \u015fi-a sus\u021binut teza de doctorat \u00een drept canonic la Universitatea Pontifical\u0103 Gregorian\u0103, ob\u021bin\u00e2nd calificativul Summa cum laude.<br \/>\nBeneficiar al unor stagii de studiu \u015fi cercetare la prestigioase centre universitare (Paris \u015fi Strasbourg \u2013 Fran\u0163a, Regensburg \u2013 Germania, Roma \u0219i Bologna \u2013 Italia, Sankt Petersburg \u2013 Rusia, etc.), a publicat numeroase studii \u015fi articole de specialitate, printre care \u015fi trei volume individuale: \u201cIl concetto di Ecclesia sui iuris. Un\u2019indagine storica, giuridica e canonica\u201d (Roma, 2007), \u201cL\u2019autonomie eccl\u00e9siastique selon la l\u00e9gislation canonique actuelle de l\u2019\u00c9glise orthodoxe et de l\u2019\u00c9glise catholique. Etude canonique comparative\u201d (Roma, 2011) \u0219i \u201cProcedura statutar\u0103 a alegerii de ierarhi \u00een Biserica Ortodox\u0103 Rom\u00e2n\u0103\u201d (Bucure\u015fti, 2015). A participat la numeroase congrese, simpozioane \u015fi reuniuni interna\u0163ionale ca specialist sau ca reprezentant al Bisericii Ortodoxe Rom\u00e2ne.<br \/>\n\u00cen prezent, este consilier patriarhal la Cancelaria Sf\u00e2ntului Sinod al Bisericii Ortodoxe Rom\u00e2ne \u015fi pred\u0103 cursuri de drept bisericesc la Facultatea de Teologie Ortodox\u0103 \u201eJustinian Patriarhul\u201d a Universit\u0103\u0163ii din Bucure\u015fti.<\/p>\n","protected":false},"excerpt":{"rendered":"<p>Georgic\u0103 Grigori\u0163\u0103 este un teolog ortodox rom\u00e2n n\u0103scut \u00een 1978 la Gala\u021bi. Dup\u0103 studii de licen\u021b\u0103 la Facultatea de Teologie Ortodox\u0103 \u201eJustinian Patriarhul\u201d a Universit\u0103\u021bii din Bucure\u0219ti, a urmat dou\u0103 specializ\u0103ri de Master la aceea\u0219i facultate. \u00cen iunie 2003 a ob\u021binut licen\u021ba \u00een drept canonic la Facultatea de Drept Canonic a Universit\u0103\u0163ii Pontificale Gregoriene (Cetatea [&hellip;]<\/p>\n","protected":false},"featured_media":19078,"comment_status":"open","ping_status":"closed","template":"","meta":[],"product_brand":[],"product_cat":[1531,2597,991,999],"product_tag":[2655,2656,2654,1355],"class_list":{"0":"post-19077","1":"product","2":"type-product","3":"status-publish","4":"has-post-thumbnail","6":"product_cat-colectii","7":"product_cat-studia-theologica","8":"product_cat-stiinte-sociale","9":"product_cat-teologie","10":"product_tag-canoanele-bisericii","11":"product_tag-drept-bisericesc","12":"product_tag-georgica-grigorita","13":"product_tag-teologie-ortodoxa","15":"first","16":"outofstock","17":"shipping-taxable","18":"purchasable","19":"product-type-simple"},"_links":{"self":[{"href":"https:\/\/editura-unibuc.ro\/en\/wp-json\/wp\/v2\/product\/19077","targetHints":{"allow":["GET"]}}],"collection":[{"href":"https:\/\/editura-unibuc.ro\/en\/wp-json\/wp\/v2\/product"}],"about":[{"href":"https:\/\/editura-unibuc.ro\/en\/wp-json\/wp\/v2\/types\/product"}],"replies":[{"embeddable":true,"href":"https:\/\/editura-unibuc.ro\/en\/wp-json\/wp\/v2\/comments?post=19077"}],"wp:featuredmedia":[{"embeddable":true,"href":"https:\/\/editura-unibuc.ro\/en\/wp-json\/wp\/v2\/media\/19078"}],"wp:attachment":[{"href":"https:\/\/editura-unibuc.ro\/en\/wp-json\/wp\/v2\/media?parent=19077"}],"wp:term":[{"taxonomy":"product_brand","embeddable":true,"href":"https:\/\/editura-unibuc.ro\/en\/wp-json\/wp\/v2\/product_brand?post=19077"},{"taxonomy":"product_cat","embeddable":true,"href":"https:\/\/editura-unibuc.ro\/en\/wp-json\/wp\/v2\/product_cat?post=19077"},{"taxonomy":"product_tag","embeddable":true,"href":"https:\/\/editura-unibuc.ro\/en\/wp-json\/wp\/v2\/product_tag?post=19077"}],"curies":[{"name":"wp","href":"https:\/\/api.w.org\/{rel}","templated":true}]}}