{"id":19079,"date":"2017-06-26T18:21:47","date_gmt":"2017-06-26T15:21:47","guid":{"rendered":"https:\/\/editura-unibuc.ro\/?post_type=product&#038;p=19079"},"modified":"2022-03-15T19:12:35","modified_gmt":"2022-03-15T17:12:35","slug":"slujirea-omiletica-a-mitropolitului-firmilian-marin","status":"publish","type":"product","link":"https:\/\/editura-unibuc.ro\/en\/slujirea-omiletica-a-mitropolitului-firmilian-marin\/","title":{"rendered":"SLUJIREA OMILETIC\u0102 A MITROPOLITULUI FIRMILIAN MARIN"},"content":{"rendered":"<p>\u201c\u00cent\u00e2i de toate, not\u0103m faptul c\u0103 personalitatea mitropolitului Firmilian al Olteniei, de\u015fi bine cunoscut\u0103 \u00een plan pastoral-administrativ, \u00een general, este mai pu\u0163in cunoscut\u0103 \u00een planul slujirii omiletice. \u00cen acela\u015fi timp, istoria predicii din Biserica Ortodox\u0103 Rom\u00e2n\u0103 pentru secolul al XX-lea este cunoscut\u0103 doar \u00een linii mari, iar detalierea pe sec\u0163iuni (perioade) \u015fi personalit\u0103\u0163i aduce un plus de informa\u0163ii, deosebit de utile pentru cei interesa\u0163i \u00eentr-un subiect sau altul. Volumul de fa\u0163\u0103 se \u00eenscrie, astfel, \u00een \u015firul lucr\u0103rilor de prezentare, analize \u015fi aprofund\u0103ri omiletice, cu o structur\u0103 sistematic\u0103 \u015fi unitar\u0103\u201d (Pr. prof. univ. dr. Vasile Gordon)<\/p>\n<p>\u201cCartea p\u0103rintelui Nicu\u015for Beldiman este un filon de aur omiletic, spre care se vor \u00eendrepta mul\u0163i preo\u0163i \u015fi teologi \u00een c\u0103utarea comorilor de g\u00e2nd \u015fi sim\u0163ire ortodox\u0103 rom\u00e2neasc\u0103 din perioada de mari \u00eencerc\u0103ri pentru neamul nostru, \u00een care s-au remarcat multe chipuri de hrisostomi rom\u00e2ni, a\u015fa cum a fost \u015fi neobositul ierarh Firmilian Marin\u201d (Pr. conf. univ. dr. Miron Erdei)<\/p>\n","protected":false},"excerpt":{"rendered":"<p>\u201c\u00cent\u00e2i de toate, not\u0103m faptul c\u0103 personalitatea mitropolitului Firmilian al Olteniei, de\u015fi bine cunoscut\u0103 \u00een plan pastoral-administrativ, \u00een general, este mai pu\u0163in cunoscut\u0103 \u00een planul slujirii omiletice. \u00cen acela\u015fi timp, istoria predicii din Biserica Ortodox\u0103 Rom\u00e2n\u0103 pentru secolul al XX-lea este cunoscut\u0103 doar \u00een linii mari, iar detalierea pe sec\u0163iuni (perioade) \u015fi personalit\u0103\u0163i aduce un [&hellip;]<\/p>\n","protected":false},"featured_media":19080,"comment_status":"open","ping_status":"closed","template":"","meta":[],"product_brand":[],"product_cat":[1531,2597,991,999],"product_tag":[2273,2658,2542,2536,1021],"class_list":{"0":"post-19079","1":"product","2":"type-product","3":"status-publish","4":"has-post-thumbnail","6":"product_cat-colectii","7":"product_cat-studia-theologica","8":"product_cat-stiinte-sociale","9":"product_cat-teologie","10":"product_tag-biserica-ortodoxa-romana","11":"product_tag-mitropolitul-firmilian-marin","12":"product_tag-nicusor-beldiman","13":"product_tag-predici","14":"product_tag-teologie","16":"first","17":"outofstock","18":"shipping-taxable","19":"purchasable","20":"product-type-simple"},"_links":{"self":[{"href":"https:\/\/editura-unibuc.ro\/en\/wp-json\/wp\/v2\/product\/19079","targetHints":{"allow":["GET"]}}],"collection":[{"href":"https:\/\/editura-unibuc.ro\/en\/wp-json\/wp\/v2\/product"}],"about":[{"href":"https:\/\/editura-unibuc.ro\/en\/wp-json\/wp\/v2\/types\/product"}],"replies":[{"embeddable":true,"href":"https:\/\/editura-unibuc.ro\/en\/wp-json\/wp\/v2\/comments?post=19079"}],"wp:featuredmedia":[{"embeddable":true,"href":"https:\/\/editura-unibuc.ro\/en\/wp-json\/wp\/v2\/media\/19080"}],"wp:attachment":[{"href":"https:\/\/editura-unibuc.ro\/en\/wp-json\/wp\/v2\/media?parent=19079"}],"wp:term":[{"taxonomy":"product_brand","embeddable":true,"href":"https:\/\/editura-unibuc.ro\/en\/wp-json\/wp\/v2\/product_brand?post=19079"},{"taxonomy":"product_cat","embeddable":true,"href":"https:\/\/editura-unibuc.ro\/en\/wp-json\/wp\/v2\/product_cat?post=19079"},{"taxonomy":"product_tag","embeddable":true,"href":"https:\/\/editura-unibuc.ro\/en\/wp-json\/wp\/v2\/product_tag?post=19079"}],"curies":[{"name":"wp","href":"https:\/\/api.w.org\/{rel}","templated":true}]}}