{"id":19081,"date":"2017-06-26T18:23:39","date_gmt":"2017-06-26T15:23:39","guid":{"rendered":"https:\/\/editura-unibuc.ro\/?post_type=product&#038;p=19081"},"modified":"2025-04-30T12:36:59","modified_gmt":"2025-04-30T09:36:59","slug":"microbiologie-generala-si-aplicata","status":"publish","type":"product","link":"https:\/\/editura-unibuc.ro\/en\/microbiologie-generala-si-aplicata\/","title":{"rendered":"MICROBIOLOGIE GENERAL\u0102 \u015eI APLICAT\u0102"},"content":{"rendered":"<p>\u201c[\u2026] Cum o lume lipsit\u0103 de microorganisme, aseptic\u0103, nu este posibil\u0103 \u015fi nici de dorit, este cu at\u00e2t mai important\u0103 cunoa\u015fterea microorganismelor, at\u00e2t a celor generatoare de boal\u0103, cuno\u015ftin\u0163e pe care se bazeaz\u0103 metodele de diagnostic \u015fi de profilaxie a bolilor infec\u0163ioase, c\u00e2t \u015fi a celor utile, at\u00e2t din punct de vedere medical (datorit\u0103 efectului lor antagonist manifestat fa\u0163\u0103 de agen\u0163ii patogeni), c\u00e2t \u015fi ecologic (bazat pe marea lor capacitate biodegradativ\u0103 a substan\u0163elor greu biodegradabile, inclusiv a celor xenobiotice, poluante) \u015fi biotehnologic (pentru ob\u0163inerea de produ\u015fi utili, de interes alimentar, medical, industrial\/economic).\u201d<\/p>\n<p><strong>Veronica Laz\u0103r<\/strong> este cadru didactic universitar din 1987, la Fac. de Biologie (UB) &#8211; Lab. de Microbiologie \u2013 Imunologie, parcurg\u00e2nd toate treptele ierarhiei universitare. \u00cen prezent este profesor, Director al Depart. de Botanic\u0103 &#8211; Microbiologie din Fac. de Biologie, CSI \u00een Centrul de Cercetare MICROGEN \u0219i ICUB. \u00cen calitate de cadru didactic a predat\/pred\u0103: <em>Microbiologie general\u0103 <\/em><em>\u0219<\/em><em>i medical\u0103, Ecologie microbian\u0103, Imunobiologie, Imunopatologie<\/em>. Este conduc\u0103tor de doctorat (2007) \u0219i a condus 21 teze de doctorat, finalizate. A coordonat 19 contracte de cercetare na\u021bionale \u0219i interna\u021bionale, a fost membru cheie \u00een 2 proiecte interna\u021bionale, ca \u0219i \u00een echipa de cercetare a altor 20 de contracte. A primit invita\u021bii pentru a \u021bine conferin\u021be \u00een \u021bar\u0103 \u0219i str\u0103in\u0103tate, pe tema <em>Biofilmelor microbiene<\/em> (principala sa direc\u021bie de cercetare) \u2013 mecanisme de formare, toleran\u021ba celulelor din biofilme la substan\u021be antimicrobiene, metode de combatere. Activitatea sa a condus la elaborarea a 12 c\u0103r\u021bi (ca unic, prim autor sau coautor) \u0219i 20 capitole de carte, 4 Brevete de inven\u021bie (la 2 fiind prim autor) \u0219i a peste 300 de articole. A primit Premiul Acad. Rom\u00e2ne \u201eEm. Racovi\u0163\u0103\u201d\/23.12.2005, pentru monografia<em> \u201eAderen<\/em><em>\u021ba microbian<\/em><em>\u0103\u201d<\/em> publ. la <em>Ed. Acad. Rom.<\/em> (2003)<em>. <\/em><\/p>\n<p><strong>Lumini\u021ba Gabriela M\u0103ru\u021bescu<\/strong> \u0219i-a \u00eenceput activitatea de predare \u0219i cercetare la Universitatea din Bucure\u0219ti (UB) \u00een anul 2008. \u00cen perioada 2012-2014, a ocupat pozi\u021bia de lector universitar, la departamentul de Botanic\u0103-Microbiologie condus de Prof. Veronica Laz\u0103r. Activitatea de predare a cuprins cursuri \u0219i lucr\u0103ri practice de <em>Microbiologie industrial\u0103, Ecologie microbian\u0103, Taxonomie microbian\u0103<\/em>. \u00cen prezent este cercet\u0103tor la Institutul de Cercet\u0103ri al UB \u0219i cadru didactic colaborator al cursului <em>Aplica<\/em><em>\u021bii ale metodei citometriei \u00een flux \u00een microbiologie.<\/em> Este microbiolog specialist \u00een citometrie \u00een flux, fapt confirmat \u0219i de pozi\u021bia sa oficial\u0103 de secretar al Asocia\u021biei Rom\u00e2ne de Citometrie. Activitatea \u0219tiin\u021bific\u0103 s-a concretizat prin participarea \u00een calitate de responsabil \u0219tiintific \u0219i membru al echipelor de lucru \u00een cadrul a peste 20 proiecte de cercetare na\u021bionale \u0219i interna\u021bionale. Este co-autor la 2 car\u021bi \u0219i peste 50 de lucr\u0103ri \u0219tiin\u021bifice.<\/p>\n<p><strong>Mariana Carmen Chifiriuc<\/strong> \u0219i-a \u00eenceput cariera universitar\u0103 la Universitatea din Bucure\u015fti (UB) \u00een 2002, iar \u00een prezent este profesor abilitat la departamentul de Botanic\u0103-Microbiologie condus de Prof. Veronica Laz\u0103r \u0219i coordonatorul sec\u021biunii \u0218tiin\u021bele Vie\u021bii, Mediului \u0219i P\u0103m\u00e2ntului din cadrul Institutului de Cercet\u0103ri al UB. Activitatea de predare const\u0103 \u00een cursuri \u0219i lucr\u0103ri practice de <em>Imunobiologie, Microbiologie medical\u0103, Imunologie clinic\u0103, <\/em>adresate studen\u021bilor de la ciclurile de licen\u021b\u0103 \u0219i masterat, la care se adaug\u0103 cursuri de preg\u0103tire continu\u0103 pentru speciali\u0219tii din laboratorul clinic. A coordonat 9 proiecte de cercetare na\u021bionale, a fost membru cheie \u00een 4 proiecte interna\u021bionale \u0219i membru \u00een echipa de cercetare a peste 40 de proiecte na\u021bionale \u0219i interna\u021bionale. Principala direc\u021bie de cercetare este investigarea rezisten\u021bei la antibiotice (epidemiologie, mecanisme, strategii de combatere). Este co-autor la 12 c\u0103r\u0163i, dintre care 4 monografii, 11 brevete de inven\u0163ie, &gt;200 de lucr\u0103ri.<\/p>\n","protected":false},"excerpt":{"rendered":"<p>\u201c[\u2026] Cum o lume lipsit\u0103 de microorganisme, aseptic\u0103, nu este posibil\u0103 \u015fi nici de dorit, este cu at\u00e2t mai important\u0103 cunoa\u015fterea microorganismelor, at\u00e2t a celor generatoare de boal\u0103, cuno\u015ftin\u0163e pe care se bazeaz\u0103 metodele de diagnostic \u015fi de profilaxie a bolilor infec\u0163ioase, c\u00e2t \u015fi a celor utile, at\u00e2t din punct de vedere medical (datorit\u0103 efectului [&hellip;]<\/p>\n","protected":false},"featured_media":19082,"comment_status":"open","ping_status":"closed","template":"","meta":[],"product_brand":[],"product_cat":[1531,2659,1466,988],"product_tag":[2665,2663,1926,2661,2664,2662,2660],"class_list":{"0":"post-19081","1":"product","2":"type-product","3":"status-publish","4":"has-post-thumbnail","6":"product_cat-colectii","7":"product_cat-stiinte-biologice-si-biomedicale","8":"product_cat-stiinte-ale-naturii","9":"product_cat-biologie","10":"product_tag-biotehnologie","11":"product_tag-ecologie-microbiana","12":"product_tag-microbiologie","13":"product_tag-microbiologie-generala","14":"product_tag-microbiologie-industrial","15":"product_tag-microbiologie-medicala","16":"product_tag-veronica-lazar","18":"first","19":"outofstock","20":"shipping-taxable","21":"purchasable","22":"product-type-simple"},"_links":{"self":[{"href":"https:\/\/editura-unibuc.ro\/en\/wp-json\/wp\/v2\/product\/19081","targetHints":{"allow":["GET"]}}],"collection":[{"href":"https:\/\/editura-unibuc.ro\/en\/wp-json\/wp\/v2\/product"}],"about":[{"href":"https:\/\/editura-unibuc.ro\/en\/wp-json\/wp\/v2\/types\/product"}],"replies":[{"embeddable":true,"href":"https:\/\/editura-unibuc.ro\/en\/wp-json\/wp\/v2\/comments?post=19081"}],"wp:featuredmedia":[{"embeddable":true,"href":"https:\/\/editura-unibuc.ro\/en\/wp-json\/wp\/v2\/media\/19082"}],"wp:attachment":[{"href":"https:\/\/editura-unibuc.ro\/en\/wp-json\/wp\/v2\/media?parent=19081"}],"wp:term":[{"taxonomy":"product_brand","embeddable":true,"href":"https:\/\/editura-unibuc.ro\/en\/wp-json\/wp\/v2\/product_brand?post=19081"},{"taxonomy":"product_cat","embeddable":true,"href":"https:\/\/editura-unibuc.ro\/en\/wp-json\/wp\/v2\/product_cat?post=19081"},{"taxonomy":"product_tag","embeddable":true,"href":"https:\/\/editura-unibuc.ro\/en\/wp-json\/wp\/v2\/product_tag?post=19081"}],"curies":[{"name":"wp","href":"https:\/\/api.w.org\/{rel}","templated":true}]}}