{"id":1910,"date":"2012-09-11T09:47:50","date_gmt":"2012-09-11T06:47:50","guid":{"rendered":"https:\/\/editura-unibuc.ro\/?p=1910"},"modified":"2015-03-12T21:36:07","modified_gmt":"2015-03-12T19:36:07","slug":"mediaevalia-et-neolatina","status":"publish","type":"product","link":"https:\/\/editura-unibuc.ro\/en\/mediaevalia-et-neolatina\/","title":{"rendered":"MEDI\u00c6VALIA ET NEOLATINA"},"content":{"rendered":"<p>,,Sub titlul <strong>Mediaevalia et neolatina <\/strong>sunt reunite \u0219apte studii cu o tematic\u0103 variat\u0103, fiecare dintre ele ilustr\u00e2nd tr\u0103s\u0103turi ale latinei medievale sau neolatinei \u00eent\u00e2lnite \u00een texte de diferite tipuri de pe teritoriul \u021a\u0103rilor Rom\u00e2ne: documente emise de cancelariile domnitorilor rom\u00e2ni (secolele XV-XVI), \u00eensemn\u0103ri de c\u0103l\u0103torie ale unui prelat catolic (secolul al XVII-lea), un disth elegiac din secolul al XVIII-lea, cronica unui preot greco-catolic de etnie ucrainean\u0103 din secolul al XIX-lea \u00een care este afirmat\u0103 ideea de romanitate a rom\u00e2nilor.<\/p>\n<p>Lectura volumului [&#8230;] reprezint\u0103 \u0219i o pledoarie implicit\u0103 pentru sprijinirea \u0219i continuarea cercet\u0103rilor \u00een aceast\u0103 direc\u021bie, tot mai vitregit\u0103 \u00een ultima vreme la noi\u201d. (Prof. univ. dr. Lucia Wald)<\/p>\n","protected":false},"excerpt":{"rendered":"<p>,,Sub titlul Mediaevalia et neolatina sunt reunite \u0219apte studii cu o tematic\u0103 variat\u0103, fiecare dintre ele ilustr\u00e2nd tr\u0103s\u0103turi ale latinei medievale sau neolatinei \u00eent\u00e2lnite \u00een texte de diferite tipuri de pe teritoriul \u021a\u0103rilor Rom\u00e2ne: documente emise de cancelariile domnitorilor rom\u00e2ni (secolele XV-XVI), \u00eensemn\u0103ri de c\u0103l\u0103torie ale unui prelat catolic (secolul al XVII-lea), un disth elegiac [&hellip;]<\/p>\n","protected":false},"featured_media":10966,"comment_status":"open","ping_status":"closed","template":"","meta":[],"product_brand":[],"product_cat":[856],"product_tag":[863,941],"class_list":{"0":"post-1910","1":"product","2":"type-product","3":"status-publish","4":"has-post-thumbnail","6":"product_cat-colectia-lci-limbi-culturi-identitati","7":"product_tag-evul-mediu","8":"product_tag-latina","10":"first","11":"instock","12":"shipping-taxable","13":"purchasable","14":"product-type-simple"},"_links":{"self":[{"href":"https:\/\/editura-unibuc.ro\/en\/wp-json\/wp\/v2\/product\/1910","targetHints":{"allow":["GET"]}}],"collection":[{"href":"https:\/\/editura-unibuc.ro\/en\/wp-json\/wp\/v2\/product"}],"about":[{"href":"https:\/\/editura-unibuc.ro\/en\/wp-json\/wp\/v2\/types\/product"}],"replies":[{"embeddable":true,"href":"https:\/\/editura-unibuc.ro\/en\/wp-json\/wp\/v2\/comments?post=1910"}],"wp:featuredmedia":[{"embeddable":true,"href":"https:\/\/editura-unibuc.ro\/en\/wp-json\/wp\/v2\/media\/10966"}],"wp:attachment":[{"href":"https:\/\/editura-unibuc.ro\/en\/wp-json\/wp\/v2\/media?parent=1910"}],"wp:term":[{"taxonomy":"product_brand","embeddable":true,"href":"https:\/\/editura-unibuc.ro\/en\/wp-json\/wp\/v2\/product_brand?post=1910"},{"taxonomy":"product_cat","embeddable":true,"href":"https:\/\/editura-unibuc.ro\/en\/wp-json\/wp\/v2\/product_cat?post=1910"},{"taxonomy":"product_tag","embeddable":true,"href":"https:\/\/editura-unibuc.ro\/en\/wp-json\/wp\/v2\/product_tag?post=1910"}],"curies":[{"name":"wp","href":"https:\/\/api.w.org\/{rel}","templated":true}]}}