{"id":1916,"date":"2012-09-11T09:54:21","date_gmt":"2012-09-11T06:54:21","guid":{"rendered":"https:\/\/editura-unibuc.ro\/?p=1916"},"modified":"2025-08-07T12:39:51","modified_gmt":"2025-08-07T09:39:51","slug":"textele-antice-si-transmiterea-lor-editia-a-ii-a-revazuta-si-adaugita","status":"publish","type":"product","link":"https:\/\/editura-unibuc.ro\/en\/textele-antice-si-transmiterea-lor-editia-a-ii-a-revazuta-si-adaugita\/","title":{"rendered":"ANTIQUE TEXTS AND THEIR CIRCULATION &#8211; 2ND EDITION REVISED AND EXPANDED"},"content":{"rendered":"<p>\u201eTextele antice \u0219i transmiterea lor\u201d este un studiu structurat \u00een trei p\u0103r\u021bi: Constituirea textelor, Transmiterea textelor, P\u0103strarea textelor. \u00cen prima parte se acord\u0103 mai mult\u0103 aten\u021bie \u201efilologiei\u201d, ca \u0219tiin\u021b\u0103 considerat\u0103 de c\u0103tre autoare ca fiind un studiu aprofundat, bazat pe texte, al unei limbi, al gramaticii \u0219i istoriei sale. \u00cen urm\u0103toarele dou\u0103 capitole ale primei p\u0103r\u021bi este abordat\u0103 tema paleografiei, externe \u0219i interne. Monumentele \u2013 literatur\u0103, arte plastice, Copistul, Abaterile de la model, Tradi\u021bia indirect\u0103 sunt doar c\u00e2teva dintre temele analizate \u00een partea a doua a c\u0103r\u021bii. \u00cen partea a treia, cititorii primesc noi informa\u021bii despre bibliotecile antice, despre nomenclatura codecelor \u0219i despre universit\u0103\u021bile din evul mediu.<\/p>\n","protected":false},"excerpt":{"rendered":"<p>\u201eTextele antice \u0219i transmiterea lor\u201d este un studiu structurat \u00een trei p\u0103r\u021bi: Constituirea textelor, Transmiterea textelor, P\u0103strarea textelor. \u00cen prima parte se acord\u0103 mai mult\u0103 aten\u021bie \u201efilologiei\u201d, ca \u0219tiin\u021b\u0103 considerat\u0103 de c\u0103tre autoare ca fiind un studiu aprofundat, bazat pe texte, al unei limbi, al gramaticii \u0219i istoriei sale. \u00cen urm\u0103toarele dou\u0103 capitole ale primei [&hellip;]<\/p>\n","protected":false},"featured_media":10964,"comment_status":"open","ping_status":"closed","template":"","meta":[],"product_brand":[],"product_cat":[856],"product_tag":[942,923,943],"class_list":{"0":"post-1916","1":"product","2":"type-product","3":"status-publish","4":"has-post-thumbnail","6":"product_cat-colectia-lci-limbi-culturi-identitati","7":"product_tag-antichitate","8":"product_tag-clasice","9":"product_tag-texte","11":"first","12":"outofstock","13":"shipping-taxable","14":"purchasable","15":"product-type-simple"},"_links":{"self":[{"href":"https:\/\/editura-unibuc.ro\/en\/wp-json\/wp\/v2\/product\/1916","targetHints":{"allow":["GET"]}}],"collection":[{"href":"https:\/\/editura-unibuc.ro\/en\/wp-json\/wp\/v2\/product"}],"about":[{"href":"https:\/\/editura-unibuc.ro\/en\/wp-json\/wp\/v2\/types\/product"}],"replies":[{"embeddable":true,"href":"https:\/\/editura-unibuc.ro\/en\/wp-json\/wp\/v2\/comments?post=1916"}],"wp:featuredmedia":[{"embeddable":true,"href":"https:\/\/editura-unibuc.ro\/en\/wp-json\/wp\/v2\/media\/10964"}],"wp:attachment":[{"href":"https:\/\/editura-unibuc.ro\/en\/wp-json\/wp\/v2\/media?parent=1916"}],"wp:term":[{"taxonomy":"product_brand","embeddable":true,"href":"https:\/\/editura-unibuc.ro\/en\/wp-json\/wp\/v2\/product_brand?post=1916"},{"taxonomy":"product_cat","embeddable":true,"href":"https:\/\/editura-unibuc.ro\/en\/wp-json\/wp\/v2\/product_cat?post=1916"},{"taxonomy":"product_tag","embeddable":true,"href":"https:\/\/editura-unibuc.ro\/en\/wp-json\/wp\/v2\/product_tag?post=1916"}],"curies":[{"name":"wp","href":"https:\/\/api.w.org\/{rel}","templated":true}]}}