{"id":19196,"date":"2017-07-03T15:58:02","date_gmt":"2017-07-03T12:58:02","guid":{"rendered":"https:\/\/editura-unibuc.ro\/?post_type=product&#038;p=19196"},"modified":"2020-09-24T17:16:50","modified_gmt":"2020-09-24T14:16:50","slug":"dinamica-vietii-intelectuale-in-bizantul-paleologilor-1261-1453-sub-influenta-polemicii","status":"publish","type":"product","link":"https:\/\/editura-unibuc.ro\/en\/dinamica-vietii-intelectuale-in-bizantul-paleologilor-1261-1453-sub-influenta-polemicii\/","title":{"rendered":"DINAMICA VIE\u0162II INTELECTUALE \u00ceN BIZAN\u0162UL PALEOLOGILOR (1261-1453) SUB INFLUEN\u0162A POLEMICII"},"content":{"rendered":"<p>Acest volum cuprinde patru capitole care ocup\u0103 tot at\u00e2tea mari dispute ale Bizan\u0163ului perioadei 1261-1453 : polemica \u00een leg\u0103tur\u0103 cu rivalitatea Platon \u2013 Aristotel; rela\u0163ia dintre Biserica Ortodox\u0103 a Constantinopolului \u015fi cea Catolic\u0103 a Romei; controversa isihast\u0103, dintre Sf\u00e2ntu Grigorie Palama \u015fi Varlaam, mai precis \u00eentre modul practic \u00een care c\u0103lug\u0103rii ortodoc\u015fi ajunseser\u0103 s\u0103-l cunoasc\u0103 pe Dumnezeu \u015fi modul teoretic \u00een care acesta era receptat de latini; \u015fi \u00eenceputul contactului ideatic dintre cre\u015ftinismul ortodox \u015fi islam.<\/p>","protected":false},"excerpt":{"rendered":"<p>Acest volum cuprinde patru capitole care ocup\u0103 tot at\u00e2tea mari dispute ale Bizan\u0163ului perioadei 1261-1453 : polemica \u00een leg\u0103tur\u0103 cu rivalitatea Platon \u2013 Aristotel; rela\u0163ia dintre Biserica Ortodox\u0103 a Constantinopolului \u015fi cea Catolic\u0103 a Romei; controversa isihast\u0103, dintre Sf\u00e2ntu Grigorie Palama \u015fi Varlaam, mai precis \u00eentre modul practic \u00een care c\u0103lug\u0103rii ortodoc\u015fi ajunseser\u0103 s\u0103-l cunoasc\u0103 [&hellip;]<\/p>\n","protected":false},"featured_media":19197,"comment_status":"open","ping_status":"closed","template":"","meta":[],"product_brand":[],"product_cat":[991,999],"product_tag":[2540,1068,2676,2667,2666,2673,2500,2668,921,2672,2200,2670,2677,1875,1375,2674,2675,2669,2671],"class_list":{"0":"post-19196","1":"product","2":"type-product","3":"status-publish","4":"has-post-thumbnail","6":"product_cat-stiinte-sociale","7":"product_cat-teologie","8":"product_tag-apologetica","9":"product_tag-aristotel","10":"product_tag-bizant","11":"product_tag-catolicism","12":"product_tag-constantinopol","13":"product_tag-controversa-isihasta","14":"product_tag-crestinism-ortodox","15":"product_tag-filosofia-greaca","16":"product_tag-filosofie","17":"product_tag-isihasm","18":"product_tag-islam","19":"product_tag-mahomedanism","20":"product_tag-paleologi","21":"product_tag-platon","22":"product_tag-roma","23":"product_tag-rugaciunea-lui-iisus","24":"product_tag-sfantul-grigorie-palama","25":"product_tag-turci","26":"product_tag-varlaam","28":"first","29":"outofstock","30":"shipping-taxable","31":"product-type-simple"},"_links":{"self":[{"href":"https:\/\/editura-unibuc.ro\/en\/wp-json\/wp\/v2\/product\/19196","targetHints":{"allow":["GET"]}}],"collection":[{"href":"https:\/\/editura-unibuc.ro\/en\/wp-json\/wp\/v2\/product"}],"about":[{"href":"https:\/\/editura-unibuc.ro\/en\/wp-json\/wp\/v2\/types\/product"}],"replies":[{"embeddable":true,"href":"https:\/\/editura-unibuc.ro\/en\/wp-json\/wp\/v2\/comments?post=19196"}],"wp:featuredmedia":[{"embeddable":true,"href":"https:\/\/editura-unibuc.ro\/en\/wp-json\/wp\/v2\/media\/19197"}],"wp:attachment":[{"href":"https:\/\/editura-unibuc.ro\/en\/wp-json\/wp\/v2\/media?parent=19196"}],"wp:term":[{"taxonomy":"product_brand","embeddable":true,"href":"https:\/\/editura-unibuc.ro\/en\/wp-json\/wp\/v2\/product_brand?post=19196"},{"taxonomy":"product_cat","embeddable":true,"href":"https:\/\/editura-unibuc.ro\/en\/wp-json\/wp\/v2\/product_cat?post=19196"},{"taxonomy":"product_tag","embeddable":true,"href":"https:\/\/editura-unibuc.ro\/en\/wp-json\/wp\/v2\/product_tag?post=19196"}],"curies":[{"name":"wp","href":"https:\/\/api.w.org\/{rel}","templated":true}]}}