{"id":1921,"date":"2012-09-11T09:59:17","date_gmt":"2012-09-11T06:59:17","guid":{"rendered":"https:\/\/editura-unibuc.ro\/?p=1921"},"modified":"2020-03-11T12:37:07","modified_gmt":"2020-03-11T10:37:07","slug":"elemente-de-fonetica-si-morfosintaxa-latina","status":"publish","type":"product","link":"https:\/\/editura-unibuc.ro\/en\/elemente-de-fonetica-si-morfosintaxa-latina\/","title":{"rendered":"ELEMENTS OF LATIN PHONETICS AND MORPHOSYNTAX"},"content":{"rendered":"<p>Volumul de fa\u021b\u0103, prin excelen\u021b\u0103 descriptiv \u0219i sincronic, urmeaz\u0103 \u00een linii generale ceea ce este deja \u00eencet\u0103\u021benit \u00een tradi\u021bia gramatical\u0103, dar \u00ee\u0219i propune \u00een egal\u0103 m\u0103sur\u0103 s\u0103 fie o punte de leg\u0103tur\u0103 spre fonetica istoric\u0103, spre morfologia istoric\u0103 \u0219i spre terminologia lingvistic\u0103 actual\u0103. Planul general al lucr\u0103rii \u00eel respect\u0103 pe cel tradi\u021bional. La sf\u00e2r\u0219itul fiec\u0103rei mare capitol sunt tratate probleme de sintax\u0103, iar \u00een final sunt ad\u0103ugate \u0219i c\u00e2teva exerci\u021bii destinate a facilita fixarea principalelor no\u021biuni. Bibliografia include doar autorii de a le c\u0103ror lucr\u0103ri autoarea s-a folosit \u00een mod direct pentru redactarea manualului.<\/p>\n","protected":false},"excerpt":{"rendered":"<p>Volumul de fa\u021b\u0103, prin excelen\u021b\u0103 descriptiv \u0219i sincronic, urmeaz\u0103 \u00een linii generale ceea ce este deja \u00eencet\u0103\u021benit \u00een tradi\u021bia gramatical\u0103, dar \u00ee\u0219i propune \u00een egal\u0103 m\u0103sur\u0103 s\u0103 fie o punte de leg\u0103tur\u0103 spre fonetica istoric\u0103, spre morfologia istoric\u0103 \u0219i spre terminologia lingvistic\u0103 actual\u0103. Planul general al lucr\u0103rii \u00eel respect\u0103 pe cel tradi\u021bional. La sf\u00e2r\u0219itul fiec\u0103rei [&hellip;]<\/p>\n","protected":false},"featured_media":10961,"comment_status":"open","ping_status":"closed","template":"","meta":[],"product_brand":[],"product_cat":[856],"product_tag":[923,941],"class_list":{"0":"post-1921","1":"product","2":"type-product","3":"status-publish","4":"has-post-thumbnail","6":"product_cat-colectia-lci-limbi-culturi-identitati","7":"product_tag-clasice","8":"product_tag-latina","10":"first","11":"outofstock","12":"shipping-taxable","13":"purchasable","14":"product-type-simple"},"_links":{"self":[{"href":"https:\/\/editura-unibuc.ro\/en\/wp-json\/wp\/v2\/product\/1921","targetHints":{"allow":["GET"]}}],"collection":[{"href":"https:\/\/editura-unibuc.ro\/en\/wp-json\/wp\/v2\/product"}],"about":[{"href":"https:\/\/editura-unibuc.ro\/en\/wp-json\/wp\/v2\/types\/product"}],"replies":[{"embeddable":true,"href":"https:\/\/editura-unibuc.ro\/en\/wp-json\/wp\/v2\/comments?post=1921"}],"wp:featuredmedia":[{"embeddable":true,"href":"https:\/\/editura-unibuc.ro\/en\/wp-json\/wp\/v2\/media\/10961"}],"wp:attachment":[{"href":"https:\/\/editura-unibuc.ro\/en\/wp-json\/wp\/v2\/media?parent=1921"}],"wp:term":[{"taxonomy":"product_brand","embeddable":true,"href":"https:\/\/editura-unibuc.ro\/en\/wp-json\/wp\/v2\/product_brand?post=1921"},{"taxonomy":"product_cat","embeddable":true,"href":"https:\/\/editura-unibuc.ro\/en\/wp-json\/wp\/v2\/product_cat?post=1921"},{"taxonomy":"product_tag","embeddable":true,"href":"https:\/\/editura-unibuc.ro\/en\/wp-json\/wp\/v2\/product_tag?post=1921"}],"curies":[{"name":"wp","href":"https:\/\/api.w.org\/{rel}","templated":true}]}}