{"id":1926,"date":"2012-09-11T10:23:59","date_gmt":"2012-09-11T07:23:59","guid":{"rendered":"https:\/\/editura-unibuc.ro\/?p=1926"},"modified":"2024-07-05T09:40:51","modified_gmt":"2024-07-05T06:40:51","slug":"manual-de-limba-japoneza-pentru-anul-i","status":"publish","type":"product","link":"https:\/\/editura-unibuc.ro\/en\/manual-de-limba-japoneza-pentru-anul-i\/","title":{"rendered":"JAPANESE TEXTBOOK for year 1"},"content":{"rendered":"<p>Aceast\u0103 carte este un manual care se adreseaz\u0103 \u00een principal studen\u021bilor din anul I de la Sec\u021bia de Japonez\u0103 a Universit\u0103\u021bii din Bucure\u0219ti \u0219i cuprinde informa\u021biile necesare pentru \u00eensu\u0219irea elementelor fundamentale de scriere, gramatic\u0103 \u0219i vocabular. Datorit\u0103 structurii sale modulare, manualul are dou\u0103 utiliz\u0103ri poten\u021biale: poate fi folosit ca manual principal pentru orice curs de japonez\u0103 \u0219i poate fi folosit de c\u0103tre profesori ca resurs\u0103 complementar\u0103 pentru diverse materiale precum ilustra\u021bii, liste tematice, explica\u021bii gramaticale, la orice nivel de studiu.<\/p>\n","protected":false},"excerpt":{"rendered":"<p>Aceast\u0103 carte este un manual care se adreseaz\u0103 \u00een principal studen\u021bilor din anul I de la Sec\u021bia de Japonez\u0103 a Universit\u0103\u021bii din Bucure\u0219ti \u0219i cuprinde informa\u021biile necesare pentru \u00eensu\u0219irea elementelor fundamentale de scriere, gramatic\u0103 \u0219i vocabular. Datorit\u0103 structurii sale modulare, manualul are dou\u0103 utiliz\u0103ri poten\u021biale: poate fi folosit ca manual principal pentru orice curs de [&hellip;]<\/p>\n","protected":false},"featured_media":9893,"comment_status":"open","ping_status":"closed","template":"","meta":[],"product_brand":[],"product_cat":[1464,980],"product_tag":[1340,1114],"class_list":{"0":"post-1926","1":"product","2":"type-product","3":"status-publish","4":"has-post-thumbnail","6":"product_cat-filologie","7":"product_cat-limbi-romanice-clasice-si-orientale","8":"product_tag-japoneza","9":"product_tag-manual","11":"first","12":"instock","13":"shipping-taxable","14":"purchasable","15":"product-type-simple"},"_links":{"self":[{"href":"https:\/\/editura-unibuc.ro\/en\/wp-json\/wp\/v2\/product\/1926","targetHints":{"allow":["GET"]}}],"collection":[{"href":"https:\/\/editura-unibuc.ro\/en\/wp-json\/wp\/v2\/product"}],"about":[{"href":"https:\/\/editura-unibuc.ro\/en\/wp-json\/wp\/v2\/types\/product"}],"replies":[{"embeddable":true,"href":"https:\/\/editura-unibuc.ro\/en\/wp-json\/wp\/v2\/comments?post=1926"}],"wp:featuredmedia":[{"embeddable":true,"href":"https:\/\/editura-unibuc.ro\/en\/wp-json\/wp\/v2\/media\/9893"}],"wp:attachment":[{"href":"https:\/\/editura-unibuc.ro\/en\/wp-json\/wp\/v2\/media?parent=1926"}],"wp:term":[{"taxonomy":"product_brand","embeddable":true,"href":"https:\/\/editura-unibuc.ro\/en\/wp-json\/wp\/v2\/product_brand?post=1926"},{"taxonomy":"product_cat","embeddable":true,"href":"https:\/\/editura-unibuc.ro\/en\/wp-json\/wp\/v2\/product_cat?post=1926"},{"taxonomy":"product_tag","embeddable":true,"href":"https:\/\/editura-unibuc.ro\/en\/wp-json\/wp\/v2\/product_tag?post=1926"}],"curies":[{"name":"wp","href":"https:\/\/api.w.org\/{rel}","templated":true}]}}