{"id":19430,"date":"2017-07-17T11:28:36","date_gmt":"2017-07-17T08:28:36","guid":{"rendered":"https:\/\/editura-unibuc.ro\/?post_type=product&#038;p=19430"},"modified":"2025-05-08T10:31:41","modified_gmt":"2025-05-08T07:31:41","slug":"dezvoltarea-cognitiva-la-copiii-cu-deficienta-mintala","status":"publish","type":"product","link":"https:\/\/editura-unibuc.ro\/en\/dezvoltarea-cognitiva-la-copiii-cu-deficienta-mintala\/","title":{"rendered":"DEZVOLTAREA COGNITIV\u0102 LA COPIII CU DEFICIEN\u0162\u0102 MINTAL\u0102"},"content":{"rendered":"<hr \/>\n<p><strong><a href=\"https:\/\/books.google.ro\/books\/about?id=f5tCEAAAQBAJ&#038;redir_esc=y\" target=\"_blank\" rel=\"noopener\"><img decoding=\"async\" src=\"https:\/\/editura-unibuc.ro\/wp-content\/uploads\/2025\/04\/goo.png\" \/>Google Books<\/a><\/strong><br \/>&nbsp;<\/p>\n<hr \/>\n<p>Lucrarea de fa\u021b\u0103 pune \u00een eviden\u021b\u0103 succesiunea \u015fi gradul de utilizare a microopera\u0163iilor g\u00e2ndirii care se pot forma la elevii cu deficien\u021b\u0103 mintal\u0103 \u0219i demonstreaz\u0103 c\u0103 acestea, atunci c\u00e2nd sunt adecvate rezolv\u0103rii unor sarcini accesibile copilului \u0219i sunt antrenate la nivel ac\u021bional, iconic \u0219i verbal, pot s\u0103 asigure caracterul con\u015ftient \u015fi finalist al activit\u0103\u021bilor desf\u0103\u0219urate \u0219i s\u0103 favorizeze dezvoltarea cognitiv\u0103 a copilului. Volumul con\u021bine \u0219i o suit\u0103 de recomand\u0103ri privind strategiile de predare, dar \u0219i de comunicare, cu elevii cu deficien\u021b\u0103 mintal\u0103.<\/p>\n","protected":false},"excerpt":{"rendered":"<p>Google Books&nbsp; Lucrarea de fa\u021b\u0103 pune \u00een eviden\u021b\u0103 succesiunea \u015fi gradul de utilizare a microopera\u0163iilor g\u00e2ndirii care se pot forma la elevii cu deficien\u021b\u0103 mintal\u0103 \u0219i demonstreaz\u0103 c\u0103 acestea, atunci c\u00e2nd sunt adecvate rezolv\u0103rii unor sarcini accesibile copilului \u0219i sunt antrenate la nivel ac\u021bional, iconic \u0219i verbal, pot s\u0103 asigure caracterul con\u015ftient \u015fi finalist al [&hellip;]<\/p>\n","protected":false},"featured_media":19432,"comment_status":"open","ping_status":"closed","template":"","meta":[],"product_brand":[],"product_cat":[1531,2687,991,997],"product_tag":[2689,2688,1932,2690],"class_list":{"0":"post-19430","1":"product","2":"type-product","3":"status-publish","4":"has-post-thumbnail","6":"product_cat-colectii","7":"product_cat-stiintele-educatiei","8":"product_cat-stiinte-sociale","9":"product_cat-psihologie-stiintele-educatiei-si-pedagogie","10":"product_tag-dezvoltare-psihica","11":"product_tag-handicap","12":"product_tag-memorie","13":"product_tag-microoperatiile-gandirii","15":"first","16":"outofstock","17":"shipping-taxable","18":"purchasable","19":"product-type-simple"},"_links":{"self":[{"href":"https:\/\/editura-unibuc.ro\/en\/wp-json\/wp\/v2\/product\/19430","targetHints":{"allow":["GET"]}}],"collection":[{"href":"https:\/\/editura-unibuc.ro\/en\/wp-json\/wp\/v2\/product"}],"about":[{"href":"https:\/\/editura-unibuc.ro\/en\/wp-json\/wp\/v2\/types\/product"}],"replies":[{"embeddable":true,"href":"https:\/\/editura-unibuc.ro\/en\/wp-json\/wp\/v2\/comments?post=19430"}],"wp:featuredmedia":[{"embeddable":true,"href":"https:\/\/editura-unibuc.ro\/en\/wp-json\/wp\/v2\/media\/19432"}],"wp:attachment":[{"href":"https:\/\/editura-unibuc.ro\/en\/wp-json\/wp\/v2\/media?parent=19430"}],"wp:term":[{"taxonomy":"product_brand","embeddable":true,"href":"https:\/\/editura-unibuc.ro\/en\/wp-json\/wp\/v2\/product_brand?post=19430"},{"taxonomy":"product_cat","embeddable":true,"href":"https:\/\/editura-unibuc.ro\/en\/wp-json\/wp\/v2\/product_cat?post=19430"},{"taxonomy":"product_tag","embeddable":true,"href":"https:\/\/editura-unibuc.ro\/en\/wp-json\/wp\/v2\/product_tag?post=19430"}],"curies":[{"name":"wp","href":"https:\/\/api.w.org\/{rel}","templated":true}]}}