{"id":19433,"date":"2017-07-17T11:32:29","date_gmt":"2017-07-17T08:32:29","guid":{"rendered":"https:\/\/editura-unibuc.ro\/?post_type=product&#038;p=19433"},"modified":"2025-08-28T11:03:15","modified_gmt":"2025-08-28T08:03:15","slug":"functii-discursive-ale-demonstrativelor-in-limba-romana-actuala","status":"publish","type":"product","link":"https:\/\/editura-unibuc.ro\/en\/functii-discursive-ale-demonstrativelor-in-limba-romana-actuala\/","title":{"rendered":"FUNC\u0162II DISCURSIVE ALE DEMONSTRATIVELOR \u00ceN LIMBA ROM\u00c2N\u0102 ACTUAL\u0102"},"content":{"rendered":"<p>Cartea Marianei Gherghina C\u0103lin reprezint\u0103 un important punct de plecare \u00eentr-o cercetare viitoare asupra func\u0163iilor demonstrativelor rom\u00e2ne\u015fti, precum \u015fi o analiz\u0103 minu\u0163ioas\u0103, de detaliu, a materialului de limb\u0103 scris\u0103 \u015fi vorbit\u0103. <\/p>\n","protected":false},"excerpt":{"rendered":"<p>Cartea Marianei Gherghina C\u0103lin reprezint\u0103 un important punct de plecare \u00eentr-o cercetare viitoare asupra func\u0163iilor demonstrativelor rom\u00e2ne\u015fti, precum \u015fi o analiz\u0103 minu\u0163ioas\u0103, de detaliu, a materialului de limb\u0103 scris\u0103 \u015fi vorbit\u0103.<\/p>\n","protected":false},"featured_media":19435,"comment_status":"open","ping_status":"closed","template":"","meta":[],"product_brand":[],"product_cat":[1531,2756,1464,979],"product_tag":[2710,895,2715,2711,2713,2714,2712],"class_list":{"0":"post-19433","1":"product","2":"type-product","3":"status-publish","4":"has-post-thumbnail","6":"product_cat-colectii","7":"product_cat-lingvistica-lingua","8":"product_cat-filologie","9":"product_cat-limba-romana","10":"product_tag-demonstrative-romanesti","11":"product_tag-lingvistica","12":"product_tag-mariana-gherghina-calin","13":"product_tag-stil-beletristic","14":"product_tag-stil-juridic-administrativ","15":"product_tag-stil-publicistic","16":"product_tag-stil-stiintific","18":"first","19":"instock","20":"shipping-taxable","21":"purchasable","22":"product-type-simple"},"_links":{"self":[{"href":"https:\/\/editura-unibuc.ro\/en\/wp-json\/wp\/v2\/product\/19433","targetHints":{"allow":["GET"]}}],"collection":[{"href":"https:\/\/editura-unibuc.ro\/en\/wp-json\/wp\/v2\/product"}],"about":[{"href":"https:\/\/editura-unibuc.ro\/en\/wp-json\/wp\/v2\/types\/product"}],"replies":[{"embeddable":true,"href":"https:\/\/editura-unibuc.ro\/en\/wp-json\/wp\/v2\/comments?post=19433"}],"wp:featuredmedia":[{"embeddable":true,"href":"https:\/\/editura-unibuc.ro\/en\/wp-json\/wp\/v2\/media\/19435"}],"wp:attachment":[{"href":"https:\/\/editura-unibuc.ro\/en\/wp-json\/wp\/v2\/media?parent=19433"}],"wp:term":[{"taxonomy":"product_brand","embeddable":true,"href":"https:\/\/editura-unibuc.ro\/en\/wp-json\/wp\/v2\/product_brand?post=19433"},{"taxonomy":"product_cat","embeddable":true,"href":"https:\/\/editura-unibuc.ro\/en\/wp-json\/wp\/v2\/product_cat?post=19433"},{"taxonomy":"product_tag","embeddable":true,"href":"https:\/\/editura-unibuc.ro\/en\/wp-json\/wp\/v2\/product_tag?post=19433"}],"curies":[{"name":"wp","href":"https:\/\/api.w.org\/{rel}","templated":true}]}}