{"id":19434,"date":"2017-07-17T11:35:03","date_gmt":"2017-07-17T08:35:03","guid":{"rendered":"https:\/\/editura-unibuc.ro\/?post_type=product&#038;p=19434"},"modified":"2020-07-30T15:17:15","modified_gmt":"2020-07-30T12:17:15","slug":"profesionalizarea-carierei-universitare-repere-pentru-dezvoltarea-competentelor-didactice-si-psihopedagogice","status":"publish","type":"product","link":"https:\/\/editura-unibuc.ro\/en\/profesionalizarea-carierei-universitare-repere-pentru-dezvoltarea-competentelor-didactice-si-psihopedagogice\/","title":{"rendered":"PROFESIONALIZAREA CARIEREI UNIVERSITARE: REPERE PENTRU DEZVOLTAREA COMPETEN\u0162ELOR DIDACTICE \u015eI PSIHOPEDAGOGICE"},"content":{"rendered":"<p>Lucrarea reprezint\u0103 un demers fundamentat \u0219i coerent de <em>promovare a ideii de calificare \u015fi de formare specific\u0103 a cadrului didactic universitar<\/em> pe dimensiunea didactic\u0103 \u0219i psihopedagogic\u0103. Aceasta cuprinde logica demersului, de la definirea contextului actual al \u00eenv\u0103\u021b\u0103m\u00e2ntului superior \u0219i a statutului socio-profesional la determinarea modelului-generativ de proiectare \u0219i formare, principiile fundamentale, mecanismele, reperele metodologice \u015fi instrumentele-suport de dezvoltare \u0219i implementare a unui program specific. Sunt detaliate etapele de construc\u021bie: profilul profesional, sistemul de standarde profesionale pentru func\u021biile didactice, standardele de preg\u0103tire pentru debutantul \u00een carier\u0103, competen\u0163ele didactice \u0219i psihopedagogice, metodologia de formare, programul de preg\u0103tire specific\u0103. Concep\u021bia lucr\u0103rii \u0219i programul au fost validate printr-un studiu Delphi, de c\u0103tre un grup de exper\u021bi reprezentativi la nivel na\u021bional.<\/p>\n<p>Amplific\u00e2nd orizontul de referin\u0163\u0103, pe baza concep\u0163iei expuse, poate fi dezvoltat\u0103 o abordare modern\u0103 a profesionaliz\u0103rii oric\u0103rei cariere. Cartea se adreseaz\u0103, astfel, unor categorii diverse de actori interesa\u021bi \u0219i implica\u021bi \u00een \u00eenv\u0103\u021b\u0103m\u00e2ntul ter\u021biar \u0219i \u00een formarea profesional\u0103 a adul\u021bilor: profesori universitari, manageri \u0219i studen\u021bi, cercet\u0103tori, designeri de politici \u0219i deciden\u021bi, evaluatori, formatori, speciali\u0219ti \u00een resurse umane, angajatori. Lucrarea ofer\u0103 o gril\u0103 de lectur\u0103 pentru a \u00een\u021belege un fenomen social actual complex, cu repercusiuni importante asupra dezvolt\u0103rii carierei \u0219i a parteneriatelor necesare pentru un astfel de construct.<\/p>\n<p>Cosmina MIRONOV este Conferen\u021biar doctor la Departamentul de \u0218tiin\u021bele Educa\u021biei, Facultatea de Psihologie \u0219i \u0218tiin\u021bele Educa\u021biei, Universitatea din Bucure\u0219ti. Are o licen\u0163\u0103 \u00een Pedagogie, studii universitare de masterat \u0219i un doctorat \u00een \u0218tiin\u021bele Educa\u021biei, ob\u0163inute la aceea\u0219i universitate. A fost bursier\u0103 \u0219i a urmat cursuri de specializare la Universitatea din Barcelona, Spania.<\/p>\n<p>Sus\u021bine cursuri la nivel licen\u021b\u0103 (selectiv): Educa\u021bia adul\u021bilor, Sisteme de formare profesional\u0103 \u015fi dezvoltarea carierei, Politici europene \u00een domeniul form\u0103rii resurselor umane, Introducere \u00een managementul programelor \u0219i proiectelor socio-educa\u021bionale, la nivel masteral (selectiv): Teorii \u0219i practici ale \u00eenv\u0103\u021b\u0103rii la adul\u021bi, Dezvoltarea personal\u0103 \u0219i a carierei, Planificarea \u0219i dezvoltarea carierei, Laborator de coaching \u00een educa\u021bie, Practic\u0103 \u00een consiliere \u0219i \u00een cadrul programului de conversie profesional\u0103 \u00een PIPP: Teoria \u0219i metodologia instruirii \u0219i Teoria \u0219i metodologia evalu\u0103rii.<\/p>\n<p>Domeniile de interes pentru dezvoltarea de proiecte academice \u0219i de cercetare sunt legate de \u00eenv\u0103\u021b\u0103m\u00e2ntul superior \u0219i educa\u021bia adul\u021bilor, calific\u0103ri, profesionalizarea \u0219i dezvoltarea carierei, training \u0219i dezvoltarea resurselor umane, \u00een special, formarea profesorilor din \u00eenv\u0103\u021b\u0103m\u00e2ntul universitar \u0219i preuniversitar. Cosmina Mironov a ini\u021biat \u0219i coordoneaz\u0103 Programul de conversie profesional\u0103 \u00een Pedagogia \u00cenv\u0103\u021b\u0103m\u00e2ntului Primar \u0219i Pre\u0219colar \u0219i activeaz\u0103 ca specialist \u00een diverse programe \u0219i proiecte europene \u0219i na\u021bionale din domeniile sale de activitate.<\/p>\n<p>A coordonat Biroul de Calific\u0103ri \u00een \u00cenv\u0103\u021b\u0103m\u00e2ntul superior (2006 \u2013 2008), perioad\u0103 \u00een care a fost membr\u0103 \u00een Consiliul Consultativ al ACPART (\u00een prezent ANC). A fost expert al Comisiei Europene \u00een \u00eenv\u0103\u021b\u0103m\u00e2nt superior pentru specializare inteligent\u0103, la Directorate Growth and Innovation of the European Commission\u2019s Joint Research Center &#8211; DG JRC.<\/p>\n","protected":false},"excerpt":{"rendered":"<p>Lucrarea reprezint\u0103 un demers fundamentat \u0219i coerent de promovare a ideii de calificare \u015fi de formare specific\u0103 a cadrului didactic universitar pe dimensiunea didactic\u0103 \u0219i psihopedagogic\u0103. Aceasta cuprinde logica demersului, de la definirea contextului actual al \u00eenv\u0103\u021b\u0103m\u00e2ntului superior \u0219i a statutului socio-profesional la determinarea modelului-generativ de proiectare \u0219i formare, principiile fundamentale, mecanismele, reperele metodologice \u015fi [&hellip;]<\/p>\n","protected":false},"featured_media":19436,"comment_status":"open","ping_status":"closed","template":"","meta":[],"product_brand":[],"product_cat":[1531,2687,991,997],"product_tag":[2691,2696,2694,1541,2695,2693,2692],"class_list":{"0":"post-19434","1":"product","2":"type-product","3":"status-publish","4":"has-post-thumbnail","6":"product_cat-colectii","7":"product_cat-stiintele-educatiei","8":"product_cat-stiinte-sociale","9":"product_cat-psihologie-stiintele-educatiei-si-pedagogie","10":"product_tag-cosmina-mironov","11":"product_tag-dezvoltarea-competentelor","12":"product_tag-formare-didactica","13":"product_tag-invatamant-superior","14":"product_tag-proiectare-curriculara","15":"product_tag-standarde-profesionale","16":"product_tag-statutul-cadrelor-didactice","18":"first","19":"instock","20":"shipping-taxable","21":"purchasable","22":"product-type-simple"},"_links":{"self":[{"href":"https:\/\/editura-unibuc.ro\/en\/wp-json\/wp\/v2\/product\/19434","targetHints":{"allow":["GET"]}}],"collection":[{"href":"https:\/\/editura-unibuc.ro\/en\/wp-json\/wp\/v2\/product"}],"about":[{"href":"https:\/\/editura-unibuc.ro\/en\/wp-json\/wp\/v2\/types\/product"}],"replies":[{"embeddable":true,"href":"https:\/\/editura-unibuc.ro\/en\/wp-json\/wp\/v2\/comments?post=19434"}],"wp:featuredmedia":[{"embeddable":true,"href":"https:\/\/editura-unibuc.ro\/en\/wp-json\/wp\/v2\/media\/19436"}],"wp:attachment":[{"href":"https:\/\/editura-unibuc.ro\/en\/wp-json\/wp\/v2\/media?parent=19434"}],"wp:term":[{"taxonomy":"product_brand","embeddable":true,"href":"https:\/\/editura-unibuc.ro\/en\/wp-json\/wp\/v2\/product_brand?post=19434"},{"taxonomy":"product_cat","embeddable":true,"href":"https:\/\/editura-unibuc.ro\/en\/wp-json\/wp\/v2\/product_cat?post=19434"},{"taxonomy":"product_tag","embeddable":true,"href":"https:\/\/editura-unibuc.ro\/en\/wp-json\/wp\/v2\/product_tag?post=19434"}],"curies":[{"name":"wp","href":"https:\/\/api.w.org\/{rel}","templated":true}]}}