{"id":1944,"date":"2012-09-11T11:06:39","date_gmt":"2012-09-11T08:06:39","guid":{"rendered":"https:\/\/editura-unibuc.ro\/?p=1944"},"modified":"2024-01-17T16:24:19","modified_gmt":"2024-01-17T14:24:19","slug":"genre-and-postmodernism","status":"publish","type":"product","link":"https:\/\/editura-unibuc.ro\/en\/genre-and-postmodernism\/","title":{"rendered":"GENRE AND POSTMODERNISM"},"content":{"rendered":"<p>Maria-Ana Tupan is Professor of English Literature at the University of Bucharest. She spent the academic year 1994-95 at Penn State University as a Senior Fulbright Scholar. Her work in the field of literary history and criticism includes: Scenarii \u0219i limbaje poetice (Bucure\u0219ti: Minerva, 1989), Marin Sorescu \u0219i deconstructivismul (Craiova: \u201cScrisul Rom\u00e2nesc\u201d, 1995), Scriitori rom\u00e2ni \u00een paradigme universale (Bucure\u0219ti: Editura Funda\u021biei Culturale Rom\u00e2ne, 1998), A Discourse Analyst\u2019s Charles Dickens (Bucure\u0219ti: Editura Semne, \u201994, 1999), Discursul modernist (Bucure\u0219ti: Editura Cartea Rom\u00e2neasc\u0103, 2000), Discursul postmodern (Bucure\u0219ti: Editura Cartea Rom\u00e2neasc\u0103, 2002), Sensul sincronismului (Bucure\u0219ti: Editura Cartea Rom\u00e2neasc\u0103, 2004), British Literature. An Overview (Bucure\u0219ti: Editura Universit\u0103\u021bii din Bucure\u0219ti, 2005), The New Literary History (Bucure\u0219ti: Editura Universit\u0103\u021bii din Bucure\u0219ti, 2006). She won prizes from the Romanian Writers\u2019 Union and from literary magazines.<\/p>\n<p>\u201cProblema teoretic\u0103 aflat\u0103 \u00een centrul dezbaterii pe care ne-o propune Maria-Ana Tupan nu este at\u00e2t <strong>genul<\/strong>, \u00een\u021beles \u00een accep\u021bia lui retoric\u0103 \u0219i poetic\u0103, c\u00e2t <strong>genericitatea<\/strong>, o no\u021biune mult mai larg\u0103, \u00een conceperea c\u0103reia interesul pentru forme e dep\u0103\u0219it de interesul pentru atitudini \u0219i perspective, pentru &#8216;pozi\u021bion\u0103ri&#8217; \u00een raport cu Timpul, cu Spa\u021biul, cu istoria social\u0103\u201d. (Mircea Martin)<\/p>\n","protected":false},"excerpt":{"rendered":"<p>Maria-Ana Tupan is Professor of English Literature at the University of Bucharest. She spent the academic year 1994-95 at Penn State University as a Senior Fulbright Scholar. Her work in the field of literary history and criticism includes: Scenarii \u0219i limbaje poetice (Bucure\u0219ti: Minerva, 1989), Marin Sorescu \u0219i deconstructivismul (Craiova: \u201cScrisul Rom\u00e2nesc\u201d, 1995), Scriitori rom\u00e2ni [&hellip;]<\/p>\n","protected":false},"featured_media":10950,"comment_status":"open","ping_status":"closed","template":"","meta":[],"product_brand":[],"product_cat":[1464,976],"product_tag":[926,1099,919,1371],"class_list":{"0":"post-1944","1":"product","2":"type-product","3":"status-publish","4":"has-post-thumbnail","6":"product_cat-filologie","7":"product_cat-limba-engleza","8":"product_tag-engleza","9":"product_tag-gen","10":"product_tag-literatura","11":"product_tag-post-modernism","13":"first","14":"outofstock","15":"shipping-taxable","16":"purchasable","17":"product-type-simple"},"_links":{"self":[{"href":"https:\/\/editura-unibuc.ro\/en\/wp-json\/wp\/v2\/product\/1944","targetHints":{"allow":["GET"]}}],"collection":[{"href":"https:\/\/editura-unibuc.ro\/en\/wp-json\/wp\/v2\/product"}],"about":[{"href":"https:\/\/editura-unibuc.ro\/en\/wp-json\/wp\/v2\/types\/product"}],"replies":[{"embeddable":true,"href":"https:\/\/editura-unibuc.ro\/en\/wp-json\/wp\/v2\/comments?post=1944"}],"wp:featuredmedia":[{"embeddable":true,"href":"https:\/\/editura-unibuc.ro\/en\/wp-json\/wp\/v2\/media\/10950"}],"wp:attachment":[{"href":"https:\/\/editura-unibuc.ro\/en\/wp-json\/wp\/v2\/media?parent=1944"}],"wp:term":[{"taxonomy":"product_brand","embeddable":true,"href":"https:\/\/editura-unibuc.ro\/en\/wp-json\/wp\/v2\/product_brand?post=1944"},{"taxonomy":"product_cat","embeddable":true,"href":"https:\/\/editura-unibuc.ro\/en\/wp-json\/wp\/v2\/product_cat?post=1944"},{"taxonomy":"product_tag","embeddable":true,"href":"https:\/\/editura-unibuc.ro\/en\/wp-json\/wp\/v2\/product_tag?post=1944"}],"curies":[{"name":"wp","href":"https:\/\/api.w.org\/{rel}","templated":true}]}}