{"id":19441,"date":"2017-07-17T11:40:10","date_gmt":"2017-07-17T08:40:10","guid":{"rendered":"https:\/\/editura-unibuc.ro\/?post_type=product&#038;p=19441"},"modified":"2017-07-21T23:03:58","modified_gmt":"2017-07-21T20:03:58","slug":"stilul-de-viata-si-impactul-acestuia-asupra-starii-de-sanatate-a-populatiei-studiu-de-caz-judetul-ialomita","status":"publish","type":"product","link":"https:\/\/editura-unibuc.ro\/en\/stilul-de-viata-si-impactul-acestuia-asupra-starii-de-sanatate-a-populatiei-studiu-de-caz-judetul-ialomita\/","title":{"rendered":"STILUL DE VIA\u0162\u0102 \u015eI IMPACTUL ACESTUIA ASUPRA ST\u0102RII DE S\u0102N\u0102TATE A POPULA\u0162IEI: STUDIU DE CAZ \u2013 JUDE\u0162UL IALOMI\u0162A"},"content":{"rendered":"<p>Studiul de fa\u0163\u0103 \u00ee\u015fi propune o analiz\u0103 complex\u0103 din punct de vedere geografic a st\u0103rii de s\u0103n\u0103tate a popula\u0163iei \u015fi a factorilor determinan\u0163i la nivelul unui areal, care se deta\u015feaz\u0103, \u00een cadrul \u0163\u0103rii, prin indicatori de s\u0103n\u0103tate nefavorabili, cu tendin\u0163e de evolu\u0163e negativ\u0103.<\/p>\n","protected":false},"excerpt":{"rendered":"<p>Studiul de fa\u0163\u0103 \u00ee\u015fi propune o analiz\u0103 complex\u0103 din punct de vedere geografic a st\u0103rii de s\u0103n\u0103tate a popula\u0163iei \u015fi a factorilor determinan\u0163i la nivelul unui areal, care se deta\u015feaz\u0103, \u00een cadrul \u0163\u0103rii, prin indicatori de s\u0103n\u0103tate nefavorabili, cu tendin\u0163e de evolu\u0163e negativ\u0103.<\/p>\n","protected":false},"featured_media":19442,"comment_status":"open","ping_status":"closed","template":"","meta":[],"product_brand":[],"product_cat":[1531,2588],"product_tag":[2705,2704,2703,2708,2707,2706,2709],"class_list":{"0":"post-19441","1":"product","2":"type-product","3":"status-publish","4":"has-post-thumbnail","6":"product_cat-colectii","7":"product_cat-geographica","8":"product_tag-activitate-fizica","9":"product_tag-alimentatie","10":"product_tag-ana-maria-talos","11":"product_tag-morbiditate","12":"product_tag-mortalitate","13":"product_tag-sanatatea-populatiei","14":"product_tag-servicii-sanitare","16":"first","17":"instock","18":"shipping-taxable","19":"purchasable","20":"product-type-simple"},"_links":{"self":[{"href":"https:\/\/editura-unibuc.ro\/en\/wp-json\/wp\/v2\/product\/19441","targetHints":{"allow":["GET"]}}],"collection":[{"href":"https:\/\/editura-unibuc.ro\/en\/wp-json\/wp\/v2\/product"}],"about":[{"href":"https:\/\/editura-unibuc.ro\/en\/wp-json\/wp\/v2\/types\/product"}],"replies":[{"embeddable":true,"href":"https:\/\/editura-unibuc.ro\/en\/wp-json\/wp\/v2\/comments?post=19441"}],"wp:featuredmedia":[{"embeddable":true,"href":"https:\/\/editura-unibuc.ro\/en\/wp-json\/wp\/v2\/media\/19442"}],"wp:attachment":[{"href":"https:\/\/editura-unibuc.ro\/en\/wp-json\/wp\/v2\/media?parent=19441"}],"wp:term":[{"taxonomy":"product_brand","embeddable":true,"href":"https:\/\/editura-unibuc.ro\/en\/wp-json\/wp\/v2\/product_brand?post=19441"},{"taxonomy":"product_cat","embeddable":true,"href":"https:\/\/editura-unibuc.ro\/en\/wp-json\/wp\/v2\/product_cat?post=19441"},{"taxonomy":"product_tag","embeddable":true,"href":"https:\/\/editura-unibuc.ro\/en\/wp-json\/wp\/v2\/product_tag?post=19441"}],"curies":[{"name":"wp","href":"https:\/\/api.w.org\/{rel}","templated":true}]}}