{"id":1952,"date":"2012-09-11T11:32:03","date_gmt":"2012-09-11T08:32:03","guid":{"rendered":"https:\/\/editura-unibuc.ro\/?p=1952"},"modified":"2015-03-12T21:30:09","modified_gmt":"2015-03-12T19:30:09","slug":"l%db%a5anaphore-verbale-domaine-typologique-francais-hindi-roumain","status":"publish","type":"product","link":"https:\/\/editura-unibuc.ro\/en\/l%db%a5anaphore-verbale-domaine-typologique-francais-hindi-roumain\/","title":{"rendered":"VERBAL ANAPHORA. TYPOLOGICAL FIELD: FRENCH, HINDI, ROMANIAN"},"content":{"rendered":"<p>Lucrarea, editat\u0103 \u00een limba francez\u0103 la Editura Universit\u0103\u021bii din Bucure\u0219ti, propune o analiz\u0103 a mecanismelor sintactice, semantice \u0219i semanticosintaxice privit\u0103 din perspectiva rela\u021biei anaforistice verbale \u00een francez\u0103, hindi \u0219i limba rom\u00e2n\u0103. Mai mult, cercetarea prive\u0219te tipurile de anaforisme verbale, prin compara\u021bie cu cele trei limbi indo-europene. Textele selectate pentru exemplificarea analitic\u0103 au fost preluate din crea\u021biile lui Moli\u00e8re \u0219i Cervantes. Lucrarea con\u021bine o bogat\u0103 bibliografie de specialitate.<\/p>\n","protected":false},"excerpt":{"rendered":"<p>Lucrarea, editat\u0103 \u00een limba francez\u0103 la Editura Universit\u0103\u021bii din Bucure\u0219ti, propune o analiz\u0103 a mecanismelor sintactice, semantice \u0219i semanticosintaxice privit\u0103 din perspectiva rela\u021biei anaforistice verbale \u00een francez\u0103, hindi \u0219i limba rom\u00e2n\u0103. Mai mult, cercetarea prive\u0219te tipurile de anaforisme verbale, prin compara\u021bie cu cele trei limbi indo-europene. Textele selectate pentru exemplificarea analitic\u0103 au fost preluate din [&hellip;]<\/p>\n","protected":false},"featured_media":10946,"comment_status":"open","ping_status":"closed","template":"","meta":[],"product_brand":[],"product_cat":[1464,977],"product_tag":[877,1370,925],"class_list":{"0":"post-1952","1":"product","2":"type-product","3":"status-publish","4":"has-post-thumbnail","6":"product_cat-filologie","7":"product_cat-limba-franceza","8":"product_tag-franceza","9":"product_tag-hindi","10":"product_tag-romana","12":"first","13":"instock","14":"shipping-taxable","15":"purchasable","16":"product-type-simple"},"_links":{"self":[{"href":"https:\/\/editura-unibuc.ro\/en\/wp-json\/wp\/v2\/product\/1952","targetHints":{"allow":["GET"]}}],"collection":[{"href":"https:\/\/editura-unibuc.ro\/en\/wp-json\/wp\/v2\/product"}],"about":[{"href":"https:\/\/editura-unibuc.ro\/en\/wp-json\/wp\/v2\/types\/product"}],"replies":[{"embeddable":true,"href":"https:\/\/editura-unibuc.ro\/en\/wp-json\/wp\/v2\/comments?post=1952"}],"wp:featuredmedia":[{"embeddable":true,"href":"https:\/\/editura-unibuc.ro\/en\/wp-json\/wp\/v2\/media\/10946"}],"wp:attachment":[{"href":"https:\/\/editura-unibuc.ro\/en\/wp-json\/wp\/v2\/media?parent=1952"}],"wp:term":[{"taxonomy":"product_brand","embeddable":true,"href":"https:\/\/editura-unibuc.ro\/en\/wp-json\/wp\/v2\/product_brand?post=1952"},{"taxonomy":"product_cat","embeddable":true,"href":"https:\/\/editura-unibuc.ro\/en\/wp-json\/wp\/v2\/product_cat?post=1952"},{"taxonomy":"product_tag","embeddable":true,"href":"https:\/\/editura-unibuc.ro\/en\/wp-json\/wp\/v2\/product_tag?post=1952"}],"curies":[{"name":"wp","href":"https:\/\/api.w.org\/{rel}","templated":true}]}}