{"id":19545,"date":"2017-07-27T14:30:29","date_gmt":"2017-07-27T11:30:29","guid":{"rendered":"https:\/\/editura-unibuc.ro\/?post_type=product&#038;p=19545"},"modified":"2020-10-09T21:22:08","modified_gmt":"2020-10-09T18:22:08","slug":"letopiset-al-vechiului-si-slavitului-neam-al-slovenilor","status":"publish","type":"product","link":"https:\/\/editura-unibuc.ro\/en\/letopiset-al-vechiului-si-slavitului-neam-al-slovenilor\/","title":{"rendered":"LETOPISE\u0162 AL VECHIULUI \u015eI SL\u0102VITULUI NEAM AL SLOVENILOR"},"content":{"rendered":"<p><em>Sinopsisul Kievean<\/em>, atribuit arhimandritului Inokenti Ghizel de la Lavra Pecerksa din Kiev, este prima scriere istoric\u0103 coerent\u0103 referitoare la mitul Ucrainei \u015fi a devenit una din pietrele de temelie ale istoriografiei ruse imperiale din secolele al XVIII-lea \u015fi al XIX-lea. <\/p>","protected":false},"excerpt":{"rendered":"<p>Sinopsisul Kievean, atribuit arhimandritului Inokenti Ghizel de la Lavra Pecerksa din Kiev, este prima scriere istoric\u0103 coerent\u0103 referitoare la mitul Ucrainei \u015fi a devenit una din pietrele de temelie ale istoriografiei ruse imperiale din secolele al XVIII-lea \u015fi al XIX-lea.<\/p>\n","protected":false},"featured_media":20691,"comment_status":"open","ping_status":"closed","template":"","meta":[],"product_brand":[],"product_cat":[1464,979],"product_tag":[2624,881,2721,866,2723,1729,2722,2719,2720,1730],"class_list":{"0":"post-19545","1":"product","2":"type-product","3":"status-publish","4":"has-post-thumbnail","6":"product_cat-filologie","7":"product_cat-limba-romana","8":"product_tag-anca-irina-ionescu","9":"product_tag-istorie","10":"product_tag-kiev","11":"product_tag-limba-romana-veche","12":"product_tag-moscova","13":"product_tag-rusia","14":"product_tag-sinopsisul-kievean","15":"product_tag-slavi","16":"product_tag-slavism","17":"product_tag-ucraina","19":"first","20":"outofstock","21":"shipping-taxable","22":"purchasable","23":"product-type-simple"},"_links":{"self":[{"href":"https:\/\/editura-unibuc.ro\/en\/wp-json\/wp\/v2\/product\/19545","targetHints":{"allow":["GET"]}}],"collection":[{"href":"https:\/\/editura-unibuc.ro\/en\/wp-json\/wp\/v2\/product"}],"about":[{"href":"https:\/\/editura-unibuc.ro\/en\/wp-json\/wp\/v2\/types\/product"}],"replies":[{"embeddable":true,"href":"https:\/\/editura-unibuc.ro\/en\/wp-json\/wp\/v2\/comments?post=19545"}],"wp:featuredmedia":[{"embeddable":true,"href":"https:\/\/editura-unibuc.ro\/en\/wp-json\/wp\/v2\/media\/20691"}],"wp:attachment":[{"href":"https:\/\/editura-unibuc.ro\/en\/wp-json\/wp\/v2\/media?parent=19545"}],"wp:term":[{"taxonomy":"product_brand","embeddable":true,"href":"https:\/\/editura-unibuc.ro\/en\/wp-json\/wp\/v2\/product_brand?post=19545"},{"taxonomy":"product_cat","embeddable":true,"href":"https:\/\/editura-unibuc.ro\/en\/wp-json\/wp\/v2\/product_cat?post=19545"},{"taxonomy":"product_tag","embeddable":true,"href":"https:\/\/editura-unibuc.ro\/en\/wp-json\/wp\/v2\/product_tag?post=19545"}],"curies":[{"name":"wp","href":"https:\/\/api.w.org\/{rel}","templated":true}]}}