{"id":19547,"date":"2017-07-27T14:35:11","date_gmt":"2017-07-27T11:35:11","guid":{"rendered":"https:\/\/editura-unibuc.ro\/?post_type=product&#038;p=19547"},"modified":"2023-08-03T11:26:34","modified_gmt":"2023-08-03T08:26:34","slug":"literatura-si-artele-explorari-comparatiste","status":"publish","type":"product","link":"https:\/\/editura-unibuc.ro\/en\/literatura-si-artele-explorari-comparatiste\/","title":{"rendered":"LITERATURA \u015eI ARTELE: EXPLOR\u0102RI COMPARATISTE"},"content":{"rendered":"<p>Volumul de fa\u0163\u0103 este structurat \u00een \u00een dou\u0103 sec\u0163iuni: \u201cForme ale spectacolului \u00een literatur\u0103\u201d \u015fi \u201cMirodenii, bucate, savoare\u201d. Autorii \u2013 studen\u0163i, masteranzi, doctoranzi, profesori, pornind de la temele-cadru, s-au l\u0103sat antrena\u0163i \u00eentr-o aventur\u0103 intelectual\u0103 care a generat explor\u0103ri ce stau sub semnul diversit\u0103\u0163ii. Scrieri rom\u00e2ne\u015fti sau str\u0103ine, imagini, filme, crea\u0163ii muzicale, spectacole, formeaz\u0103 un univers armonios, generos exploatat prin prisma comparatismului.<\/p>\n","protected":false},"excerpt":{"rendered":"<p>Volumul de fa\u0163\u0103 este structurat \u00een \u00een dou\u0103 sec\u0163iuni: \u201cForme ale spectacolului \u00een literatur\u0103\u201d \u015fi \u201cMirodenii, bucate, savoare\u201d. Autorii \u2013 studen\u0163i, masteranzi, doctoranzi, profesori, pornind de la temele-cadru, s-au l\u0103sat antrena\u0163i \u00eentr-o aventur\u0103 intelectual\u0103 care a generat explor\u0103ri ce stau sub semnul diversit\u0103\u0163ii. Scrieri rom\u00e2ne\u015fti sau str\u0103ine, imagini, filme, crea\u0163ii muzicale, spectacole, formeaz\u0103 un univers [&hellip;]<\/p>\n","protected":false},"featured_media":19548,"comment_status":"open","ping_status":"closed","template":"","meta":[],"product_brand":[],"product_cat":[1531,2724,1464,979],"product_tag":[2727,2728,1936,2726,919,1937,2725],"class_list":{"0":"post-19547","1":"product","2":"type-product","3":"status-publish","4":"has-post-thumbnail","6":"product_cat-colectii","7":"product_cat-perspective-comparatiste","8":"product_cat-filologie","9":"product_cat-limba-romana","10":"product_tag-creatii-musicale","11":"product_tag-culinarul-in-cultura","12":"product_tag-elena-ionescu","13":"product_tag-filme","14":"product_tag-literatura","15":"product_tag-ruxandra-iordache","16":"product_tag-spectacol","18":"first","19":"outofstock","20":"shipping-taxable","21":"purchasable","22":"product-type-simple"},"_links":{"self":[{"href":"https:\/\/editura-unibuc.ro\/en\/wp-json\/wp\/v2\/product\/19547","targetHints":{"allow":["GET"]}}],"collection":[{"href":"https:\/\/editura-unibuc.ro\/en\/wp-json\/wp\/v2\/product"}],"about":[{"href":"https:\/\/editura-unibuc.ro\/en\/wp-json\/wp\/v2\/types\/product"}],"replies":[{"embeddable":true,"href":"https:\/\/editura-unibuc.ro\/en\/wp-json\/wp\/v2\/comments?post=19547"}],"wp:featuredmedia":[{"embeddable":true,"href":"https:\/\/editura-unibuc.ro\/en\/wp-json\/wp\/v2\/media\/19548"}],"wp:attachment":[{"href":"https:\/\/editura-unibuc.ro\/en\/wp-json\/wp\/v2\/media?parent=19547"}],"wp:term":[{"taxonomy":"product_brand","embeddable":true,"href":"https:\/\/editura-unibuc.ro\/en\/wp-json\/wp\/v2\/product_brand?post=19547"},{"taxonomy":"product_cat","embeddable":true,"href":"https:\/\/editura-unibuc.ro\/en\/wp-json\/wp\/v2\/product_cat?post=19547"},{"taxonomy":"product_tag","embeddable":true,"href":"https:\/\/editura-unibuc.ro\/en\/wp-json\/wp\/v2\/product_tag?post=19547"}],"curies":[{"name":"wp","href":"https:\/\/api.w.org\/{rel}","templated":true}]}}