{"id":19636,"date":"2017-08-10T13:33:28","date_gmt":"2017-08-10T10:33:28","guid":{"rendered":"https:\/\/editura-unibuc.ro\/?post_type=product&#038;p=19636"},"modified":"2020-05-21T10:43:13","modified_gmt":"2020-05-21T07:43:13","slug":"cultura-populara-concepte-teme-puncte-de-vedere","status":"publish","type":"product","link":"https:\/\/editura-unibuc.ro\/en\/cultura-populara-concepte-teme-puncte-de-vedere\/","title":{"rendered":"CULTURA POPULAR\u0102: CONCEPTE, TEME, PUNCTE DE VEDERE"},"content":{"rendered":"<p>Volumul colectiv \u201eCultura popular\u0103. Concepte, teme, puncte de vedere\u201d reune\u015fte paisprezece studii consacrate\u00a0 modalit\u0103\u0163ilor \u00een care ideile, valorile \u015fi credin\u0163ele sunt construite prin cultura popular\u0103 \u015fi sunt reflectate de cultura popular\u0103. Studiile din prima sec\u0163iune se refer\u0103 la o distinc\u0163ie r\u0103mas\u0103 \u00eenc\u0103 \u00een zona contest\u0103rii, a litigiului, a dezacordului, aceea dintre \u201ecultura \u00eenalt\u0103\u201d \u015fi \u201ecultura popular\u0103\u201d. A doua sec\u0163iune reune\u015fte studii despre influen\u0163ele postmodernismului asupra culturii populare, cum ar fi accentul pus pe stil \u00een detrimentul con\u0163inutului, integrarea artei \u00een cotidian \u015fi pr\u0103bu\u015firea certitudinilor legate de cunoa\u015ftere \u015fi adev\u0103r, a semnifica\u0163iei religiei etc. \u00cen sec\u0163iunea a treia este abordat\u0103 rela\u0163ia dintre cultura popular\u0103 \u015fi societate: sub multe aspecte, cultura popular\u0103 apare politizat\u0103, at\u00e2t prin mesajele de protest comunicate \u00een diferitele sale produc\u0163ii, c\u00e2t \u015fi prin\u00a0 \u00eencerc\u0103rile politicienilor, ale guvernelor sau partidelor de a o reglementa. \u00cen fine, c\u00e2teva aspecte ale expansiunii culturii populare din zilele noastre sunt abordate \u00een articolele care alc\u0103tuiesc ultima sec\u0163iune a volumului.<\/p>\n<p><strong>MARIN B\u0102LAN<\/strong> este lector dr. la Facultatea de Filosofie a Universit\u0103\u0163ii din Bucure\u015fti. Interese de cercetare \u00een filosofia medieval\u0103 (logic\u0103, filosofia limbajului, etic\u0103, metafizic\u0103, teologie filosofic\u0103), filosofia religiei \u015fi istorie intelectual\u0103 european\u0103 (Antichitatea, Evul Mediu, Modernitatea timpurie). A colaborat la realizarea unor lucr\u0103ri cu caracter enciclopedic: <em>Dic\u0163ionar enciclopedic<\/em> (vol. I-VII, Ed. Enciclopedic\u0103, 1993-2009) \u015fi <em>Mic dic\u0163ionar enciclopedic<\/em> (Editura Enciclopedic\u0103 &amp; Univers Enciclopedic, 2005). Volume coordonate: <em>Atena \u015fi\/sau Ierusalim. Eseuri despre rela\u0163ia dintre \u015ftiin\u0163\u0103 \u015fi religie<\/em> (Editura Universit\u0103\u0163ii din Bucure\u015fti, 2013); <em>Etica \u00een \u015ftiin\u0163\u0103, religie \u015fi societate<\/em> (Editura Universit\u0103\u0163ii din Bucure\u015fti, 2015, \u00eempreun\u0103 cu Valentin Mure\u015fan).<\/p>\n<p><strong>LOREDANA NICULE\u021a<\/strong> pred\u0103 Filosofie \u0219i Cultur\u0103 Vizual\u0103 la Funda\u021bia Universitar\u0103 Bages din Manresa, Barcelona (FUB), la \u201eCasa Elizalde\u201d \u0219i la alte centre culturale din Barcelona. Este licen\u021biat\u0103 \u00een Filosofie la Universitatea din Bucure\u0219ti (2002); apoi, la Universitatea Autonom\u0103 din Barcelona, a ob\u0163inut un master \u00een Teoria artei contemporane, \u201ePensar l&#8217;Art d&#8217;Avui\u201d (2006) \u015fi un doctorat \u00een Estetic\u0103 \u0219i Teoria artei, cu o tez\u0103 pe tema teoriei avangardei (2011). Articole pe teme de estetic\u0103 \u0219i teoria artei contemporane publicate \u00een reviste precum: <em>Enrahonar: quaderns de filosofia<\/em>, <em>Disturbis<\/em>, <em>EIDOS<\/em> (Columbia). De asemenea, capitole \u00een volumele: <em>Pensar en temps d&#8217;incertesa<\/em> (La Busca Edicions, 2011), <em>La modernitat de la filosofia<\/em> (La Busca Edicions, 2012) \u0219i <em>Mentida, control i utopia: reflexions sobre el present <\/em>(La Busca Edicions, 2013).<\/p>\n<p><strong>IOAN P\u00c2NZARU<\/strong> este profesor de literatur\u0103 francez\u0103 medieval\u0103 la Universitatea din Bucure\u015fti. \u00cen cercetare se intereseaz\u0103 de hermeneutica literar\u0103, romanul din secolul al XII-lea \u015fi c\u00e2ntecele de gest\u0103. A publicat, \u00eentre altele: <em>Regimul interpret\u0103rii. Literatur\u0103 \u015fi ac\u0163iune<\/em> (Polirom, 2012); Practici ale interpret\u0103rii de text (Polirom, 1999); <em>Introduction \u00e0 l\u2019\u00e9tude de la litt\u00e9rature m\u00e9di\u00e9vale fran\u00e7aise<\/em> (Editura Universit\u0103\u0163ii din Bucure\u015fti, 1999); <em>Cercetare de estetic\u0103 a oralit\u0103\u0163ii. Eseu despre c\u00e2ntecele de gest\u0103<\/em> (Univers, 1989). Este directorul Centrului regional francofon de studii avansate \u00een \u015ftiin\u0163ele sociale (CEREFREA)<\/p>\n","protected":false},"excerpt":{"rendered":"<p>Volumul colectiv \u201eCultura popular\u0103. Concepte, teme, puncte de vedere\u201d reune\u015fte paisprezece studii consacrate\u00a0 modalit\u0103\u0163ilor \u00een care ideile, valorile \u015fi credin\u0163ele sunt construite prin cultura popular\u0103 \u015fi sunt reflectate de cultura popular\u0103. Studiile din prima sec\u0163iune se refer\u0103 la o distinc\u0163ie r\u0103mas\u0103 \u00eenc\u0103 \u00een zona contest\u0103rii, a litigiului, a dezacordului, aceea dintre \u201ecultura \u00eenalt\u0103\u201d \u015fi \u201ecultura [&hellip;]<\/p>\n","protected":false},"featured_media":19637,"comment_status":"open","ping_status":"closed","template":"","meta":[],"product_brand":[],"product_cat":[1531,2530,991,994],"product_tag":[959,2738,920,1905,2736,919,2735,2734,2300,2737],"class_list":{"0":"post-19636","1":"product","2":"type-product","3":"status-publish","4":"has-post-thumbnail","6":"product_cat-colectii","7":"product_cat-filosofie-practica","8":"product_cat-stiinte-sociale","9":"product_cat-filosofie","10":"product_tag-arta","11":"product_tag-continut","12":"product_tag-cultura","13":"product_tag-filozofie","14":"product_tag-ioan-panzaru","15":"product_tag-literatura","16":"product_tag-loredana-niculet","17":"product_tag-marin-balan","18":"product_tag-postmodernism","19":"product_tag-stil","21":"first","22":"outofstock","23":"shipping-taxable","24":"purchasable","25":"product-type-simple"},"_links":{"self":[{"href":"https:\/\/editura-unibuc.ro\/en\/wp-json\/wp\/v2\/product\/19636","targetHints":{"allow":["GET"]}}],"collection":[{"href":"https:\/\/editura-unibuc.ro\/en\/wp-json\/wp\/v2\/product"}],"about":[{"href":"https:\/\/editura-unibuc.ro\/en\/wp-json\/wp\/v2\/types\/product"}],"replies":[{"embeddable":true,"href":"https:\/\/editura-unibuc.ro\/en\/wp-json\/wp\/v2\/comments?post=19636"}],"wp:featuredmedia":[{"embeddable":true,"href":"https:\/\/editura-unibuc.ro\/en\/wp-json\/wp\/v2\/media\/19637"}],"wp:attachment":[{"href":"https:\/\/editura-unibuc.ro\/en\/wp-json\/wp\/v2\/media?parent=19636"}],"wp:term":[{"taxonomy":"product_brand","embeddable":true,"href":"https:\/\/editura-unibuc.ro\/en\/wp-json\/wp\/v2\/product_brand?post=19636"},{"taxonomy":"product_cat","embeddable":true,"href":"https:\/\/editura-unibuc.ro\/en\/wp-json\/wp\/v2\/product_cat?post=19636"},{"taxonomy":"product_tag","embeddable":true,"href":"https:\/\/editura-unibuc.ro\/en\/wp-json\/wp\/v2\/product_tag?post=19636"}],"curies":[{"name":"wp","href":"https:\/\/api.w.org\/{rel}","templated":true}]}}