{"id":19640,"date":"2017-08-10T13:38:32","date_gmt":"2017-08-10T10:38:32","guid":{"rendered":"https:\/\/editura-unibuc.ro\/?post_type=product&#038;p=19640"},"modified":"2024-04-11T14:21:18","modified_gmt":"2024-04-11T11:21:18","slug":"universul-platonic-si-interpretarea-holografica-a-lumii-fizice-realitati-multiple","status":"publish","type":"product","link":"https:\/\/editura-unibuc.ro\/en\/universul-platonic-si-interpretarea-holografica-a-lumii-fizice-realitati-multiple\/","title":{"rendered":"UNIVERSUL PLATONIC \u015eI INTERPRETAREA HOLOGRAFIC\u0102 A LUMII FIZICE: REALIT\u0102\u0162I MULTIPLE"},"content":{"rendered":"<p>\u201cVolumul de debut al lui Alexandru Docze reprezint\u0103 o contribu\u0163ie remarcabil\u0103 \u00een registrul studiilor interdisciplinare. N\u0103scut\u0103 la confluen\u0163a dintre filosofie, religie \u015fi \u015ftiin\u0163\u0103, lucrarea se concentreaz\u0103, \u00eentr-o manier\u0103 complex\u0103 \u015fi creatoare, asupra posibilelor coresponden\u0163e \u015fi rela\u0163ii \u00eentre modelul platonic \u015fi modelul holografic de interpretare a lumii. Cartea se adreseaz\u0103 omului modern, plas\u00e2nd dialogul dintre filosofia platonic\u0103 \u015fi teoriile fizicii moderne \u00een orizontul actual de problematizare cu privire la modurile \u00een care este \u00een\u0163eleas\u0103 \u015fi teoretizat\u0103 \u015ftiin\u0163ific realitatea.\u201d (Madeea Axinciuc)<\/p>\n<p><strong>Alexandru Docze<\/strong> este absolvent al Facult\u0103\u021bii de Electronic\u0103, Telecomunica\u021bii \u0219i Tehnologia Informa\u021biei (specializarea Ingineria Informa\u021biei) din cadrul Universit\u0103\u021bii Politehnice din Bucure\u0219ti. \u00cen anul 2013 a absolvit masteratul interdisciplinar \u201cStudii religioase \u2014 Texte \u0219i Tradi\u021bii\u201d din cadrul Facult\u0103\u021bii de Limbi \u0219i Literaturi Str\u0103ine \u2014 Universitatea din Bucure\u0219ti, iar \u00een prezent este doctorand al Facult\u0103\u021bii de Filosofie din Bucure\u0219ti cu o tem\u0103 despre nivelurile lumii fizice \u0219i rela\u0163ia dintre acestea \u015fi conceptul de realitate.<\/p>\n","protected":false},"excerpt":{"rendered":"<p>\u201cVolumul de debut al lui Alexandru Docze reprezint\u0103 o contribu\u0163ie remarcabil\u0103 \u00een registrul studiilor interdisciplinare. N\u0103scut\u0103 la confluen\u0163a dintre filosofie, religie \u015fi \u015ftiin\u0163\u0103, lucrarea se concentreaz\u0103, \u00eentr-o manier\u0103 complex\u0103 \u015fi creatoare, asupra posibilelor coresponden\u0163e \u015fi rela\u0163ii \u00eentre modelul platonic \u015fi modelul holografic de interpretare a lumii. Cartea se adreseaz\u0103 omului modern, plas\u00e2nd dialogul dintre filosofia [&hellip;]<\/p>\n","protected":false},"featured_media":19641,"comment_status":"open","ping_status":"closed","template":"","meta":[],"product_brand":[],"product_cat":[1531,2597,991,994],"product_tag":[2745,2744,2746],"class_list":{"0":"post-19640","1":"product","2":"type-product","3":"status-publish","4":"has-post-thumbnail","6":"product_cat-colectii","7":"product_cat-studia-theologica","8":"product_cat-stiinte-sociale","9":"product_cat-filosofie","10":"product_tag-alexandru-docze","11":"product_tag-filosofie-platonica","12":"product_tag-fizica-moderna","14":"first","15":"instock","16":"shipping-taxable","17":"purchasable","18":"product-type-simple"},"_links":{"self":[{"href":"https:\/\/editura-unibuc.ro\/en\/wp-json\/wp\/v2\/product\/19640","targetHints":{"allow":["GET"]}}],"collection":[{"href":"https:\/\/editura-unibuc.ro\/en\/wp-json\/wp\/v2\/product"}],"about":[{"href":"https:\/\/editura-unibuc.ro\/en\/wp-json\/wp\/v2\/types\/product"}],"replies":[{"embeddable":true,"href":"https:\/\/editura-unibuc.ro\/en\/wp-json\/wp\/v2\/comments?post=19640"}],"wp:featuredmedia":[{"embeddable":true,"href":"https:\/\/editura-unibuc.ro\/en\/wp-json\/wp\/v2\/media\/19641"}],"wp:attachment":[{"href":"https:\/\/editura-unibuc.ro\/en\/wp-json\/wp\/v2\/media?parent=19640"}],"wp:term":[{"taxonomy":"product_brand","embeddable":true,"href":"https:\/\/editura-unibuc.ro\/en\/wp-json\/wp\/v2\/product_brand?post=19640"},{"taxonomy":"product_cat","embeddable":true,"href":"https:\/\/editura-unibuc.ro\/en\/wp-json\/wp\/v2\/product_cat?post=19640"},{"taxonomy":"product_tag","embeddable":true,"href":"https:\/\/editura-unibuc.ro\/en\/wp-json\/wp\/v2\/product_tag?post=19640"}],"curies":[{"name":"wp","href":"https:\/\/api.w.org\/{rel}","templated":true}]}}