{"id":19644,"date":"2017-08-10T13:46:58","date_gmt":"2017-08-10T10:46:58","guid":{"rendered":"https:\/\/editura-unibuc.ro\/?post_type=product&#038;p=19644"},"modified":"2017-08-10T13:46:58","modified_gmt":"2017-08-10T10:46:58","slug":"n-v-gogol-un-scriitor-al-tuturor-timpurilor","status":"publish","type":"product","link":"https:\/\/editura-unibuc.ro\/en\/n-v-gogol-un-scriitor-al-tuturor-timpurilor\/","title":{"rendered":"N.V. GOGOL \u2013 UN SCRIITOR AL TUTUROR TIMPURILOR"},"content":{"rendered":"<p>Prezentul volum \u00ee\u015fi propune studierea contextului istoric, social \u015fi psihologic al perioadei \u00een care a tr\u0103it \u015fi a creat marele prozator rus (niciodat\u0103 pe deplin \u00een\u0163eles \u015fi de ajuns studiat), N.V. Gogol, ca surs\u0103 de inspira\u0163ie pentru realismul rus, dar mai ales naturalismul din operele cele mai importante ale lui Gogol \u015fi redefinirea acestei mari personalit\u0103\u0163i literare, de calibru universal.<\/p>\n","protected":false},"excerpt":{"rendered":"<p>Prezentul volum \u00ee\u015fi propune studierea contextului istoric, social \u015fi psihologic al perioadei \u00een care a tr\u0103it \u015fi a creat marele prozator rus (niciodat\u0103 pe deplin \u00een\u0163eles \u015fi de ajuns studiat), N.V. Gogol, ca surs\u0103 de inspira\u0163ie pentru realismul rus, dar mai ales naturalismul din operele cele mai importante ale lui Gogol \u015fi redefinirea acestei mari [&hellip;]<\/p>\n","protected":false},"featured_media":19645,"comment_status":"open","ping_status":"closed","template":"","meta":[],"product_brand":[],"product_cat":[1531,2653,1464,981],"product_tag":[1762,2755,1246,2754,2752,2753,2751,1257],"class_list":{"0":"post-19644","1":"product","2":"type-product","3":"status-publish","4":"has-post-thumbnail","6":"product_cat-colectii","7":"product_cat-biblioteca-de-slavistica","8":"product_cat-filologie","9":"product_cat-limbi-slave","10":"product_tag-comic","11":"product_tag-dramaturgie","12":"product_tag-gogol","13":"product_tag-naturalism","14":"product_tag-proza-rusa","15":"product_tag-realism-rus","16":"product_tag-roman-petrasuc","17":"product_tag-slavistica","19":"first","20":"instock","21":"shipping-taxable","22":"purchasable","23":"product-type-simple"},"_links":{"self":[{"href":"https:\/\/editura-unibuc.ro\/en\/wp-json\/wp\/v2\/product\/19644","targetHints":{"allow":["GET"]}}],"collection":[{"href":"https:\/\/editura-unibuc.ro\/en\/wp-json\/wp\/v2\/product"}],"about":[{"href":"https:\/\/editura-unibuc.ro\/en\/wp-json\/wp\/v2\/types\/product"}],"replies":[{"embeddable":true,"href":"https:\/\/editura-unibuc.ro\/en\/wp-json\/wp\/v2\/comments?post=19644"}],"wp:featuredmedia":[{"embeddable":true,"href":"https:\/\/editura-unibuc.ro\/en\/wp-json\/wp\/v2\/media\/19645"}],"wp:attachment":[{"href":"https:\/\/editura-unibuc.ro\/en\/wp-json\/wp\/v2\/media?parent=19644"}],"wp:term":[{"taxonomy":"product_brand","embeddable":true,"href":"https:\/\/editura-unibuc.ro\/en\/wp-json\/wp\/v2\/product_brand?post=19644"},{"taxonomy":"product_cat","embeddable":true,"href":"https:\/\/editura-unibuc.ro\/en\/wp-json\/wp\/v2\/product_cat?post=19644"},{"taxonomy":"product_tag","embeddable":true,"href":"https:\/\/editura-unibuc.ro\/en\/wp-json\/wp\/v2\/product_tag?post=19644"}],"curies":[{"name":"wp","href":"https:\/\/api.w.org\/{rel}","templated":true}]}}