{"id":19715,"date":"2017-08-24T16:32:38","date_gmt":"2017-08-24T13:32:38","guid":{"rendered":"https:\/\/editura-unibuc.ro\/?post_type=product&#038;p=19715"},"modified":"2024-05-13T12:15:47","modified_gmt":"2024-05-13T09:15:47","slug":"categorii-si-formule","status":"publish","type":"product","link":"https:\/\/editura-unibuc.ro\/en\/categorii-si-formule\/","title":{"rendered":"CATEGORII \u015eI FORMULE"},"content":{"rendered":"<p>\u00abReconstruc\u0163ia \u015fi analiza lui Kant cuprinse \u00een aceast\u0103 carte m-au convins deplin. Este o realizare complet\u0103, de o limpezime \u015fi o profunzime pe care nu le-am \u00eent\u00e2lnit nic\u0103ieri. [\u2026]\u00bb<\/p>\n<p>Acad. Ilie P\u00e2rvu<br \/>\n<\/p>","protected":false},"excerpt":{"rendered":"<p>\u00abReconstruc\u0163ia \u015fi analiza lui Kant cuprinse \u00een aceast\u0103 carte m-au convins deplin. Este o realizare complet\u0103, de o limpezime \u015fi o profunzime pe care nu le-am \u00eent\u00e2lnit nic\u0103ieri. [\u2026]\u00bb Acad. Ilie P\u00e2rvu<\/p>\n","protected":false},"featured_media":19716,"comment_status":"open","ping_status":"closed","template":"","meta":[],"product_brand":[],"product_cat":[1531,2530,991,994],"product_tag":[1068,1446,921,1366,960,2761],"class_list":{"0":"post-19715","1":"product","2":"type-product","3":"status-publish","4":"has-post-thumbnail","6":"product_cat-colectii","7":"product_cat-filosofie-practica","8":"product_cat-stiinte-sociale","9":"product_cat-filosofie","10":"product_tag-aristotel","11":"product_tag-fericire","12":"product_tag-filosofie","13":"product_tag-kant","14":"product_tag-metafizica","15":"product_tag-valentin-muresan","17":"first","18":"outofstock","19":"shipping-taxable","20":"purchasable","21":"product-type-simple"},"_links":{"self":[{"href":"https:\/\/editura-unibuc.ro\/en\/wp-json\/wp\/v2\/product\/19715","targetHints":{"allow":["GET"]}}],"collection":[{"href":"https:\/\/editura-unibuc.ro\/en\/wp-json\/wp\/v2\/product"}],"about":[{"href":"https:\/\/editura-unibuc.ro\/en\/wp-json\/wp\/v2\/types\/product"}],"replies":[{"embeddable":true,"href":"https:\/\/editura-unibuc.ro\/en\/wp-json\/wp\/v2\/comments?post=19715"}],"wp:featuredmedia":[{"embeddable":true,"href":"https:\/\/editura-unibuc.ro\/en\/wp-json\/wp\/v2\/media\/19716"}],"wp:attachment":[{"href":"https:\/\/editura-unibuc.ro\/en\/wp-json\/wp\/v2\/media?parent=19715"}],"wp:term":[{"taxonomy":"product_brand","embeddable":true,"href":"https:\/\/editura-unibuc.ro\/en\/wp-json\/wp\/v2\/product_brand?post=19715"},{"taxonomy":"product_cat","embeddable":true,"href":"https:\/\/editura-unibuc.ro\/en\/wp-json\/wp\/v2\/product_cat?post=19715"},{"taxonomy":"product_tag","embeddable":true,"href":"https:\/\/editura-unibuc.ro\/en\/wp-json\/wp\/v2\/product_tag?post=19715"}],"curies":[{"name":"wp","href":"https:\/\/api.w.org\/{rel}","templated":true}]}}