{"id":19752,"date":"2017-08-30T15:43:29","date_gmt":"2017-08-30T12:43:29","guid":{"rendered":"https:\/\/editura-unibuc.ro\/?post_type=product&#038;p=19752"},"modified":"2023-09-07T11:55:58","modified_gmt":"2023-09-07T08:55:58","slug":"creativitate-si-expresivitate-in-frazeologia-limbii-romane","status":"publish","type":"product","link":"https:\/\/editura-unibuc.ro\/en\/creativitate-si-expresivitate-in-frazeologia-limbii-romane\/","title":{"rendered":"CREATIVITATE \u0218I EXPRESIVITATE \u00ceN FRAZEOLOGIA LIMBII ROM\u00c2NE"},"content":{"rendered":"<p>Aceast\u0103 carte analizeaz\u0103 o serie de abateri neinten\u0163ionate sau inten\u0163ionate de la formulele prestabilite, consfin\u0163ite de uz, ale expresiilor consacrate rom\u00e2ne\u015fti.<\/p>\n<p>Liviu Groza este profesor dr. la Departamentul de Lingvistic\u0103 al Facult\u0103\u021bii de Litere din Universitatea din Bucure\u0219ti, unde pred\u0103 cursuri de lexicologie \u0219i de frazeologie. A mai publicat la Editura Universit\u0103\u021bii din Bucure\u0219ti lucr\u0103rile: <em>Dinamica unit\u0103\u021bilor frazeologice \u00een limba rom\u00e2n\u0103 contemporan\u0103, Elemente de lexicologie <\/em>\u0219i<em> Probleme de frazeologie. Studii. Articole. Note.<\/em><\/p>\n","protected":false},"excerpt":{"rendered":"<p>Aceast\u0103 carte analizeaz\u0103 o serie de abateri neinten\u0163ionate sau inten\u0163ionate de la formulele prestabilite, consfin\u0163ite de uz, ale expresiilor consacrate rom\u00e2ne\u015fti. Liviu Groza este profesor dr. la Departamentul de Lingvistic\u0103 al Facult\u0103\u021bii de Litere din Universitatea din Bucure\u0219ti, unde pred\u0103 cursuri de lexicologie \u0219i de frazeologie. A mai publicat la Editura Universit\u0103\u021bii din Bucure\u0219ti lucr\u0103rile: [&hellip;]<\/p>\n","protected":false},"featured_media":19753,"comment_status":"open","ping_status":"closed","template":"","meta":[],"product_brand":[],"product_cat":[1531,2756,1464,979],"product_tag":[2764,1183,1011,895,1184],"class_list":{"0":"post-19752","1":"product","2":"type-product","3":"status-publish","4":"has-post-thumbnail","6":"product_cat-colectii","7":"product_cat-lingvistica-lingua","8":"product_cat-filologie","9":"product_cat-limba-romana","10":"product_tag-expresii-romanesti","11":"product_tag-frazeologie","12":"product_tag-limba-romana","13":"product_tag-lingvistica","14":"product_tag-litere","16":"first","17":"outofstock","18":"shipping-taxable","19":"purchasable","20":"product-type-simple"},"_links":{"self":[{"href":"https:\/\/editura-unibuc.ro\/en\/wp-json\/wp\/v2\/product\/19752","targetHints":{"allow":["GET"]}}],"collection":[{"href":"https:\/\/editura-unibuc.ro\/en\/wp-json\/wp\/v2\/product"}],"about":[{"href":"https:\/\/editura-unibuc.ro\/en\/wp-json\/wp\/v2\/types\/product"}],"replies":[{"embeddable":true,"href":"https:\/\/editura-unibuc.ro\/en\/wp-json\/wp\/v2\/comments?post=19752"}],"wp:featuredmedia":[{"embeddable":true,"href":"https:\/\/editura-unibuc.ro\/en\/wp-json\/wp\/v2\/media\/19753"}],"wp:attachment":[{"href":"https:\/\/editura-unibuc.ro\/en\/wp-json\/wp\/v2\/media?parent=19752"}],"wp:term":[{"taxonomy":"product_brand","embeddable":true,"href":"https:\/\/editura-unibuc.ro\/en\/wp-json\/wp\/v2\/product_brand?post=19752"},{"taxonomy":"product_cat","embeddable":true,"href":"https:\/\/editura-unibuc.ro\/en\/wp-json\/wp\/v2\/product_cat?post=19752"},{"taxonomy":"product_tag","embeddable":true,"href":"https:\/\/editura-unibuc.ro\/en\/wp-json\/wp\/v2\/product_tag?post=19752"}],"curies":[{"name":"wp","href":"https:\/\/api.w.org\/{rel}","templated":true}]}}