{"id":19754,"date":"2017-08-30T15:45:53","date_gmt":"2017-08-30T12:45:53","guid":{"rendered":"https:\/\/editura-unibuc.ro\/?post_type=product&#038;p=19754"},"modified":"2017-08-30T15:45:53","modified_gmt":"2017-08-30T12:45:53","slug":"ortodoxia-romaneasca-in-postmodernitate-prelegeri-de-misiologie-contextuala","status":"publish","type":"product","link":"https:\/\/editura-unibuc.ro\/en\/ortodoxia-romaneasca-in-postmodernitate-prelegeri-de-misiologie-contextuala\/","title":{"rendered":"ORTODOXIA ROM\u00c2NEASC\u0102 \u00ceN POSTMODERNITATE. PRELEGERI DE MISIOLOGIE CONTEXTUAL\u0102"},"content":{"rendered":"<p>Cartea de fa\u0163\u0103 se constituie \u00eentr-un adev\u0103rat ghid folositor pentru o mai bun\u0103 \u00een\u0163elegere a provoc\u0103rilor spirituale ale societ\u0103\u0163ii actuale.<\/p>\n<p>David Pestroiu este conferen\u021biar universitar la Facultatea de Teologie Ortodox\u0103 a Universit\u0103\u021bii din Bucure\u0219ti. Doctor \u00een teologie din 2004, a fost promovat \u00een acela\u0219i an lector universitar, la disciplina <em>Misiologie ortodox\u0103<\/em>. Desf\u0103\u0219oar\u0103, \u00een paralel cu activitatea didactic\u0103, o consistent\u0103 oper\u0103 de cercetare teologic\u0103, oglindit\u0103 \u00een publicarea a trei c\u0103r\u021bi, \u00eengrijirea a dou\u0103 volume colective, participarea la numeroase simpozioane \u00een Rom\u00e2nia \u0219i str\u0103in\u0103tate, redactarea a zeci de articole, studii \u0219i conferin\u021be. \u00cen paralel, este implicat activ \u00een misiunea eclezial\u0103, fiind consilier la Sectorul \u00cenv\u0103\u021b\u0103m\u00e2nt \u0219i Activit\u0103\u021bi cu Tineretul al Arhiepiscopiei Bucure\u0219tilor (la a doilea mandat), paroh la Parohia Fl\u0103m\u00e2nda din Bucure\u0219ti \u0219i director al Centrului Educa\u021bional-Social \u201eSf\u00e2ntul Haralambie\u201d al aceleia\u0219i parohii.<\/p>\n","protected":false},"excerpt":{"rendered":"<p>Cartea de fa\u0163\u0103 se constituie \u00eentr-un adev\u0103rat ghid folositor pentru o mai bun\u0103 \u00een\u0163elegere a provoc\u0103rilor spirituale ale societ\u0103\u0163ii actuale. David Pestroiu este conferen\u021biar universitar la Facultatea de Teologie Ortodox\u0103 a Universit\u0103\u021bii din Bucure\u0219ti. Doctor \u00een teologie din 2004, a fost promovat \u00een acela\u0219i an lector universitar, la disciplina Misiologie ortodox\u0103. Desf\u0103\u0219oar\u0103, \u00een paralel cu [&hellip;]<\/p>\n","protected":false},"featured_media":19755,"comment_status":"open","ping_status":"closed","template":"","meta":[],"product_brand":[],"product_cat":[1531,2597,991,999],"product_tag":[1408,2765,2272,2767,2768,2766,1021],"class_list":{"0":"post-19754","1":"product","2":"type-product","3":"status-publish","4":"has-post-thumbnail","6":"product_cat-colectii","7":"product_cat-studia-theologica","8":"product_cat-stiinte-sociale","9":"product_cat-teologie","10":"product_tag-biserica","11":"product_tag-credinte","12":"product_tag-ortodoxie","13":"product_tag-paganism","14":"product_tag-postmodernitate","15":"product_tag-superstitii","16":"product_tag-teologie","18":"first","19":"outofstock","20":"shipping-taxable","21":"purchasable","22":"product-type-simple"},"_links":{"self":[{"href":"https:\/\/editura-unibuc.ro\/en\/wp-json\/wp\/v2\/product\/19754","targetHints":{"allow":["GET"]}}],"collection":[{"href":"https:\/\/editura-unibuc.ro\/en\/wp-json\/wp\/v2\/product"}],"about":[{"href":"https:\/\/editura-unibuc.ro\/en\/wp-json\/wp\/v2\/types\/product"}],"replies":[{"embeddable":true,"href":"https:\/\/editura-unibuc.ro\/en\/wp-json\/wp\/v2\/comments?post=19754"}],"wp:featuredmedia":[{"embeddable":true,"href":"https:\/\/editura-unibuc.ro\/en\/wp-json\/wp\/v2\/media\/19755"}],"wp:attachment":[{"href":"https:\/\/editura-unibuc.ro\/en\/wp-json\/wp\/v2\/media?parent=19754"}],"wp:term":[{"taxonomy":"product_brand","embeddable":true,"href":"https:\/\/editura-unibuc.ro\/en\/wp-json\/wp\/v2\/product_brand?post=19754"},{"taxonomy":"product_cat","embeddable":true,"href":"https:\/\/editura-unibuc.ro\/en\/wp-json\/wp\/v2\/product_cat?post=19754"},{"taxonomy":"product_tag","embeddable":true,"href":"https:\/\/editura-unibuc.ro\/en\/wp-json\/wp\/v2\/product_tag?post=19754"}],"curies":[{"name":"wp","href":"https:\/\/api.w.org\/{rel}","templated":true}]}}