{"id":1978,"date":"2012-09-11T12:58:21","date_gmt":"2012-09-11T09:58:21","guid":{"rendered":"https:\/\/editura-unibuc.ro\/?p=1978"},"modified":"2015-03-12T21:25:29","modified_gmt":"2015-03-12T19:25:29","slug":"actiunea-sociala-a-bisericii-romano-catolice-din-romania-la-inceputul-mileniului-trei","status":"publish","type":"product","link":"https:\/\/editura-unibuc.ro\/en\/actiunea-sociala-a-bisericii-romano-catolice-din-romania-la-inceputul-mileniului-trei\/","title":{"rendered":"SOCIAL MISSION OF THE ROMAN CATHOLIC CHURCH IN ROMANIA AT THE BEGINNING OF THE THIRD MILLENIUM"},"content":{"rendered":"<p>Lucrarea de fa\u021b\u0103 \u00ee\u0219i propune s\u0103 realizeze o sintez\u0103 a informa\u021biilor referitoare la activit\u0103\u021bile sociale ale Bisericii Catolice din Rom\u00e2nia. (Ne vom rezuma doar la activit\u0103\u021bile ritului romano-catolic datorit\u0103 volumului mare de informa\u021bii presupus de o astfel de lucrare.) Conciliul Vatican II referindu-se la rolul Bisericii a firmat c\u0103: \u201cmisiunea pe care Cristos a \u00eencredin\u021bat-o Bisericii sale nu este de ordin politic, economic sau social; scopul pe care I l-a \u00eencredin\u021bat este de ordin religios. Dar tocmai din aceast\u0103 misiune religioas\u0103 decurg \u00eendatoriri, lumini, \u0219i puteri care pot sluji la constituirea \u0219i \u00eent\u0103rirea comunit\u0103\u021bii oamenilor dup\u0103 legea divin\u0103. De asemenea, [\u2026] Biserica \u00eens\u0103\u0219i poate, ba chiar trebuie s\u0103 suscite opere destinate slujirii tuturor, dar mai ales celor s\u0103raci, cum ar fi opere de caritate sau altele de acest fel\u201d.<\/p>","protected":false},"excerpt":{"rendered":"<p>Lucrarea de fa\u021b\u0103 \u00ee\u0219i propune s\u0103 realizeze o sintez\u0103 a informa\u021biilor referitoare la activit\u0103\u021bile sociale ale Bisericii Catolice din Rom\u00e2nia. (Ne vom rezuma doar la activit\u0103\u021bile ritului romano-catolic datorit\u0103 volumului mare de informa\u021bii presupus de o astfel de lucrare.) Conciliul Vatican II referindu-se la rolul Bisericii a firmat c\u0103: \u201cmisiunea pe care Cristos a \u00eencredin\u021bat-o [&hellip;]<\/p>\n","protected":false},"featured_media":10922,"comment_status":"open","ping_status":"closed","template":"","meta":[],"product_brand":[],"product_cat":[991,999],"product_tag":[1353,1021],"class_list":{"0":"post-1978","1":"product","2":"type-product","3":"status-publish","4":"has-post-thumbnail","6":"product_cat-stiinte-sociale","7":"product_cat-teologie","8":"product_tag-catolica","9":"product_tag-teologie","11":"first","12":"instock","13":"shipping-taxable","14":"purchasable","15":"product-type-simple"},"_links":{"self":[{"href":"https:\/\/editura-unibuc.ro\/en\/wp-json\/wp\/v2\/product\/1978","targetHints":{"allow":["GET"]}}],"collection":[{"href":"https:\/\/editura-unibuc.ro\/en\/wp-json\/wp\/v2\/product"}],"about":[{"href":"https:\/\/editura-unibuc.ro\/en\/wp-json\/wp\/v2\/types\/product"}],"replies":[{"embeddable":true,"href":"https:\/\/editura-unibuc.ro\/en\/wp-json\/wp\/v2\/comments?post=1978"}],"wp:featuredmedia":[{"embeddable":true,"href":"https:\/\/editura-unibuc.ro\/en\/wp-json\/wp\/v2\/media\/10922"}],"wp:attachment":[{"href":"https:\/\/editura-unibuc.ro\/en\/wp-json\/wp\/v2\/media?parent=1978"}],"wp:term":[{"taxonomy":"product_brand","embeddable":true,"href":"https:\/\/editura-unibuc.ro\/en\/wp-json\/wp\/v2\/product_brand?post=1978"},{"taxonomy":"product_cat","embeddable":true,"href":"https:\/\/editura-unibuc.ro\/en\/wp-json\/wp\/v2\/product_cat?post=1978"},{"taxonomy":"product_tag","embeddable":true,"href":"https:\/\/editura-unibuc.ro\/en\/wp-json\/wp\/v2\/product_tag?post=1978"}],"curies":[{"name":"wp","href":"https:\/\/api.w.org\/{rel}","templated":true}]}}