{"id":19857,"date":"2017-09-12T10:55:33","date_gmt":"2017-09-12T07:55:33","guid":{"rendered":"https:\/\/editura-unibuc.ro\/?post_type=product&#038;p=19857"},"modified":"2017-09-12T10:55:49","modified_gmt":"2017-09-12T07:55:49","slug":"marturii-din-arabistica-romaneasca","status":"publish","type":"product","link":"https:\/\/editura-unibuc.ro\/en\/marturii-din-arabistica-romaneasca\/","title":{"rendered":"M\u0102RTURII DIN ARABISTICA ROM\u00c2NEASC\u0102"},"content":{"rendered":"<p>Cartea, g\u00e2ndit\u0103 ca un volum omagial al Sec\u0163iei de arab\u0103 din cadrul Universit\u0103\u0163ii Bucure\u015fti, la aniversarea a 60 de ani, \u00een 2017, con\u0163ine dialoguri cu absolven\u0163i ai acestei sec\u0163ii.<\/p>\n<p><strong>Alina-Georgiana Foc\u015fineanu<\/strong> (n. 6 octombrie 1990) a absolvit Facultatea de Limbi \u015fi Literaturi Str\u0103ine a Universit\u0103\u021bii din Bucure\u0219ti, specializarea <em>Limba \u015fi literatura arab\u0103 &#8211; Limba \u015fi literatura rom\u00e2n\u0103<\/em> \u00een iunie 2013. A urmat dou\u0103 programe masterale \u00een cadrul FLLS (<em>Spa\u0163iul islamic: societ\u0103\u0163i, culturi, mentalit\u0103\u0163i<\/em>) \u0219i Facult\u0103\u021bii de Litere (<em>Studii avansate \u00een lingvistic\u0103-structura \u015fi func\u0163ionarea limbii rom\u00e2ne<\/em>). Pe durata studiilor masterale a efectuat stagii de practic\u0103 \u00een institute de cercetare ale Academiei Rom\u00e2ne: Institutul de Studii Sud-Est Europene \u0219i Institutul de Lingvistic\u0103 \u201eIorgu Iordan \u2013 Al. Rosetti\u201d. Din octombrie 2015 este doctorand\u0103 la Facultatea de Litere a Universit\u0103\u021bii din Bucure\u0219ti. A participat la peste 15 conferin\u021be \u0219i colocvii na\u021bionale \u0219i interna\u021bionale. A publicat peste 20 de articole, studii \u0219i recenzii \u00een reviste sau volume colective din \u021bar\u0103 \u0219i str\u0103in\u0103tate. Volume de autor: <em>Kal\u012bla wa Dimna \u015fi Istoria ieroglific\u0103. O posibil\u0103 filia\u0163ie<\/em> (2015, Ia\u015fi, ArsLonga), <em>Exprimarea rudeniei \u00een limbile rom\u00e2n\u0103 \u015fi arab\u0103<\/em> (2015, Ia\u015fi, ArsLonga). Afilieri: Asocia\u0163ia Cultural\u0103 \u201eA. Philippide\u201d, Ia\u015fi (2015), Societatea de \u015etiin\u0163e Filologice din Rom\u00e2nia, Bucure\u0219ti (2012).<\/p>\n","protected":false},"excerpt":{"rendered":"<p>Cartea, g\u00e2ndit\u0103 ca un volum omagial al Sec\u0163iei de arab\u0103 din cadrul Universit\u0103\u0163ii Bucure\u015fti, la aniversarea a 60 de ani, \u00een 2017, con\u0163ine dialoguri cu absolven\u0163i ai acestei sec\u0163ii. Alina-Georgiana Foc\u015fineanu (n. 6 octombrie 1990) a absolvit Facultatea de Limbi \u015fi Literaturi Str\u0103ine a Universit\u0103\u021bii din Bucure\u0219ti, specializarea Limba \u015fi literatura arab\u0103 &#8211; Limba \u015fi [&hellip;]<\/p>\n","protected":false},"featured_media":19858,"comment_status":"open","ping_status":"closed","template":"","meta":[],"product_brand":[],"product_cat":[1531,2509,1464,980],"product_tag":[2774,1271,2775,1075],"class_list":{"0":"post-19857","1":"product","2":"type-product","3":"status-publish","4":"has-post-thumbnail","6":"product_cat-colectii","7":"product_cat-personalitati-ale-universitatii-din-bucuresti","8":"product_cat-filologie","9":"product_cat-limbi-romanice-clasice-si-orientale","10":"product_tag-alina-georgiana-focsineanu","11":"product_tag-araba","12":"product_tag-arabistica","13":"product_tag-universitatea-din-bucuresti","15":"first","16":"instock","17":"shipping-taxable","18":"purchasable","19":"product-type-simple"},"_links":{"self":[{"href":"https:\/\/editura-unibuc.ro\/en\/wp-json\/wp\/v2\/product\/19857","targetHints":{"allow":["GET"]}}],"collection":[{"href":"https:\/\/editura-unibuc.ro\/en\/wp-json\/wp\/v2\/product"}],"about":[{"href":"https:\/\/editura-unibuc.ro\/en\/wp-json\/wp\/v2\/types\/product"}],"replies":[{"embeddable":true,"href":"https:\/\/editura-unibuc.ro\/en\/wp-json\/wp\/v2\/comments?post=19857"}],"wp:featuredmedia":[{"embeddable":true,"href":"https:\/\/editura-unibuc.ro\/en\/wp-json\/wp\/v2\/media\/19858"}],"wp:attachment":[{"href":"https:\/\/editura-unibuc.ro\/en\/wp-json\/wp\/v2\/media?parent=19857"}],"wp:term":[{"taxonomy":"product_brand","embeddable":true,"href":"https:\/\/editura-unibuc.ro\/en\/wp-json\/wp\/v2\/product_brand?post=19857"},{"taxonomy":"product_cat","embeddable":true,"href":"https:\/\/editura-unibuc.ro\/en\/wp-json\/wp\/v2\/product_cat?post=19857"},{"taxonomy":"product_tag","embeddable":true,"href":"https:\/\/editura-unibuc.ro\/en\/wp-json\/wp\/v2\/product_tag?post=19857"}],"curies":[{"name":"wp","href":"https:\/\/api.w.org\/{rel}","templated":true}]}}