{"id":19859,"date":"2017-09-12T10:57:58","date_gmt":"2017-09-12T07:57:58","guid":{"rendered":"https:\/\/editura-unibuc.ro\/?post_type=product&#038;p=19859"},"modified":"2025-08-08T10:09:15","modified_gmt":"2025-08-08T07:09:15","slug":"evaluarea-curriculumului-modele-si-instrumente","status":"publish","type":"product","link":"https:\/\/editura-unibuc.ro\/en\/evaluarea-curriculumului-modele-si-instrumente\/","title":{"rendered":"EVALUAREA CURRICULUMULUI: MODELE \u015eI INSTRUMENTE"},"content":{"rendered":"<hr \/>\n<p><strong><a href=\"https:\/\/books.google.ro\/books\/about?id=I6FCEAAAQBAJ&amp;redir_esc=y\" target=\"_blank\" rel=\"noopener\"><img decoding=\"async\" src=\"https:\/\/editura-unibuc.ro\/wp-content\/uploads\/2025\/04\/goo.png\" \/>Google Books<\/a><\/strong><br \/>&nbsp;<\/p>\n<hr \/>\n<p>\u00cen lucrare se prezint\u0103 momentele definitorii ale evolu\u0163iei evalu\u0103rii curriculare (un fundament pentru formarea evaluatorilor de curriculum); perspectivele (modelele) alternative ale evalu\u0103rii curriculare (o surs\u0103 de derivare a unui demers evaluativ concret, specific, pentru o situa\u0163ie dat\u0103, cunoscut\u0103); reglementarea domeniului evalu\u0103rii curriculare ca posibil domeniu de profesionalizare.<\/p>\n<p>Antoaneta-Firu\u0163a TACEA este absolvent\u0103 a Facult\u0103\u0163ii de Sociologie, Psihologie \u015fi Pedagogie, specializarea Pedagogie, Universitatea din Bucure\u015fti, promo\u0163ia 1996. \u00cen anul 1997 a finalizat studiile masterale, iar \u00een anul 2008 a ob\u0163inut titlul de doctor \u00een \u015etiin\u0163e ale Educa\u0163iei, la aceea\u015fi universitate. \u015ei-a \u00eenceput cariera academic\u0103 \u00een cadrul institu\u0163iei absolvite, unde \u00ee\u015fi desf\u0103\u015foar\u0103 \u015fi \u00een prezent activitatea. Domeniile sale de interes profesional sunt: proiectarea, implementarea \u015fi evaluarea curriculumului, proiectarea \u015fi evaluarea competen\u0163elor profesionale, psihologia educa\u0163iei. Contribu\u0163iile recunoscute ale autoarei se reg\u0103sesc \u00een articole, proiecte, cercet\u0103ri, documente de politic\u0103 educa\u0163ional\u0103 \u015fi colabor\u0103ri din domeniul reformei Curriculumului Na\u0163ional \u015fi al form\u0103rii cadrelor didactice din \u00eenv\u0103\u0163\u0103m\u00e2ntul preuniversitar. <\/p>\n","protected":false},"excerpt":{"rendered":"<p>Google Books&nbsp; \u00cen lucrare se prezint\u0103 momentele definitorii ale evolu\u0163iei evalu\u0103rii curriculare (un fundament pentru formarea evaluatorilor de curriculum); perspectivele (modelele) alternative ale evalu\u0103rii curriculare (o surs\u0103 de derivare a unui demers evaluativ concret, specific, pentru o situa\u0163ie dat\u0103, cunoscut\u0103); reglementarea domeniului evalu\u0103rii curriculare ca posibil domeniu de profesionalizare. Antoaneta-Firu\u0163a TACEA este absolvent\u0103 a Facult\u0103\u0163ii [&hellip;]<\/p>\n","protected":false},"featured_media":19860,"comment_status":"open","ping_status":"closed","template":"","meta":[],"product_brand":[],"product_cat":[1531,2687,991,997],"product_tag":[2776,2777,2780,2778,2779],"class_list":{"0":"post-19859","1":"product","2":"type-product","3":"status-publish","4":"has-post-thumbnail","6":"product_cat-colectii","7":"product_cat-stiintele-educatiei","8":"product_cat-stiinte-sociale","9":"product_cat-psihologie-stiintele-educatiei-si-pedagogie","10":"product_tag-antoaneta-firuta-tacea","11":"product_tag-curriculum","12":"product_tag-evaluatori-de-curriculum","13":"product_tag-programe-sociale-si-educationale","14":"product_tag-standard-ocupational","16":"first","17":"instock","18":"shipping-taxable","19":"purchasable","20":"product-type-simple"},"_links":{"self":[{"href":"https:\/\/editura-unibuc.ro\/en\/wp-json\/wp\/v2\/product\/19859","targetHints":{"allow":["GET"]}}],"collection":[{"href":"https:\/\/editura-unibuc.ro\/en\/wp-json\/wp\/v2\/product"}],"about":[{"href":"https:\/\/editura-unibuc.ro\/en\/wp-json\/wp\/v2\/types\/product"}],"replies":[{"embeddable":true,"href":"https:\/\/editura-unibuc.ro\/en\/wp-json\/wp\/v2\/comments?post=19859"}],"wp:featuredmedia":[{"embeddable":true,"href":"https:\/\/editura-unibuc.ro\/en\/wp-json\/wp\/v2\/media\/19860"}],"wp:attachment":[{"href":"https:\/\/editura-unibuc.ro\/en\/wp-json\/wp\/v2\/media?parent=19859"}],"wp:term":[{"taxonomy":"product_brand","embeddable":true,"href":"https:\/\/editura-unibuc.ro\/en\/wp-json\/wp\/v2\/product_brand?post=19859"},{"taxonomy":"product_cat","embeddable":true,"href":"https:\/\/editura-unibuc.ro\/en\/wp-json\/wp\/v2\/product_cat?post=19859"},{"taxonomy":"product_tag","embeddable":true,"href":"https:\/\/editura-unibuc.ro\/en\/wp-json\/wp\/v2\/product_tag?post=19859"}],"curies":[{"name":"wp","href":"https:\/\/api.w.org\/{rel}","templated":true}]}}