{"id":19861,"date":"2017-09-12T11:01:21","date_gmt":"2017-09-12T08:01:21","guid":{"rendered":"https:\/\/editura-unibuc.ro\/?post_type=product&#038;p=19861"},"modified":"2024-03-11T14:10:25","modified_gmt":"2024-03-11T12:10:25","slug":"romano-arabica-xvii-fictional-beings-in-middle-east-cultures","status":"publish","type":"product","link":"https:\/\/editura-unibuc.ro\/en\/romano-arabica-xvii-fictional-beings-in-middle-east-cultures\/","title":{"rendered":"ROMANO-ARABICA XVII, FICTIONAL BEINGS IN MIDDLE EAST CULTURES"},"content":{"rendered":"<p>Revist\u0103 publicat\u0103 sub egida Universit\u0103\u0163ii din Bucure\u015fti \u015fi a Center for Arab Studies.<\/p>\n<p>Containing studies, book reviews and conference reports.<\/p>\n","protected":false},"excerpt":{"rendered":"<p>Revist\u0103 publicat\u0103 sub egida Universit\u0103\u0163ii din Bucure\u015fti \u015fi a Center for Arab Studies. Containing studies, book reviews and conference reports.<\/p>\n","protected":false},"featured_media":19862,"comment_status":"open","ping_status":"closed","template":"","meta":[],"product_brand":[],"product_cat":[3962,1464,980,1469,1893],"product_tag":[2784,2783,2177,2785,2781,1020,2788,2782,2787,2786],"class_list":{"0":"post-19861","1":"product","2":"type-product","3":"status-publish","4":"has-post-thumbnail","6":"product_cat-romano-arabica","7":"product_cat-filologie","8":"product_cat-limbi-romanice-clasice-si-orientale","9":"product_cat-periodice","10":"product_cat-reviste-academice","11":"product_tag-antim-ivireanul","12":"product_tag-arab-christians","13":"product_tag-arabic-language","14":"product_tag-atanasie-dabbas","15":"product_tag-egyptian-folklore-and-fiction","16":"product_tag-english","17":"product_tag-le-roman-medieval","18":"product_tag-qatari-folklore-and-tradition","19":"product_tag-sarrasins","20":"product_tag-silvestru-al-antiohiei","22":"first","23":"outofstock","24":"shipping-taxable","25":"purchasable","26":"product-type-simple"},"_links":{"self":[{"href":"https:\/\/editura-unibuc.ro\/en\/wp-json\/wp\/v2\/product\/19861","targetHints":{"allow":["GET"]}}],"collection":[{"href":"https:\/\/editura-unibuc.ro\/en\/wp-json\/wp\/v2\/product"}],"about":[{"href":"https:\/\/editura-unibuc.ro\/en\/wp-json\/wp\/v2\/types\/product"}],"replies":[{"embeddable":true,"href":"https:\/\/editura-unibuc.ro\/en\/wp-json\/wp\/v2\/comments?post=19861"}],"wp:featuredmedia":[{"embeddable":true,"href":"https:\/\/editura-unibuc.ro\/en\/wp-json\/wp\/v2\/media\/19862"}],"wp:attachment":[{"href":"https:\/\/editura-unibuc.ro\/en\/wp-json\/wp\/v2\/media?parent=19861"}],"wp:term":[{"taxonomy":"product_brand","embeddable":true,"href":"https:\/\/editura-unibuc.ro\/en\/wp-json\/wp\/v2\/product_brand?post=19861"},{"taxonomy":"product_cat","embeddable":true,"href":"https:\/\/editura-unibuc.ro\/en\/wp-json\/wp\/v2\/product_cat?post=19861"},{"taxonomy":"product_tag","embeddable":true,"href":"https:\/\/editura-unibuc.ro\/en\/wp-json\/wp\/v2\/product_tag?post=19861"}],"curies":[{"name":"wp","href":"https:\/\/api.w.org\/{rel}","templated":true}]}}