{"id":1994,"date":"2012-09-11T14:13:58","date_gmt":"2012-09-11T11:13:58","guid":{"rendered":"https:\/\/editura-unibuc.ro\/?p=1994"},"modified":"2015-03-12T21:22:57","modified_gmt":"2015-03-12T19:22:57","slug":"como-hablan-los-jovenes-de-hoy-el-habla-de-los-jovenes-mexicanos-en-veracruz-estudio-monografico","status":"publish","type":"product","link":"https:\/\/editura-unibuc.ro\/en\/como-hablan-los-jovenes-de-hoy-el-habla-de-los-jovenes-mexicanos-en-veracruz-estudio-monografico\/","title":{"rendered":"PRESENT-DAY YOUNG PEOPLE&#8217;S WAY OF TALKING: THE LANGUAGE OF YOUNG MEXICANS IN VERACRUZ"},"content":{"rendered":"<p>La gente j\u00f3ven encuentra un punto de apoyo firme en la utilizaci\u00f3n de los medios de expresi\u00f3n diferenciales por medio de los cuales puede revelar su interior, demostrar su originalidad, fantas\u00eda y sentido de humor y sobre todo por los que se diferencia del resto de la sociedad que es lo que le gusta y lo que quiere.<\/p>\n<p>Muchas expresiones juveniles, sin embargo, pasan a formar parte del sistema e incluso pueden entrar en los diccionarios o gram\u00e1ticas. El vocabulario del mundo de las drogas (<strong>caballo<\/strong>, <strong>camello<\/strong>, <strong>canuto<\/strong>) o del internet (<strong>chatear<\/strong>, <strong>chip<\/strong>, <strong>deletear<\/strong>) es utilizado no solamente por los j\u00f3venes, sino tambi\u00e9n por los medios de comunicaci\u00f3n, los padres, profesores, escritores etc.<\/p>\n","protected":false},"excerpt":{"rendered":"<p>La gente j\u00f3ven encuentra un punto de apoyo firme en la utilizaci\u00f3n de los medios de expresi\u00f3n diferenciales por medio de los cuales puede revelar su interior, demostrar su originalidad, fantas\u00eda y sentido de humor y sobre todo por los que se diferencia del resto de la sociedad que es lo que le gusta y [&hellip;]<\/p>\n","protected":false},"featured_media":10914,"comment_status":"open","ping_status":"closed","template":"","meta":[],"product_brand":[],"product_cat":[858],"product_tag":[937,938,880],"class_list":{"0":"post-1994","1":"product","2":"type-product","3":"status-publish","4":"has-post-thumbnail","6":"product_cat-colectia-romanica","7":"product_tag-mexic","8":"product_tag-mexican","9":"product_tag-spaniola","11":"first","12":"instock","13":"shipping-taxable","14":"purchasable","15":"product-type-simple"},"_links":{"self":[{"href":"https:\/\/editura-unibuc.ro\/en\/wp-json\/wp\/v2\/product\/1994","targetHints":{"allow":["GET"]}}],"collection":[{"href":"https:\/\/editura-unibuc.ro\/en\/wp-json\/wp\/v2\/product"}],"about":[{"href":"https:\/\/editura-unibuc.ro\/en\/wp-json\/wp\/v2\/types\/product"}],"replies":[{"embeddable":true,"href":"https:\/\/editura-unibuc.ro\/en\/wp-json\/wp\/v2\/comments?post=1994"}],"wp:featuredmedia":[{"embeddable":true,"href":"https:\/\/editura-unibuc.ro\/en\/wp-json\/wp\/v2\/media\/10914"}],"wp:attachment":[{"href":"https:\/\/editura-unibuc.ro\/en\/wp-json\/wp\/v2\/media?parent=1994"}],"wp:term":[{"taxonomy":"product_brand","embeddable":true,"href":"https:\/\/editura-unibuc.ro\/en\/wp-json\/wp\/v2\/product_brand?post=1994"},{"taxonomy":"product_cat","embeddable":true,"href":"https:\/\/editura-unibuc.ro\/en\/wp-json\/wp\/v2\/product_cat?post=1994"},{"taxonomy":"product_tag","embeddable":true,"href":"https:\/\/editura-unibuc.ro\/en\/wp-json\/wp\/v2\/product_tag?post=1994"}],"curies":[{"name":"wp","href":"https:\/\/api.w.org\/{rel}","templated":true}]}}