{"id":19995,"date":"2017-09-29T11:08:38","date_gmt":"2017-09-29T08:08:38","guid":{"rendered":"https:\/\/editura-unibuc.ro\/?post_type=product&#038;p=19995"},"modified":"2017-09-29T11:08:38","modified_gmt":"2017-09-29T08:08:38","slug":"academic-writing","status":"publish","type":"product","link":"https:\/\/editura-unibuc.ro\/en\/academic-writing\/","title":{"rendered":"ACADEMIC WRITING"},"content":{"rendered":"<p>Aceast\u0103 carte trateaz\u0103 subiectul \u201cscrierea academic\u0103\u201d, un subiect la mod\u0103 ast\u0103zi \u00een lumea academic\u0103 american\u0103 \u015fi nu numai. Cartea a ap\u0103rut din necesitatea existen\u0163ei unui astfel de volum \u00een lumea universitar\u0103 rom\u00e2neasc\u0103 unde, de\u015fi se predau cursuri pe acest subiect, \u00eenc\u0103 nu au ap\u0103rut suficiente texte care s\u0103 abordeze aceast\u0103 tem\u0103.<br \/>\nVolumul se adreseaz\u0103 at\u00e2t studen\u0163ilor, c\u00e2t \u015fi profesorilor \u015fi este structurat \u00een \u015faptesprezece capitole, fiecare capitol trat\u00e2nd c\u00e2te un subiect legat de scrierea academic\u0103. <\/p>\n<p>Ioana Cosma este lector de limba englez\u0103 la departamentul de Limbi str\u0103ine aplicate al Universit\u0103\u0163ii din Pite\u015fti. Are un doctorat \u00een literatura comparat\u0103 la Universitatea din Toronto despre figura \u00eengerului \u00een literatura modernist\u0103. A condus cercetare postdoctoral\u0103 la Universitatea din Bucure\u015fti despre conceptual uit\u0103rii \u00een literatura \u015fi filosofia moderne. Ariile ei principale de cercetare sunt: literatura modern\u0103, filosofia \u015fi literatura.<\/p>\n","protected":false},"excerpt":{"rendered":"<p>Aceast\u0103 carte trateaz\u0103 subiectul \u201cscrierea academic\u0103\u201d, un subiect la mod\u0103 ast\u0103zi \u00een lumea academic\u0103 american\u0103 \u015fi nu numai. Cartea a ap\u0103rut din necesitatea existen\u0163ei unui astfel de volum \u00een lumea universitar\u0103 rom\u00e2neasc\u0103 unde, de\u015fi se predau cursuri pe acest subiect, \u00eenc\u0103 nu au ap\u0103rut suficiente texte care s\u0103 abordeze aceast\u0103 tem\u0103. Volumul se adreseaz\u0103 at\u00e2t [&hellip;]<\/p>\n","protected":false},"featured_media":19996,"comment_status":"open","ping_status":"closed","template":"","meta":[],"product_brand":[],"product_cat":[1464,976],"product_tag":[2796,1020,2792,2797,2795,2794,2793],"class_list":{"0":"post-19995","1":"product","2":"type-product","3":"status-publish","4":"has-post-thumbnail","6":"product_cat-filologie","7":"product_cat-limba-engleza","8":"product_tag-ba-thesis","9":"product_tag-english","10":"product_tag-ioana-cosma","11":"product_tag-maphd-dissertation","12":"product_tag-mla","13":"product_tag-scriere-academica","14":"product_tag-writing","16":"first","17":"outofstock","18":"shipping-taxable","19":"purchasable","20":"product-type-simple"},"_links":{"self":[{"href":"https:\/\/editura-unibuc.ro\/en\/wp-json\/wp\/v2\/product\/19995","targetHints":{"allow":["GET"]}}],"collection":[{"href":"https:\/\/editura-unibuc.ro\/en\/wp-json\/wp\/v2\/product"}],"about":[{"href":"https:\/\/editura-unibuc.ro\/en\/wp-json\/wp\/v2\/types\/product"}],"replies":[{"embeddable":true,"href":"https:\/\/editura-unibuc.ro\/en\/wp-json\/wp\/v2\/comments?post=19995"}],"wp:featuredmedia":[{"embeddable":true,"href":"https:\/\/editura-unibuc.ro\/en\/wp-json\/wp\/v2\/media\/19996"}],"wp:attachment":[{"href":"https:\/\/editura-unibuc.ro\/en\/wp-json\/wp\/v2\/media?parent=19995"}],"wp:term":[{"taxonomy":"product_brand","embeddable":true,"href":"https:\/\/editura-unibuc.ro\/en\/wp-json\/wp\/v2\/product_brand?post=19995"},{"taxonomy":"product_cat","embeddable":true,"href":"https:\/\/editura-unibuc.ro\/en\/wp-json\/wp\/v2\/product_cat?post=19995"},{"taxonomy":"product_tag","embeddable":true,"href":"https:\/\/editura-unibuc.ro\/en\/wp-json\/wp\/v2\/product_tag?post=19995"}],"curies":[{"name":"wp","href":"https:\/\/api.w.org\/{rel}","templated":true}]}}