{"id":19997,"date":"2017-09-29T11:10:21","date_gmt":"2017-09-29T08:10:21","guid":{"rendered":"https:\/\/editura-unibuc.ro\/?post_type=product&#038;p=19997"},"modified":"2017-11-17T12:42:04","modified_gmt":"2017-11-17T10:42:04","slug":"o-olhar-a-traves","status":"publish","type":"product","link":"https:\/\/editura-unibuc.ro\/en\/o-olhar-a-traves\/","title":{"rendered":"O OLHAR A TRAVES"},"content":{"rendered":"<p>Lucrarea de fa\u0163\u0103 reprezint\u0103 un studiu semiotic asupra povestirilor fantastice ale lui Sophia de Mello Breyner Andresen.<\/p>\n","protected":false},"excerpt":{"rendered":"<p>Lucrarea de fa\u0163\u0103 reprezint\u0103 un studiu semiotic asupra povestirilor fantastice ale lui Sophia de Mello Breyner Andresen.<\/p>\n","protected":false},"featured_media":19998,"comment_status":"open","ping_status":"closed","template":"","meta":[],"product_brand":[],"product_cat":[1531,856,1464,980],"product_tag":[2798,2800,963,2799],"class_list":{"0":"post-19997","1":"product","2":"type-product","3":"status-publish","4":"has-post-thumbnail","6":"product_cat-colectii","7":"product_cat-colectia-lci-limbi-culturi-identitati","8":"product_cat-filologie","9":"product_cat-limbi-romanice-clasice-si-orientale","10":"product_tag-anca-milu-vaidesegan","11":"product_tag-contos","12":"product_tag-espanol","13":"product_tag-sophia-de-mello-bryner-andresen","15":"first","16":"instock","17":"shipping-taxable","18":"purchasable","19":"product-type-simple"},"_links":{"self":[{"href":"https:\/\/editura-unibuc.ro\/en\/wp-json\/wp\/v2\/product\/19997","targetHints":{"allow":["GET"]}}],"collection":[{"href":"https:\/\/editura-unibuc.ro\/en\/wp-json\/wp\/v2\/product"}],"about":[{"href":"https:\/\/editura-unibuc.ro\/en\/wp-json\/wp\/v2\/types\/product"}],"replies":[{"embeddable":true,"href":"https:\/\/editura-unibuc.ro\/en\/wp-json\/wp\/v2\/comments?post=19997"}],"wp:featuredmedia":[{"embeddable":true,"href":"https:\/\/editura-unibuc.ro\/en\/wp-json\/wp\/v2\/media\/19998"}],"wp:attachment":[{"href":"https:\/\/editura-unibuc.ro\/en\/wp-json\/wp\/v2\/media?parent=19997"}],"wp:term":[{"taxonomy":"product_brand","embeddable":true,"href":"https:\/\/editura-unibuc.ro\/en\/wp-json\/wp\/v2\/product_brand?post=19997"},{"taxonomy":"product_cat","embeddable":true,"href":"https:\/\/editura-unibuc.ro\/en\/wp-json\/wp\/v2\/product_cat?post=19997"},{"taxonomy":"product_tag","embeddable":true,"href":"https:\/\/editura-unibuc.ro\/en\/wp-json\/wp\/v2\/product_tag?post=19997"}],"curies":[{"name":"wp","href":"https:\/\/api.w.org\/{rel}","templated":true}]}}