{"id":2001,"date":"2012-09-12T10:33:22","date_gmt":"2012-09-12T07:33:22","guid":{"rendered":"https:\/\/editura-unibuc.ro\/?p=2001"},"modified":"2025-04-08T13:51:11","modified_gmt":"2025-04-08T10:51:11","slug":"de-rebus-italiae","status":"publish","type":"product","link":"https:\/\/editura-unibuc.ro\/en\/de-rebus-italiae\/","title":{"rendered":"DE REBUS ITALIAE"},"content":{"rendered":"<p>Ritratti. Studi letterari. Linguistica. Din cuprins: Corina Anton, ,,<strong>Quei che sono fuor del gioco<\/strong>. Gli interlocutori sprovveduti in un dialogo di Giordano Bruno.\u201d Oana Bo\u0219ca-M\u0103lin, ,,Nuovi movimenti letterari: tra fenomeno artistico e artefatto editoriale\u201d. Miruna Bulumete, ,,Tommaso Landolfi \u2013 Un Dal\u00ec letterario\u201d. Eleonora C\u0103rc\u0103leanu, ,,Ovidiu v\u0103zut de Leopardi\u201d. Guido Ceronetti, ,,Cioran, lo squartatore misericordioso. Nota introduttiva di Alberto Castaldini, direttore dell\u2019Istituto Italiano di Cultura di Bucarest.\u201d Hanibal St\u0103nculescu, ,,Anamorfosi lirico-narrative nell\u2019opera di Cesare Pavese. Trasfigurazione, demitizzazione. Note sul personaggio mitico nel teatro di Alberto Savinio.\u201d Simona Fianu, ,,I geosinonimi e le marche d\u2019uso dei dizionari italiani\u201d. Anamaria Geb\u0103il\u0103, ,,Sinestesia e isotopia del testo letterario\u201d.<\/p>\n","protected":false},"excerpt":{"rendered":"<p>Ritratti. Studi letterari. Linguistica. Din cuprins: Corina Anton, ,,Quei che sono fuor del gioco. Gli interlocutori sprovveduti in un dialogo di Giordano Bruno.\u201d Oana Bo\u0219ca-M\u0103lin, ,,Nuovi movimenti letterari: tra fenomeno artistico e artefatto editoriale\u201d. Miruna Bulumete, ,,Tommaso Landolfi \u2013 Un Dal\u00ec letterario\u201d. Eleonora C\u0103rc\u0103leanu, ,,Ovidiu v\u0103zut de Leopardi\u201d. Guido Ceronetti, ,,Cioran, lo squartatore misericordioso. Nota [&hellip;]<\/p>\n","protected":false},"featured_media":10910,"comment_status":"open","ping_status":"closed","template":"","meta":[],"product_brand":[],"product_cat":[858],"product_tag":[924],"class_list":{"0":"post-2001","1":"product","2":"type-product","3":"status-publish","4":"has-post-thumbnail","6":"product_cat-colectia-romanica","7":"product_tag-italiana","9":"first","10":"outofstock","11":"shipping-taxable","12":"purchasable","13":"product-type-simple"},"_links":{"self":[{"href":"https:\/\/editura-unibuc.ro\/en\/wp-json\/wp\/v2\/product\/2001","targetHints":{"allow":["GET"]}}],"collection":[{"href":"https:\/\/editura-unibuc.ro\/en\/wp-json\/wp\/v2\/product"}],"about":[{"href":"https:\/\/editura-unibuc.ro\/en\/wp-json\/wp\/v2\/types\/product"}],"replies":[{"embeddable":true,"href":"https:\/\/editura-unibuc.ro\/en\/wp-json\/wp\/v2\/comments?post=2001"}],"wp:featuredmedia":[{"embeddable":true,"href":"https:\/\/editura-unibuc.ro\/en\/wp-json\/wp\/v2\/media\/10910"}],"wp:attachment":[{"href":"https:\/\/editura-unibuc.ro\/en\/wp-json\/wp\/v2\/media?parent=2001"}],"wp:term":[{"taxonomy":"product_brand","embeddable":true,"href":"https:\/\/editura-unibuc.ro\/en\/wp-json\/wp\/v2\/product_brand?post=2001"},{"taxonomy":"product_cat","embeddable":true,"href":"https:\/\/editura-unibuc.ro\/en\/wp-json\/wp\/v2\/product_cat?post=2001"},{"taxonomy":"product_tag","embeddable":true,"href":"https:\/\/editura-unibuc.ro\/en\/wp-json\/wp\/v2\/product_tag?post=2001"}],"curies":[{"name":"wp","href":"https:\/\/api.w.org\/{rel}","templated":true}]}}