{"id":20017,"date":"2017-10-01T17:29:51","date_gmt":"2017-10-01T14:29:51","guid":{"rendered":"https:\/\/editura-unibuc.ro\/?post_type=product&#038;p=20017"},"modified":"2019-10-11T10:56:39","modified_gmt":"2019-10-11T07:56:39","slug":"studii-de-biblioteconomie-si-stiinta-informarii-nr-202016","status":"publish","type":"product","link":"https:\/\/editura-unibuc.ro\/en\/studii-de-biblioteconomie-si-stiinta-informarii-nr-202016\/","title":{"rendered":"STUDII DE BIBLIOTECONOMIE \u015eI \u015eTIIN\u0162A INFORM\u0102RII, Nr. 20\/2016"},"content":{"rendered":"<p><em>Studii de Biblioteconomie \u015fi \u015etiin\u0163a Inform\u0103rii\/Library and Information Science Research<\/em> este o revist\u0103 \u015ftiin\u0163ific\u0103 cu apari\u0163ie anual\u0103, editat\u0103 de Colectivul de \u015etiin\u0163e ale Inform\u0103rii \u015fi Document\u0103rii din cadrul Facult\u0103\u0163ii de Litere a Universit\u0103\u0163ii din Bucure\u015fti, care se adreseaz\u0103 bibliotecarilor, speciali\u015ftilor \u00een informare \u015fi documentare, managerilor din structurile infodocumentare, profesorilor, cercet\u0103torilor \u015fi studen\u0163ilor interesa\u0163i de aspecte inedite privind circula\u0163ia c\u0103r\u0163ii \u015fi a informa\u0163iei.<\/p>\n","protected":false},"excerpt":{"rendered":"<p>Studii de Biblioteconomie \u015fi \u015etiin\u0163a Inform\u0103rii\/Library and Information Science Research este o revist\u0103 \u015ftiin\u0163ific\u0103 cu apari\u0163ie anual\u0103, editat\u0103 de Colectivul de \u015etiin\u0163e ale Inform\u0103rii \u015fi Document\u0103rii din cadrul Facult\u0103\u0163ii de Litere a Universit\u0103\u0163ii din Bucure\u015fti, care se adreseaz\u0103 bibliotecarilor, speciali\u015ftilor \u00een informare \u015fi documentare, managerilor din structurile infodocumentare, profesorilor, cercet\u0103torilor \u015fi studen\u0163ilor interesa\u0163i de aspecte [&hellip;]<\/p>\n","protected":false},"featured_media":20018,"comment_status":"open","ping_status":"closed","template":"","meta":[],"product_brand":[],"product_cat":[1464,979],"product_tag":[2058,2056,1291,1142,2057,1215],"class_list":{"0":"post-20017","1":"product","2":"type-product","3":"status-publish","4":"has-post-thumbnail","6":"product_cat-filologie","7":"product_cat-limba-romana","8":"product_tag-arhive","9":"product_tag-bibliotecari","10":"product_tag-biblioteci","11":"product_tag-biblioteconomie","12":"product_tag-marketing-cultural","13":"product_tag-media","15":"first","16":"outofstock","17":"shipping-taxable","18":"purchasable","19":"product-type-simple"},"_links":{"self":[{"href":"https:\/\/editura-unibuc.ro\/en\/wp-json\/wp\/v2\/product\/20017","targetHints":{"allow":["GET"]}}],"collection":[{"href":"https:\/\/editura-unibuc.ro\/en\/wp-json\/wp\/v2\/product"}],"about":[{"href":"https:\/\/editura-unibuc.ro\/en\/wp-json\/wp\/v2\/types\/product"}],"replies":[{"embeddable":true,"href":"https:\/\/editura-unibuc.ro\/en\/wp-json\/wp\/v2\/comments?post=20017"}],"wp:featuredmedia":[{"embeddable":true,"href":"https:\/\/editura-unibuc.ro\/en\/wp-json\/wp\/v2\/media\/20018"}],"wp:attachment":[{"href":"https:\/\/editura-unibuc.ro\/en\/wp-json\/wp\/v2\/media?parent=20017"}],"wp:term":[{"taxonomy":"product_brand","embeddable":true,"href":"https:\/\/editura-unibuc.ro\/en\/wp-json\/wp\/v2\/product_brand?post=20017"},{"taxonomy":"product_cat","embeddable":true,"href":"https:\/\/editura-unibuc.ro\/en\/wp-json\/wp\/v2\/product_cat?post=20017"},{"taxonomy":"product_tag","embeddable":true,"href":"https:\/\/editura-unibuc.ro\/en\/wp-json\/wp\/v2\/product_tag?post=20017"}],"curies":[{"name":"wp","href":"https:\/\/api.w.org\/{rel}","templated":true}]}}