{"id":20021,"date":"2017-10-01T17:34:06","date_gmt":"2017-10-01T14:34:06","guid":{"rendered":"https:\/\/editura-unibuc.ro\/?post_type=product&#038;p=20021"},"modified":"2018-02-02T13:30:20","modified_gmt":"2018-02-02T11:30:20","slug":"probleme-ale-discursului-raportat","status":"publish","type":"product","link":"https:\/\/editura-unibuc.ro\/en\/probleme-ale-discursului-raportat\/","title":{"rendered":"PROBLEME ALE DISCURSULUI RAPORTAT"},"content":{"rendered":"<p>&#8220;Scris\u0103 alert, clar, cu o brevilocven\u021b\u0103 care surprinde esen\u021bialul, cartea construie\u0219te un spa\u021biu complex de cunoa\u0219tere cu fiecare prezentare teoretic\u0103 nou\u0103, care este sus\u021binut\u0103 prin exemple variate, luate din toate registrele limbii \u0219i din toate tipurile de discurs. Exemplele dinamizeaz\u0103 lectura \u0219i, prin comentariile care le \u00eenso\u021besc, pun \u00een practic\u0103 strategia metodologic\u0103 a autorului de a verifica p\u00e2n\u0103 unde se \u00eentinde puterea explicativ\u0103 a teoriei. Mai mult, fiecare mare sec\u021biune a c\u0103r\u021bii se \u00eencheie cu o analiz\u0103 detaliat\u0103 a unui text mai larg. Astfel, cititorul asist\u0103, \u00een zona explica\u021biilor, la derularea mecanismelor \u0219i a detaliilor fine implicate de fenomenul universal al polifoniei \u00een cadrul comunic\u0103rii.&#8221;<\/p>\n<p style=\"text-align: right;\">Ariadna \u0218tef\u0103nescu<\/p>\n","protected":false},"excerpt":{"rendered":"<p>&#8220;Scris\u0103 alert, clar, cu o brevilocven\u021b\u0103 care surprinde esen\u021bialul, cartea construie\u0219te un spa\u021biu complex de cunoa\u0219tere cu fiecare prezentare teoretic\u0103 nou\u0103, care este sus\u021binut\u0103 prin exemple variate, luate din toate registrele limbii \u0219i din toate tipurile de discurs. Exemplele dinamizeaz\u0103 lectura \u0219i, prin comentariile care le \u00eenso\u021besc, pun \u00een practic\u0103 strategia metodologic\u0103 a autorului de [&hellip;]<\/p>\n","protected":false},"featured_media":20022,"comment_status":"open","ping_status":"closed","template":"","meta":[],"product_brand":[],"product_cat":[1531,2756,1464,979],"product_tag":[2802,2803,895],"class_list":{"0":"post-20021","1":"product","2":"type-product","3":"status-publish","4":"has-post-thumbnail","6":"product_cat-colectii","7":"product_cat-lingvistica-lingua","8":"product_cat-filologie","9":"product_cat-limba-romana","10":"product_tag-cezar-balasoiu","11":"product_tag-discursul-raportat","12":"product_tag-lingvistica","14":"first","15":"instock","16":"shipping-taxable","17":"purchasable","18":"product-type-simple"},"_links":{"self":[{"href":"https:\/\/editura-unibuc.ro\/en\/wp-json\/wp\/v2\/product\/20021","targetHints":{"allow":["GET"]}}],"collection":[{"href":"https:\/\/editura-unibuc.ro\/en\/wp-json\/wp\/v2\/product"}],"about":[{"href":"https:\/\/editura-unibuc.ro\/en\/wp-json\/wp\/v2\/types\/product"}],"replies":[{"embeddable":true,"href":"https:\/\/editura-unibuc.ro\/en\/wp-json\/wp\/v2\/comments?post=20021"}],"wp:featuredmedia":[{"embeddable":true,"href":"https:\/\/editura-unibuc.ro\/en\/wp-json\/wp\/v2\/media\/20022"}],"wp:attachment":[{"href":"https:\/\/editura-unibuc.ro\/en\/wp-json\/wp\/v2\/media?parent=20021"}],"wp:term":[{"taxonomy":"product_brand","embeddable":true,"href":"https:\/\/editura-unibuc.ro\/en\/wp-json\/wp\/v2\/product_brand?post=20021"},{"taxonomy":"product_cat","embeddable":true,"href":"https:\/\/editura-unibuc.ro\/en\/wp-json\/wp\/v2\/product_cat?post=20021"},{"taxonomy":"product_tag","embeddable":true,"href":"https:\/\/editura-unibuc.ro\/en\/wp-json\/wp\/v2\/product_tag?post=20021"}],"curies":[{"name":"wp","href":"https:\/\/api.w.org\/{rel}","templated":true}]}}