{"id":20023,"date":"2017-10-01T17:35:54","date_gmt":"2017-10-01T14:35:54","guid":{"rendered":"https:\/\/editura-unibuc.ro\/?post_type=product&#038;p=20023"},"modified":"2025-08-28T11:00:31","modified_gmt":"2025-08-28T08:00:31","slug":"fifty-years-in-the-university","status":"publish","type":"product","link":"https:\/\/editura-unibuc.ro\/en\/fifty-years-in-the-university\/","title":{"rendered":"FIFTY YEARS IN THE UNIVERSITY"},"content":{"rendered":"<p>Nadia Anghelescu \u015fi-a desf\u0103\u015furat \u00eentreaga carier\u0103 didactic\u0103 \u015fi \u015ftiin\u0163ific\u0103 \u00een cadrul Universit\u0103\u0163ii din Bucure\u015fti: din 1962, c\u00e2nd a terminat studiile ca \u015fef de promo\u0163ie, p\u00e2n\u0103 \u00een 2008, c\u00e2nd s-a pensionat la cerere, a urcat aici toate treptele carierei, de la preparator (asistent stagiar) la cel de profesor \u015fi \u015fef de catedr\u0103, la v\u00e2rsta de 36 de ani. A fost invitat\u0103 sau deta\u015fat\u0103 pe perioade mai scurte, c\u00e2teva luni sau un an, ca profesor la College de France, la Ecole Normale Superieure de la Paris sau Universite Lyon 3 \u015fi a \u0163inut conferin\u0163e la mari universit\u0103\u0163i din Elve\u0163ia, Italia, Damasc, Emiratele Arabe Unite. A publicat 9 volume \u015fi peste patruzeci de studii \u00een publica\u0163ii \u015ftiin\u0163ifice din Anglia, Fran\u0163a, Germania, Liban, S.U.A. etc. <\/p>\n","protected":false},"excerpt":{"rendered":"<p>Nadia Anghelescu \u015fi-a desf\u0103\u015furat \u00eentreaga carier\u0103 didactic\u0103 \u015fi \u015ftiin\u0163ific\u0103 \u00een cadrul Universit\u0103\u0163ii din Bucure\u015fti: din 1962, c\u00e2nd a terminat studiile ca \u015fef de promo\u0163ie, p\u00e2n\u0103 \u00een 2008, c\u00e2nd s-a pensionat la cerere, a urcat aici toate treptele carierei, de la preparator (asistent stagiar) la cel de profesor \u015fi \u015fef de catedr\u0103, la v\u00e2rsta de 36 [&hellip;]<\/p>\n","protected":false},"featured_media":20024,"comment_status":"open","ping_status":"closed","template":"","meta":[],"product_brand":[],"product_cat":[1464,980],"product_tag":[2804,1075],"class_list":{"0":"post-20023","1":"product","2":"type-product","3":"status-publish","4":"has-post-thumbnail","6":"product_cat-filologie","7":"product_cat-limbi-romanice-clasice-si-orientale","8":"product_tag-nadia-anghelescu","9":"product_tag-universitatea-din-bucuresti","11":"first","12":"instock","13":"shipping-taxable","14":"purchasable","15":"product-type-simple"},"_links":{"self":[{"href":"https:\/\/editura-unibuc.ro\/en\/wp-json\/wp\/v2\/product\/20023","targetHints":{"allow":["GET"]}}],"collection":[{"href":"https:\/\/editura-unibuc.ro\/en\/wp-json\/wp\/v2\/product"}],"about":[{"href":"https:\/\/editura-unibuc.ro\/en\/wp-json\/wp\/v2\/types\/product"}],"replies":[{"embeddable":true,"href":"https:\/\/editura-unibuc.ro\/en\/wp-json\/wp\/v2\/comments?post=20023"}],"wp:featuredmedia":[{"embeddable":true,"href":"https:\/\/editura-unibuc.ro\/en\/wp-json\/wp\/v2\/media\/20024"}],"wp:attachment":[{"href":"https:\/\/editura-unibuc.ro\/en\/wp-json\/wp\/v2\/media?parent=20023"}],"wp:term":[{"taxonomy":"product_brand","embeddable":true,"href":"https:\/\/editura-unibuc.ro\/en\/wp-json\/wp\/v2\/product_brand?post=20023"},{"taxonomy":"product_cat","embeddable":true,"href":"https:\/\/editura-unibuc.ro\/en\/wp-json\/wp\/v2\/product_cat?post=20023"},{"taxonomy":"product_tag","embeddable":true,"href":"https:\/\/editura-unibuc.ro\/en\/wp-json\/wp\/v2\/product_tag?post=20023"}],"curies":[{"name":"wp","href":"https:\/\/api.w.org\/{rel}","templated":true}]}}