{"id":20025,"date":"2017-10-01T17:37:27","date_gmt":"2017-10-01T14:37:27","guid":{"rendered":"https:\/\/editura-unibuc.ro\/?post_type=product&#038;p=20025"},"modified":"2020-05-21T17:23:21","modified_gmt":"2020-05-21T14:23:21","slug":"protectie-speciala","status":"publish","type":"product","link":"https:\/\/editura-unibuc.ro\/en\/protectie-speciala\/","title":{"rendered":"PROTEC\u0162IE SPECIAL\u0102"},"content":{"rendered":"<p>\u201cSubliniem importan\u021ba inform\u0103rii, a educ\u0103rii tuturor persoanelor din societate asupra drepturilor omului, a drepturilor persoanelor cu dizabilit\u0103\u021bi, \u00een scopul cre\u0219terii gradului de con\u0219tientizare a problematicii referitoare la persoanele cu dizabilit\u0103\u021bi, a cunoa\u0219terii \u0219i respect\u0103rii drepturilor acestora, a elimin\u0103rii discrimin\u0103rii de orice fel, a combaterii stereotipurilor \u0219i a prejudec\u0103\u021bilor referitoare la oameni.\u201d<\/p>\n<p style=\"text-align: right\">Valentina Vartic<\/p>\n<p><\/p>","protected":false},"excerpt":{"rendered":"<p>\u201cSubliniem importan\u021ba inform\u0103rii, a educ\u0103rii tuturor persoanelor din societate asupra drepturilor omului, a drepturilor persoanelor cu dizabilit\u0103\u021bi, \u00een scopul cre\u0219terii gradului de con\u0219tientizare a problematicii referitoare la persoanele cu dizabilit\u0103\u021bi, a cunoa\u0219terii \u0219i respect\u0103rii drepturilor acestora, a elimin\u0103rii discrimin\u0103rii de orice fel, a combaterii stereotipurilor \u0219i a prejudec\u0103\u021bilor referitoare la oameni.\u201d Valentina Vartic<\/p>\n","protected":false},"featured_media":20026,"comment_status":"open","ping_status":"closed","template":"","meta":[],"product_brand":[],"product_cat":[991,997,998],"product_tag":[2806,2236,2805],"class_list":{"0":"post-20025","1":"product","2":"type-product","3":"status-publish","4":"has-post-thumbnail","6":"product_cat-stiinte-sociale","7":"product_cat-psihologie-stiintele-educatiei-si-pedagogie","8":"product_cat-sociologie-si-asistenta-sociala","9":"product_tag-drepturile-persoanelor-cu-dizabilitati","10":"product_tag-protectie-sociala","11":"product_tag-valentina-vartic","13":"first","14":"outofstock","15":"shipping-taxable","16":"purchasable","17":"product-type-simple"},"_links":{"self":[{"href":"https:\/\/editura-unibuc.ro\/en\/wp-json\/wp\/v2\/product\/20025","targetHints":{"allow":["GET"]}}],"collection":[{"href":"https:\/\/editura-unibuc.ro\/en\/wp-json\/wp\/v2\/product"}],"about":[{"href":"https:\/\/editura-unibuc.ro\/en\/wp-json\/wp\/v2\/types\/product"}],"replies":[{"embeddable":true,"href":"https:\/\/editura-unibuc.ro\/en\/wp-json\/wp\/v2\/comments?post=20025"}],"wp:featuredmedia":[{"embeddable":true,"href":"https:\/\/editura-unibuc.ro\/en\/wp-json\/wp\/v2\/media\/20026"}],"wp:attachment":[{"href":"https:\/\/editura-unibuc.ro\/en\/wp-json\/wp\/v2\/media?parent=20025"}],"wp:term":[{"taxonomy":"product_brand","embeddable":true,"href":"https:\/\/editura-unibuc.ro\/en\/wp-json\/wp\/v2\/product_brand?post=20025"},{"taxonomy":"product_cat","embeddable":true,"href":"https:\/\/editura-unibuc.ro\/en\/wp-json\/wp\/v2\/product_cat?post=20025"},{"taxonomy":"product_tag","embeddable":true,"href":"https:\/\/editura-unibuc.ro\/en\/wp-json\/wp\/v2\/product_tag?post=20025"}],"curies":[{"name":"wp","href":"https:\/\/api.w.org\/{rel}","templated":true}]}}