{"id":20029,"date":"2017-10-01T17:42:05","date_gmt":"2017-10-01T14:42:05","guid":{"rendered":"https:\/\/editura-unibuc.ro\/?post_type=product&#038;p=20029"},"modified":"2017-10-01T17:42:05","modified_gmt":"2017-10-01T14:42:05","slug":"identificarea-solutiilor-pentru-imbunatatirea-aplicarii-tratatelor-in-romania-in-contextul-calitatii-de-stat-membru-al-uniunii-europene","status":"publish","type":"product","link":"https:\/\/editura-unibuc.ro\/en\/identificarea-solutiilor-pentru-imbunatatirea-aplicarii-tratatelor-in-romania-in-contextul-calitatii-de-stat-membru-al-uniunii-europene\/","title":{"rendered":"IDENTIFICAREA SOLU\u0162IILOR PENTRU \u00ceMBUN\u0102T\u0102\u0162IREA APLIC\u0102RII TRATATELOR \u00ceN ROM\u00c2NIA, \u00ceN CONTEXTUL CALIT\u0102\u0162II DE STAT MEMBRU AL UNIUNII EUROPENE"},"content":{"rendered":"<p>Prezenta lucrare reprezint\u0103 o colec\u021bie de studii ale membrilor echipei de cercetare dedicate proiectului men\u021bionat \u015fi \u00ee\u015fi propune dou\u0103 scopuri principale: \u00een primul r\u00e2nd, s\u0103 studieze mecanismele prin care dreptul intern al statelor \u201ed\u0103 via\u0163\u0103\u201d obliga\u0163iilor dreptului interna\u0163ional \u015fi, \u00een al doilea r\u00e2nd, s\u0103 studieze problema complex\u0103 a \u201edublului dedoublement fonctionnel\u201d care poate fi reg\u0103sit \u00een cazul statelor membre ale Uniunii Europene. <\/p>\n","protected":false},"excerpt":{"rendered":"<p>Prezenta lucrare reprezint\u0103 o colec\u021bie de studii ale membrilor echipei de cercetare dedicate proiectului men\u021bionat \u015fi \u00ee\u015fi propune dou\u0103 scopuri principale: \u00een primul r\u00e2nd, s\u0103 studieze mecanismele prin care dreptul intern al statelor \u201ed\u0103 via\u0163\u0103\u201d obliga\u0163iilor dreptului interna\u0163ional \u015fi, \u00een al doilea r\u00e2nd, s\u0103 studieze problema complex\u0103 a \u201edublului dedoublement fonctionnel\u201d care poate fi reg\u0103sit [&hellip;]<\/p>\n","protected":false},"featured_media":20030,"comment_status":"open","ping_status":"closed","template":"","meta":[],"product_brand":[],"product_cat":[991,995],"product_tag":[2807,2809,2811,2808,2810,1428],"class_list":{"0":"post-20029","1":"product","2":"type-product","3":"status-publish","4":"has-post-thumbnail","6":"product_cat-stiinte-sociale","7":"product_cat-istorie-stiinte-politice","8":"product_tag-drept","9":"product_tag-drept-international","10":"product_tag-ion-galea","11":"product_tag-stiinte-juridice","12":"product_tag-tratate","13":"product_tag-uniunea-europeana","15":"first","16":"outofstock","17":"shipping-taxable","18":"purchasable","19":"product-type-simple"},"_links":{"self":[{"href":"https:\/\/editura-unibuc.ro\/en\/wp-json\/wp\/v2\/product\/20029","targetHints":{"allow":["GET"]}}],"collection":[{"href":"https:\/\/editura-unibuc.ro\/en\/wp-json\/wp\/v2\/product"}],"about":[{"href":"https:\/\/editura-unibuc.ro\/en\/wp-json\/wp\/v2\/types\/product"}],"replies":[{"embeddable":true,"href":"https:\/\/editura-unibuc.ro\/en\/wp-json\/wp\/v2\/comments?post=20029"}],"wp:featuredmedia":[{"embeddable":true,"href":"https:\/\/editura-unibuc.ro\/en\/wp-json\/wp\/v2\/media\/20030"}],"wp:attachment":[{"href":"https:\/\/editura-unibuc.ro\/en\/wp-json\/wp\/v2\/media?parent=20029"}],"wp:term":[{"taxonomy":"product_brand","embeddable":true,"href":"https:\/\/editura-unibuc.ro\/en\/wp-json\/wp\/v2\/product_brand?post=20029"},{"taxonomy":"product_cat","embeddable":true,"href":"https:\/\/editura-unibuc.ro\/en\/wp-json\/wp\/v2\/product_cat?post=20029"},{"taxonomy":"product_tag","embeddable":true,"href":"https:\/\/editura-unibuc.ro\/en\/wp-json\/wp\/v2\/product_tag?post=20029"}],"curies":[{"name":"wp","href":"https:\/\/api.w.org\/{rel}","templated":true}]}}