{"id":2004,"date":"2012-09-12T10:47:12","date_gmt":"2012-09-12T07:47:12","guid":{"rendered":"https:\/\/editura-unibuc.ro\/?p=2004"},"modified":"2024-09-06T09:02:11","modified_gmt":"2024-09-06T06:02:11","slug":"las-lenguas-romanicas-y-la-neologia","status":"publish","type":"product","link":"https:\/\/editura-unibuc.ro\/en\/las-lenguas-romanicas-y-la-neologia\/","title":{"rendered":"NEOLOGY IN ROMANCE LANGUAGES"},"content":{"rendered":"<p>\u201cLas lenguas rom\u00e1nicas y la neologia\u201d este tema analizat\u0103 \u00een num\u0103rul 3 al periodicului \u201cRomanica\u201d. \u00cen cele 7 studii publicate, cerecet\u0103tori rom\u00e2ni, spanioli \u0219i italieni aduc noi elemente interpretative asupra unor neologisme deja intrate \u00een uzul comunic\u0103rii cotidiene. \u201cUn tip special de etimologie multipl\u0103: neologisme rom\u00e2ne\u0219ti care se explic\u0103 formal prin latin\u0103 \u0219i semnatic prin francez\u0103\u201d, \u201c\u00cemprumuturi lexicale recente din limba italian\u0103\u201d, \u201cneologismul \u00een limba italian\u0103\u201d, \u201cCuvinte bumerang. Studiu de caz: neologismul <strong>vintage\u201d <\/strong>sunt doar c\u00e2teva dintre titlurile cercet\u0103rilor.<\/p>\n","protected":false},"excerpt":{"rendered":"<p>\u201cLas lenguas rom\u00e1nicas y la neologia\u201d este tema analizat\u0103 \u00een num\u0103rul 3 al periodicului \u201cRomanica\u201d. \u00cen cele 7 studii publicate, cerecet\u0103tori rom\u00e2ni, spanioli \u0219i italieni aduc noi elemente interpretative asupra unor neologisme deja intrate \u00een uzul comunic\u0103rii cotidiene. \u201cUn tip special de etimologie multipl\u0103: neologisme rom\u00e2ne\u0219ti care se explic\u0103 formal prin latin\u0103 \u0219i semnatic prin [&hellip;]<\/p>\n","protected":false},"featured_media":10907,"comment_status":"open","ping_status":"closed","template":"","meta":[],"product_brand":[],"product_cat":[858],"product_tag":[936,880],"class_list":{"0":"post-2004","1":"product","2":"type-product","3":"status-publish","4":"has-post-thumbnail","6":"product_cat-colectia-romanica","7":"product_tag-limbi-romanice","8":"product_tag-spaniola","10":"first","11":"outofstock","12":"shipping-taxable","13":"purchasable","14":"product-type-simple"},"_links":{"self":[{"href":"https:\/\/editura-unibuc.ro\/en\/wp-json\/wp\/v2\/product\/2004","targetHints":{"allow":["GET"]}}],"collection":[{"href":"https:\/\/editura-unibuc.ro\/en\/wp-json\/wp\/v2\/product"}],"about":[{"href":"https:\/\/editura-unibuc.ro\/en\/wp-json\/wp\/v2\/types\/product"}],"replies":[{"embeddable":true,"href":"https:\/\/editura-unibuc.ro\/en\/wp-json\/wp\/v2\/comments?post=2004"}],"wp:featuredmedia":[{"embeddable":true,"href":"https:\/\/editura-unibuc.ro\/en\/wp-json\/wp\/v2\/media\/10907"}],"wp:attachment":[{"href":"https:\/\/editura-unibuc.ro\/en\/wp-json\/wp\/v2\/media?parent=2004"}],"wp:term":[{"taxonomy":"product_brand","embeddable":true,"href":"https:\/\/editura-unibuc.ro\/en\/wp-json\/wp\/v2\/product_brand?post=2004"},{"taxonomy":"product_cat","embeddable":true,"href":"https:\/\/editura-unibuc.ro\/en\/wp-json\/wp\/v2\/product_cat?post=2004"},{"taxonomy":"product_tag","embeddable":true,"href":"https:\/\/editura-unibuc.ro\/en\/wp-json\/wp\/v2\/product_tag?post=2004"}],"curies":[{"name":"wp","href":"https:\/\/api.w.org\/{rel}","templated":true}]}}