{"id":2009,"date":"2012-09-12T10:54:58","date_gmt":"2012-09-12T07:54:58","guid":{"rendered":"https:\/\/editura-unibuc.ro\/?p=2009"},"modified":"2015-03-12T21:20:20","modified_gmt":"2015-03-12T19:20:20","slug":"lengua-cultura-e-identidad-romanicas","status":"publish","type":"product","link":"https:\/\/editura-unibuc.ro\/en\/lengua-cultura-e-identidad-romanicas\/","title":{"rendered":"ROMANCE LANGUAGE, CULTURE AND IDENTITY"},"content":{"rendered":"<p>Din cuprins: Aurora Fir\u021ba, ,,Arta leopardian\u0103 a <strong>cuv\u00e2ntului vag<\/strong> vs arta quasimodian\u0103 a <strong>cuv\u00e2ntului reificat<\/strong>\u201d. Corina Nu\u021bu, ,,A perspectica p\u00f3s-modernista sobre a hist\u00f3ria no conto <strong>A Inaudita Guerra da Avenida Gago Coutinho<\/strong> de M\u00e1rio de Carvalho\u201d. Melania Stancu, ,,Key-concepts in the metanarrative discourse of the Spanish avant-garde novel: <strong>Estaci\u00f3n.<\/strong> <strong>Ida y Vuelta<\/strong> by Rosa Chacel\u201d. Hanibal St\u0103nciulescu, ,,Rimedi postmoderni per il mal d\u2019amore\u201d. Andreea Teletin, ,,N\u00e9gation, proc\u00e9d\u00e9s de modalisation et discours publicitaire (portugais, fran\u00e7ais, roumain)\u201d.<\/p>\n","protected":false},"excerpt":{"rendered":"<p>Din cuprins: Aurora Fir\u021ba, ,,Arta leopardian\u0103 a cuv\u00e2ntului vag vs arta quasimodian\u0103 a cuv\u00e2ntului reificat\u201d. Corina Nu\u021bu, ,,A perspectica p\u00f3s-modernista sobre a hist\u00f3ria no conto A Inaudita Guerra da Avenida Gago Coutinho de M\u00e1rio de Carvalho\u201d. Melania Stancu, ,,Key-concepts in the metanarrative discourse of the Spanish avant-garde novel: Estaci\u00f3n. Ida y Vuelta by Rosa Chacel\u201d. [&hellip;]<\/p>\n","protected":false},"featured_media":10904,"comment_status":"open","ping_status":"closed","template":"","meta":[],"product_brand":[],"product_cat":[858],"product_tag":[936,880],"class_list":{"0":"post-2009","1":"product","2":"type-product","3":"status-publish","4":"has-post-thumbnail","6":"product_cat-colectia-romanica","7":"product_tag-limbi-romanice","8":"product_tag-spaniola","10":"first","11":"instock","12":"shipping-taxable","13":"purchasable","14":"product-type-simple"},"_links":{"self":[{"href":"https:\/\/editura-unibuc.ro\/en\/wp-json\/wp\/v2\/product\/2009","targetHints":{"allow":["GET"]}}],"collection":[{"href":"https:\/\/editura-unibuc.ro\/en\/wp-json\/wp\/v2\/product"}],"about":[{"href":"https:\/\/editura-unibuc.ro\/en\/wp-json\/wp\/v2\/types\/product"}],"replies":[{"embeddable":true,"href":"https:\/\/editura-unibuc.ro\/en\/wp-json\/wp\/v2\/comments?post=2009"}],"wp:featuredmedia":[{"embeddable":true,"href":"https:\/\/editura-unibuc.ro\/en\/wp-json\/wp\/v2\/media\/10904"}],"wp:attachment":[{"href":"https:\/\/editura-unibuc.ro\/en\/wp-json\/wp\/v2\/media?parent=2009"}],"wp:term":[{"taxonomy":"product_brand","embeddable":true,"href":"https:\/\/editura-unibuc.ro\/en\/wp-json\/wp\/v2\/product_brand?post=2009"},{"taxonomy":"product_cat","embeddable":true,"href":"https:\/\/editura-unibuc.ro\/en\/wp-json\/wp\/v2\/product_cat?post=2009"},{"taxonomy":"product_tag","embeddable":true,"href":"https:\/\/editura-unibuc.ro\/en\/wp-json\/wp\/v2\/product_tag?post=2009"}],"curies":[{"name":"wp","href":"https:\/\/api.w.org\/{rel}","templated":true}]}}