{"id":20134,"date":"2017-10-08T12:47:17","date_gmt":"2017-10-08T09:47:17","guid":{"rendered":"https:\/\/editura-unibuc.ro\/?post_type=product&#038;p=20134"},"modified":"2017-10-08T12:47:17","modified_gmt":"2017-10-08T09:47:17","slug":"literatura-bulgara-timpuri-vechi-si-noi","status":"publish","type":"product","link":"https:\/\/editura-unibuc.ro\/en\/literatura-bulgara-timpuri-vechi-si-noi\/","title":{"rendered":"LITERATURA BULGAR\u0102: TIMPURI VECHI \u015eI NOI"},"content":{"rendered":"<p>Volumul de fa\u0163\u0103 reune\u015fte autori \u015fi opere din \u00eentreaga literatur\u0103 bulgar\u0103 \u015fi se adreseaz\u0103 cercurilor largi de cititori, iubitori de cultur\u0103 \u015fi literatur\u0103 slav\u0103. \u00cen acela\u015fi timp, \u00een carte se urm\u0103re\u015fte conturarea unei imagini a personalit\u0103\u0163ilor literare importante, a evolu\u0163iei structurilor narative din evul mediu p\u00e2n\u0103 \u00een contemporaneitate.<\/p>\n","protected":false},"excerpt":{"rendered":"<p>Volumul de fa\u0163\u0103 reune\u015fte autori \u015fi opere din \u00eentreaga literatur\u0103 bulgar\u0103 \u015fi se adreseaz\u0103 cercurilor largi de cititori, iubitori de cultur\u0103 \u015fi literatur\u0103 slav\u0103. \u00cen acela\u015fi timp, \u00een carte se urm\u0103re\u015fte conturarea unei imagini a personalit\u0103\u0163ilor literare importante, a evolu\u0163iei structurilor narative din evul mediu p\u00e2n\u0103 \u00een contemporaneitate.<\/p>\n","protected":false},"featured_media":20135,"comment_status":"open","ping_status":"closed","template":"","meta":[],"product_brand":[],"product_cat":[1531,2653,1464,981],"product_tag":[2813,2814,2815],"class_list":{"0":"post-20134","1":"product","2":"type-product","3":"status-publish","4":"has-post-thumbnail","6":"product_cat-colectii","7":"product_cat-biblioteca-de-slavistica","8":"product_cat-filologie","9":"product_cat-limbi-slave","10":"product_tag-catalina-puiu","11":"product_tag-literatura-veche","12":"product_tag-moderna-si-contemporana-bulgara","14":"first","15":"instock","16":"shipping-taxable","17":"purchasable","18":"product-type-simple"},"_links":{"self":[{"href":"https:\/\/editura-unibuc.ro\/en\/wp-json\/wp\/v2\/product\/20134","targetHints":{"allow":["GET"]}}],"collection":[{"href":"https:\/\/editura-unibuc.ro\/en\/wp-json\/wp\/v2\/product"}],"about":[{"href":"https:\/\/editura-unibuc.ro\/en\/wp-json\/wp\/v2\/types\/product"}],"replies":[{"embeddable":true,"href":"https:\/\/editura-unibuc.ro\/en\/wp-json\/wp\/v2\/comments?post=20134"}],"wp:featuredmedia":[{"embeddable":true,"href":"https:\/\/editura-unibuc.ro\/en\/wp-json\/wp\/v2\/media\/20135"}],"wp:attachment":[{"href":"https:\/\/editura-unibuc.ro\/en\/wp-json\/wp\/v2\/media?parent=20134"}],"wp:term":[{"taxonomy":"product_brand","embeddable":true,"href":"https:\/\/editura-unibuc.ro\/en\/wp-json\/wp\/v2\/product_brand?post=20134"},{"taxonomy":"product_cat","embeddable":true,"href":"https:\/\/editura-unibuc.ro\/en\/wp-json\/wp\/v2\/product_cat?post=20134"},{"taxonomy":"product_tag","embeddable":true,"href":"https:\/\/editura-unibuc.ro\/en\/wp-json\/wp\/v2\/product_tag?post=20134"}],"curies":[{"name":"wp","href":"https:\/\/api.w.org\/{rel}","templated":true}]}}