{"id":2022,"date":"2012-09-12T11:38:24","date_gmt":"2012-09-12T08:38:24","guid":{"rendered":"https:\/\/editura-unibuc.ro\/?p=2022"},"modified":"2022-04-20T22:10:31","modified_gmt":"2022-04-20T19:10:31","slug":"dictionar-etimologic-de-antonime-neologice","status":"publish","type":"product","link":"https:\/\/editura-unibuc.ro\/en\/dictionar-etimologic-de-antonime-neologice\/","title":{"rendered":"ETYMOLOGICAL DICTIONARY OF NEOLOGICAL ANTONYMS"},"content":{"rendered":"<p>\u201e<strong>Dic\u021bionarul etimologic de antonime neologice <\/strong>al lui Cristian Moroianu ofer\u0103 un inventar lexical extrem de bogat \u0219i unitar, care ilustreaz\u0103 aproape exhaustiv fenomenul antonimiei \u00een limba literar\u0103 actual\u0103. Prin prefa\u021ba dens\u0103 \u0219i argumentat\u0103, dar mai ales prin organizarea complex\u0103 a materialului, volumul propune o imagine conving\u0103toare a caracterului sistematic al antonimiei \u0219i a importan\u021bei acesteia \u00een organizarea vocabularului. Cartea, care se caracterizeaz\u0103 prin rigoare \u0219tiin\u021bific\u0103, precizie a defini\u021biilor \u0219i a distinc\u021biilor semantice \u0219i printr-o redactare meticuloas\u0103, impecabil\u0103 din punct de vedere filologic, \u00eencorporeaz\u0103 o mare cantitate de munc\u0103 intelectual\u0103 \u0219i confirm\u0103 maturitatea \u0219tiin\u021bific\u0103 a autorului, forma\u021bia sa de lexicolog, lexicograf \u0219i cercet\u0103tor al etimologiei\u201d. (Prof. univ. dr. Rodica Zafiu)<\/p>\n<p>\u201eLexicologii \u0219i lexicografii vor g\u0103si \u00een paginile acestei c\u0103r\u021bi exemple utile pentru atestarea, respectiv pentru ilustrarea unor forme sau a unor semnifica\u021bii. Speciali\u0219tii \u00een etimologie vor putea evalua la justa valoare indica\u021biile etimologice (multe cuprinz\u00e2nd corect\u0103ri sau nuan\u021b\u0103ri ale unor solu\u021bii anterioare). Cercet\u0103torii limbii literare vor afla material interesant pentru evolu\u021bia lexicului neologic, inclusiv pentru stabilirea ponderii crea\u021biilor analogice sau a termenilor cu structur\u0103 analizabil\u0103 \u00een cadrul acestuia. Iar studen\u021bii filologi vor putea utiliza cu profit materialul \u00eenregistrat pentru \u00een\u021belegerea prelegerilor de lexicologie sau \u00een cadrul cursurilor speciale \u0219i de masterat.\u201d (Prof. univ. dr. Gheorghe Chivu)<\/p>\n","protected":false},"excerpt":{"rendered":"<p>\u201eDic\u021bionarul etimologic de antonime neologice al lui Cristian Moroianu ofer\u0103 un inventar lexical extrem de bogat \u0219i unitar, care ilustreaz\u0103 aproape exhaustiv fenomenul antonimiei \u00een limba literar\u0103 actual\u0103. Prin prefa\u021ba dens\u0103 \u0219i argumentat\u0103, dar mai ales prin organizarea complex\u0103 a materialului, volumul propune o imagine conving\u0103toare a caracterului sistematic al antonimiei \u0219i a importan\u021bei acesteia [&hellip;]<\/p>\n","protected":false},"featured_media":13655,"comment_status":"open","ping_status":"closed","template":"","meta":[],"product_brand":[],"product_cat":[1464,979],"product_tag":[883,925],"class_list":{"0":"post-2022","1":"product","2":"type-product","3":"status-publish","4":"has-post-thumbnail","6":"product_cat-filologie","7":"product_cat-limba-romana","8":"product_tag-dictionar","9":"product_tag-romana","11":"first","12":"outofstock","13":"shipping-taxable","14":"purchasable","15":"product-type-simple"},"_links":{"self":[{"href":"https:\/\/editura-unibuc.ro\/en\/wp-json\/wp\/v2\/product\/2022","targetHints":{"allow":["GET"]}}],"collection":[{"href":"https:\/\/editura-unibuc.ro\/en\/wp-json\/wp\/v2\/product"}],"about":[{"href":"https:\/\/editura-unibuc.ro\/en\/wp-json\/wp\/v2\/types\/product"}],"replies":[{"embeddable":true,"href":"https:\/\/editura-unibuc.ro\/en\/wp-json\/wp\/v2\/comments?post=2022"}],"wp:featuredmedia":[{"embeddable":true,"href":"https:\/\/editura-unibuc.ro\/en\/wp-json\/wp\/v2\/media\/13655"}],"wp:attachment":[{"href":"https:\/\/editura-unibuc.ro\/en\/wp-json\/wp\/v2\/media?parent=2022"}],"wp:term":[{"taxonomy":"product_brand","embeddable":true,"href":"https:\/\/editura-unibuc.ro\/en\/wp-json\/wp\/v2\/product_brand?post=2022"},{"taxonomy":"product_cat","embeddable":true,"href":"https:\/\/editura-unibuc.ro\/en\/wp-json\/wp\/v2\/product_cat?post=2022"},{"taxonomy":"product_tag","embeddable":true,"href":"https:\/\/editura-unibuc.ro\/en\/wp-json\/wp\/v2\/product_tag?post=2022"}],"curies":[{"name":"wp","href":"https:\/\/api.w.org\/{rel}","templated":true}]}}