{"id":2030,"date":"2012-09-12T12:47:49","date_gmt":"2012-09-12T09:47:49","guid":{"rendered":"https:\/\/editura-unibuc.ro\/?p=2030"},"modified":"2024-02-14T09:31:10","modified_gmt":"2024-02-14T07:31:10","slug":"limba-romana-dinamica-limbii-dinamica-interpretarii-actele-celui-de-al-7-lea-colocviu-al-catedrei-de-limba-romana-7-8-decembrie-2007","status":"publish","type":"product","link":"https:\/\/editura-unibuc.ro\/en\/limba-romana-dinamica-limbii-dinamica-interpretarii-actele-celui-de-al-7-lea-colocviu-al-catedrei-de-limba-romana-7-8-decembrie-2007\/","title":{"rendered":"THE ROMANIAN LANGUAGE. EVOLUTION OF LANGUAGE, EVOLUTION OF INTERPRETATION. PROCEEDINGS OF THE 7TH SYMPOSIUM OF THE ROMANIAN LANGUAGE DEPARTMENT (DECEMBER 7TH-8TH 2007)"},"content":{"rendered":"<p>Volumul <strong>Limba rom\u00e2n\u0103. Dinamica limbii, dinamica interpret\u0103rii<\/strong>, al VII-lea din ciclul de volume destinate descrierii \u0219i interpret\u0103rii limbii rom\u00e2ne, examineaz\u0103 <strong>dinamica limbii<\/strong> (pe de o parte, ca <strong>dinamic\u0103 sincronic\u0103 <\/strong>\u2013 pentru momentul actual de limb\u0103, iar pe de alta, ca <strong>dinamic\u0103 diacronic\u0103 <\/strong>\u2013 aspecte ale evolu\u021biei de la limba veche la limba actual\u0103). \u00cen plus, volumul examineaz\u0103 \u0219i <strong>dinamica interpret\u0103rii<\/strong>, adic\u0103 modific\u0103rile de concep\u021bie, de metodologie \u0219i terminologie survenite \u00een lingvistica rom\u00e2neasc\u0103 a ultimilor ani. Cele dou\u0103 aspecte, de\u0219i complementare, se influen\u021beaz\u0103 reciproc, \u00een sensul c\u0103 orice evolu\u021bie teoretic\u0103 \u0219i metodologic\u0103 \u00ee\u0219i dovede\u0219te utilitatea \u0219i \u00ee\u0219i m\u0103soar\u0103 eficien\u021ba prin performan\u021bele aplicative pe care le aduce. \u0218i, invers, noile fapte \u0219i detalii ob\u021binute din examinarea dinamicii unei limbi pot sugera modalit\u0103\u021bi noi de interpretare a categoriilor \u0219i a claselor lingvistice.<\/p>\n<p>Cartea de fa\u021b\u0103 continu\u0103 demersul investig\u0103rii limbii rom\u00e2ne sub ambele aspecte: <strong>descriptiv <\/strong>\u0219i <strong>interpretativ<\/strong>.<\/p>","protected":false},"excerpt":{"rendered":"<p>Volumul Limba rom\u00e2n\u0103. Dinamica limbii, dinamica interpret\u0103rii, al VII-lea din ciclul de volume destinate descrierii \u0219i interpret\u0103rii limbii rom\u00e2ne, examineaz\u0103 dinamica limbii (pe de o parte, ca dinamic\u0103 sincronic\u0103 \u2013 pentru momentul actual de limb\u0103, iar pe de alta, ca dinamic\u0103 diacronic\u0103 \u2013 aspecte ale evolu\u021biei de la limba veche la limba actual\u0103). \u00cen plus, [&hellip;]<\/p>\n","protected":false},"featured_media":10892,"comment_status":"open","ping_status":"closed","template":"","meta":[],"product_brand":[],"product_cat":[1464,979],"product_tag":[895,925],"class_list":{"0":"post-2030","1":"product","2":"type-product","3":"status-publish","4":"has-post-thumbnail","6":"product_cat-filologie","7":"product_cat-limba-romana","8":"product_tag-lingvistica","9":"product_tag-romana","11":"first","12":"outofstock","13":"shipping-taxable","14":"purchasable","15":"product-type-simple"},"_links":{"self":[{"href":"https:\/\/editura-unibuc.ro\/en\/wp-json\/wp\/v2\/product\/2030","targetHints":{"allow":["GET"]}}],"collection":[{"href":"https:\/\/editura-unibuc.ro\/en\/wp-json\/wp\/v2\/product"}],"about":[{"href":"https:\/\/editura-unibuc.ro\/en\/wp-json\/wp\/v2\/types\/product"}],"replies":[{"embeddable":true,"href":"https:\/\/editura-unibuc.ro\/en\/wp-json\/wp\/v2\/comments?post=2030"}],"wp:featuredmedia":[{"embeddable":true,"href":"https:\/\/editura-unibuc.ro\/en\/wp-json\/wp\/v2\/media\/10892"}],"wp:attachment":[{"href":"https:\/\/editura-unibuc.ro\/en\/wp-json\/wp\/v2\/media?parent=2030"}],"wp:term":[{"taxonomy":"product_brand","embeddable":true,"href":"https:\/\/editura-unibuc.ro\/en\/wp-json\/wp\/v2\/product_brand?post=2030"},{"taxonomy":"product_cat","embeddable":true,"href":"https:\/\/editura-unibuc.ro\/en\/wp-json\/wp\/v2\/product_cat?post=2030"},{"taxonomy":"product_tag","embeddable":true,"href":"https:\/\/editura-unibuc.ro\/en\/wp-json\/wp\/v2\/product_tag?post=2030"}],"curies":[{"name":"wp","href":"https:\/\/api.w.org\/{rel}","templated":true}]}}