{"id":20332,"date":"2017-10-16T10:58:25","date_gmt":"2017-10-16T07:58:25","guid":{"rendered":"https:\/\/editura-unibuc.ro\/?post_type=product&#038;p=20332"},"modified":"2022-11-14T12:09:20","modified_gmt":"2022-11-14T10:09:20","slug":"respir-shakespeare-vol-i","status":"publish","type":"product","link":"https:\/\/editura-unibuc.ro\/en\/respir-shakespeare-vol-i\/","title":{"rendered":"RESPIR SHAKESPEARE. VOL. I"},"content":{"rendered":"<p>\u00cen con\u0163inutul acestor texte av\u00e2ndu-l \u00een centrul aten\u0163iei pe Shakespeare, s-a mizat pe varietatea punctelor de vedere, a tipurilor de abordare, a temelor, a stilului \u015fi a tonurilor autorilor.<\/p>\n<p><strong>Sebastian Grama<\/strong> a absolvit Facultatea de Filosofie a Universit\u0103\u0163ii din Bucure\u015fti \u00een anul 1994. Este cadru didactic universitar al aceleia\u015fi facult\u0103\u0163i din anul 1996 \u015fi doctor \u00een filosofie din anul 1998. Printre cursurile predate se num\u0103r\u0103 \u201cFilosofia imaginarului\u201d \u015fi \u201cIstoria retoricii\u201d. A semnat dou\u0103sprezece volume ca autor unic, dintre care nou\u0103 c\u0103r\u0163i de specialitate la Editura Universit\u0103\u0163ii din Bucure\u015fti. Apropiat totodat\u0103 de teatru, este membru fondator \u015fi pre\u015fedinte al Asocia\u0163iei culturale \u201cHestugma\u201d \u015fi al festivalului \u201cRespir Shakespeare\u201d, ajuns \u00een anul 2016 la cea de-a 7-a edi\u0163ie.<\/p>\n","protected":false},"excerpt":{"rendered":"<p>\u00cen con\u0163inutul acestor texte av\u00e2ndu-l \u00een centrul aten\u0163iei pe Shakespeare, s-a mizat pe varietatea punctelor de vedere, a tipurilor de abordare, a temelor, a stilului \u015fi a tonurilor autorilor. Sebastian Grama a absolvit Facultatea de Filosofie a Universit\u0103\u0163ii din Bucure\u015fti \u00een anul 1994. Este cadru didactic universitar al aceleia\u015fi facult\u0103\u0163i din anul 1996 \u015fi doctor [&hellip;]<\/p>\n","protected":false},"featured_media":20333,"comment_status":"open","ping_status":"closed","template":"","meta":[],"product_brand":[],"product_cat":[1531,2554,991,994],"product_tag":[2819,2820,2526,2645,1339],"class_list":{"0":"post-20332","1":"product","2":"type-product","3":"status-publish","4":"has-post-thumbnail","6":"product_cat-colectii","7":"product_cat-istoria-filosofiei","8":"product_cat-stiinte-sociale","9":"product_cat-filosofie","10":"product_tag-hamlet","11":"product_tag-othello","12":"product_tag-sebastian-grama","13":"product_tag-shakespeare","14":"product_tag-teatru","16":"first","17":"outofstock","18":"shipping-taxable","19":"purchasable","20":"product-type-simple"},"_links":{"self":[{"href":"https:\/\/editura-unibuc.ro\/en\/wp-json\/wp\/v2\/product\/20332","targetHints":{"allow":["GET"]}}],"collection":[{"href":"https:\/\/editura-unibuc.ro\/en\/wp-json\/wp\/v2\/product"}],"about":[{"href":"https:\/\/editura-unibuc.ro\/en\/wp-json\/wp\/v2\/types\/product"}],"replies":[{"embeddable":true,"href":"https:\/\/editura-unibuc.ro\/en\/wp-json\/wp\/v2\/comments?post=20332"}],"wp:featuredmedia":[{"embeddable":true,"href":"https:\/\/editura-unibuc.ro\/en\/wp-json\/wp\/v2\/media\/20333"}],"wp:attachment":[{"href":"https:\/\/editura-unibuc.ro\/en\/wp-json\/wp\/v2\/media?parent=20332"}],"wp:term":[{"taxonomy":"product_brand","embeddable":true,"href":"https:\/\/editura-unibuc.ro\/en\/wp-json\/wp\/v2\/product_brand?post=20332"},{"taxonomy":"product_cat","embeddable":true,"href":"https:\/\/editura-unibuc.ro\/en\/wp-json\/wp\/v2\/product_cat?post=20332"},{"taxonomy":"product_tag","embeddable":true,"href":"https:\/\/editura-unibuc.ro\/en\/wp-json\/wp\/v2\/product_tag?post=20332"}],"curies":[{"name":"wp","href":"https:\/\/api.w.org\/{rel}","templated":true}]}}