{"id":20334,"date":"2017-10-16T11:01:45","date_gmt":"2017-10-16T08:01:45","guid":{"rendered":"https:\/\/editura-unibuc.ro\/?post_type=product&#038;p=20334"},"modified":"2020-06-24T10:39:38","modified_gmt":"2020-06-24T07:39:38","slug":"acad-gheorghe-vladutescu-80-de-ani","status":"publish","type":"product","link":"https:\/\/editura-unibuc.ro\/en\/acad-gheorghe-vladutescu-80-de-ani\/","title":{"rendered":"ACAD. GHEORGHE VL\u0102DU\u0162ESCU \u2013 80 DE ANI"},"content":{"rendered":"<p>\u201cLa urma urmelor nu cite\u0219ti doar ca s\u0103 \u0219tii, ci ca s\u0103 g\u00e2nde\u0219ti cu ceea ce \u0219tii. Aveam adesea s\u0103 le spun studen\u021bilor mei c\u0103 dac\u0103 nu po\u021bi s\u0103 g\u00e2nde\u0219ti cu o filosofie \u201eistoric\u0103\u201d, dac\u0103 nu e\u0219ti \u00eenc\u0103 \u00een stare s\u0103 treci faptul \u00een argument, lectura trebuie reluat\u0103. La ce ar fi de folos un \u201ePlaton\u201d \u0219tiut doar? Aplic\u00e2ndu-m\u0103 <em>istoric<\/em> filosofiei (de mult\u0103 vreme nu mai vorbesc despre <em>istoria<\/em> filosofiei) am c\u0103utat \u00een cele ce am scris \u0219i \u00een lec\u021bii s\u0103 \u00eendemn la o asemenea lectur\u0103. Sunt mul\u021bi, \u0219i \u00eenc\u0103 \u0219coli\u021bi, care identific\u0103 istoria filosofiei ca hermeneutic\u0103 aplicat\u0103 cu propria reprezentare str\u00e2mb\u0103.\u201d<\/p>\n<p style=\"text-align: right\">Acad. Gheorghe Vl\u0103du\u0163escu<\/p>\n","protected":false},"excerpt":{"rendered":"<p>\u201cLa urma urmelor nu cite\u0219ti doar ca s\u0103 \u0219tii, ci ca s\u0103 g\u00e2nde\u0219ti cu ceea ce \u0219tii. Aveam adesea s\u0103 le spun studen\u021bilor mei c\u0103 dac\u0103 nu po\u021bi s\u0103 g\u00e2nde\u0219ti cu o filosofie \u201eistoric\u0103\u201d, dac\u0103 nu e\u0219ti \u00eenc\u0103 \u00een stare s\u0103 treci faptul \u00een argument, lectura trebuie reluat\u0103. La ce ar fi de folos un [&hellip;]<\/p>\n","protected":false},"featured_media":20335,"comment_status":"open","ping_status":"closed","template":"","meta":[],"product_brand":[],"product_cat":[1531,2509,991,994],"product_tag":[2822,921,2824,2823,2821],"class_list":{"0":"post-20334","1":"product","2":"type-product","3":"status-publish","4":"has-post-thumbnail","6":"product_cat-colectii","7":"product_cat-personalitati-ale-universitatii-din-bucuresti","8":"product_cat-stiinte-sociale","9":"product_cat-filosofie","10":"product_tag-acad-gheorghe-vladutescu","11":"product_tag-filosofie","12":"product_tag-filosofie-greaca","13":"product_tag-idei-filosofice","14":"product_tag-sabin-totu","16":"first","17":"outofstock","18":"shipping-taxable","19":"purchasable","20":"product-type-simple"},"_links":{"self":[{"href":"https:\/\/editura-unibuc.ro\/en\/wp-json\/wp\/v2\/product\/20334","targetHints":{"allow":["GET"]}}],"collection":[{"href":"https:\/\/editura-unibuc.ro\/en\/wp-json\/wp\/v2\/product"}],"about":[{"href":"https:\/\/editura-unibuc.ro\/en\/wp-json\/wp\/v2\/types\/product"}],"replies":[{"embeddable":true,"href":"https:\/\/editura-unibuc.ro\/en\/wp-json\/wp\/v2\/comments?post=20334"}],"wp:featuredmedia":[{"embeddable":true,"href":"https:\/\/editura-unibuc.ro\/en\/wp-json\/wp\/v2\/media\/20335"}],"wp:attachment":[{"href":"https:\/\/editura-unibuc.ro\/en\/wp-json\/wp\/v2\/media?parent=20334"}],"wp:term":[{"taxonomy":"product_brand","embeddable":true,"href":"https:\/\/editura-unibuc.ro\/en\/wp-json\/wp\/v2\/product_brand?post=20334"},{"taxonomy":"product_cat","embeddable":true,"href":"https:\/\/editura-unibuc.ro\/en\/wp-json\/wp\/v2\/product_cat?post=20334"},{"taxonomy":"product_tag","embeddable":true,"href":"https:\/\/editura-unibuc.ro\/en\/wp-json\/wp\/v2\/product_tag?post=20334"}],"curies":[{"name":"wp","href":"https:\/\/api.w.org\/{rel}","templated":true}]}}