{"id":20336,"date":"2017-10-16T11:03:34","date_gmt":"2017-10-16T08:03:34","guid":{"rendered":"https:\/\/editura-unibuc.ro\/?post_type=product&#038;p=20336"},"modified":"2025-08-28T11:56:29","modified_gmt":"2025-08-28T08:56:29","slug":"o-reconstructie-istorica-a-sistemului-metafizicii","status":"publish","type":"product","link":"https:\/\/editura-unibuc.ro\/en\/o-reconstructie-istorica-a-sistemului-metafizicii\/","title":{"rendered":"O RECONSTRUC\u0162IE ISTORIC\u0102 A SISTEMULUI METAFIZICII"},"content":{"rendered":"<p>Ontologia \u00ee\u015fi \u00eencepea istoria cu filosofia \u00eens\u0103\u015fi, de\u015fi termenul este de inven\u0163ie t\u00e2rzie, post-antic\u0103.<br \/>\nDou\u0103 sunt modalit\u0103\u0163ile de reconstruc\u0163ie formal\u0103 a metafizicii: una este \u201cistoric\u0103\u201d, alta \u201csistematic\u0103\u201d. Distinc\u0163ia \u00eens\u0103 este \u00een ordinea metodei, de unde \u015fi oarecari riscuri de inadecva\u0163ie, de vreme ce \u00een filosofie problema istoriei \u015fi a sistemului se pune \u00eentruc\u00e2tva altfel dec\u00e2t \u00een istoria \u015ftiin\u0163elor.<\/p>\n<p>Profesor consultant la Facultatea de Filosofie, membru titular al Academiei Rom\u00e2ne, GHEORGHE VL\u0102DU\u021aESCU a st\u0103ruit \u00een multe din cele 35 de c\u0103r\u021bi publicate asupra g\u00e2ndirii filosofice a vechilor greci.<\/p>\n","protected":false},"excerpt":{"rendered":"<p>Ontologia \u00ee\u015fi \u00eencepea istoria cu filosofia \u00eens\u0103\u015fi, de\u015fi termenul este de inven\u0163ie t\u00e2rzie, post-antic\u0103. Dou\u0103 sunt modalit\u0103\u0163ile de reconstruc\u0163ie formal\u0103 a metafizicii: una este \u201cistoric\u0103\u201d, alta \u201csistematic\u0103\u201d. Distinc\u0163ia \u00eens\u0103 este \u00een ordinea metodei, de unde \u015fi oarecari riscuri de inadecva\u0163ie, de vreme ce \u00een filosofie problema istoriei \u015fi a sistemului se pune \u00eentruc\u00e2tva altfel dec\u00e2t [&hellip;]<\/p>\n","protected":false},"featured_media":20337,"comment_status":"open","ping_status":"closed","template":"","meta":[],"product_brand":[],"product_cat":[1531,2554,991,994],"product_tag":[2828,2109,2827,960,2829,2825,2830,2831,2826],"class_list":{"0":"post-20336","1":"product","2":"type-product","3":"status-publish","4":"has-post-thumbnail","6":"product_cat-colectii","7":"product_cat-istoria-filosofiei","8":"product_cat-stiinte-sociale","9":"product_cat-filosofie","10":"product_tag-fiinta","11":"product_tag-gheorghe-vladutescu","12":"product_tag-imanenta","13":"product_tag-metafizica","14":"product_tag-nefiinta","15":"product_tag-ontologie","16":"product_tag-spatiu","17":"product_tag-timp","18":"product_tag-transcendenta","20":"first","21":"instock","22":"shipping-taxable","23":"purchasable","24":"product-type-simple"},"_links":{"self":[{"href":"https:\/\/editura-unibuc.ro\/en\/wp-json\/wp\/v2\/product\/20336","targetHints":{"allow":["GET"]}}],"collection":[{"href":"https:\/\/editura-unibuc.ro\/en\/wp-json\/wp\/v2\/product"}],"about":[{"href":"https:\/\/editura-unibuc.ro\/en\/wp-json\/wp\/v2\/types\/product"}],"replies":[{"embeddable":true,"href":"https:\/\/editura-unibuc.ro\/en\/wp-json\/wp\/v2\/comments?post=20336"}],"wp:featuredmedia":[{"embeddable":true,"href":"https:\/\/editura-unibuc.ro\/en\/wp-json\/wp\/v2\/media\/20337"}],"wp:attachment":[{"href":"https:\/\/editura-unibuc.ro\/en\/wp-json\/wp\/v2\/media?parent=20336"}],"wp:term":[{"taxonomy":"product_brand","embeddable":true,"href":"https:\/\/editura-unibuc.ro\/en\/wp-json\/wp\/v2\/product_brand?post=20336"},{"taxonomy":"product_cat","embeddable":true,"href":"https:\/\/editura-unibuc.ro\/en\/wp-json\/wp\/v2\/product_cat?post=20336"},{"taxonomy":"product_tag","embeddable":true,"href":"https:\/\/editura-unibuc.ro\/en\/wp-json\/wp\/v2\/product_tag?post=20336"}],"curies":[{"name":"wp","href":"https:\/\/api.w.org\/{rel}","templated":true}]}}