{"id":20340,"date":"2017-10-16T11:07:22","date_gmt":"2017-10-16T08:07:22","guid":{"rendered":"https:\/\/editura-unibuc.ro\/?post_type=product&#038;p=20340"},"modified":"2025-08-08T10:01:05","modified_gmt":"2025-08-08T07:01:05","slug":"elemente-de-mecanica-statistica-cuantica","status":"publish","type":"product","link":"https:\/\/editura-unibuc.ro\/en\/elemente-de-mecanica-statistica-cuantica\/","title":{"rendered":"ELEMENTE DE MECANIC\u0102 STATISTIC\u0102 CUANTIC\u0102"},"content":{"rendered":"<p>Lucrarea, actualizat\u0103 cu programa european\u0103 universitar\u0103, este bazat\u0103 pe cursul \u015fi seminarul \u201cTermodinamic\u0103 \u015fi Fizic\u0103 Statistic\u0103\u201d, predate de autor \u015fi de asemenea pe partea de mecanic\u0103 statistic\u0103 cuantic\u0103 a cursului \u015fi seminarului Mecanic\u0103 cuantic\u0103 avansat\u0103 \u015fi Fizic\u0103 statistic\u0103 cuantic\u0103, predate studen\u0163ilor de la masterat.<br \/>\nLucrarea se adreseaz\u0103 \u00een primul r\u00e2nd studen\u0163ilor de la sec\u0163ia Fizic\u0103 teoretic\u0103 la nivelul de studii aprofundate (masterat) \u015fi de asemenea studen\u0163ilor de la studii doctorale sec\u0163ia Fizic\u0103 teoretic\u0103.<\/p>\n<p>RADU PAUL LUNGU este Conferen\u0163iar universitar la Departamentul de Fizic\u0103 Teoretic\u0103, Matematici, Optic\u0103, Laseri, Plasm\u0103 \u00een cadrul Facult\u0103\u0163ii de Fizic\u0103 a Universit\u0103\u0163ii din Bucure\u015fti.<br \/>\nPrincipalele domenii de studiu abordate de autor au fost: sistemele electronice \u00een c\u00e2mpuri electromagnetice intense \u015fi tranzi\u0163iile de faz\u0103 \u00een sisteme ternare pe baza unor modele de tip Ising (ultimul domeniu a fost abordat \u00een cadrul unui stagiu post-doctoral la Texas Christian University din Forth Worth).<\/p>\n","protected":false},"excerpt":{"rendered":"<p>Lucrarea, actualizat\u0103 cu programa european\u0103 universitar\u0103, este bazat\u0103 pe cursul \u015fi seminarul \u201cTermodinamic\u0103 \u015fi Fizic\u0103 Statistic\u0103\u201d, predate de autor \u015fi de asemenea pe partea de mecanic\u0103 statistic\u0103 cuantic\u0103 a cursului \u015fi seminarului Mecanic\u0103 cuantic\u0103 avansat\u0103 \u015fi Fizic\u0103 statistic\u0103 cuantic\u0103, predate studen\u0163ilor de la masterat. Lucrarea se adreseaz\u0103 \u00een primul r\u00e2nd studen\u0163ilor de la sec\u0163ia Fizic\u0103 [&hellip;]<\/p>\n","protected":false},"featured_media":20341,"comment_status":"open","ping_status":"closed","template":"","meta":[],"product_brand":[],"product_cat":[1531,2839,982,984],"product_tag":[2842,908,2843,1318,2841,2844,2845,2840],"class_list":{"0":"post-20340","1":"product","2":"type-product","3":"status-publish","4":"has-post-thumbnail","6":"product_cat-colectii","7":"product_cat-fizicaphysics","8":"product_cat-stiinte-exacte","9":"product_cat-fizica","10":"product_tag-entropie","11":"product_tag-fizica","12":"product_tag-gaze-cuantice","13":"product_tag-mecanica","14":"product_tag-radu-paul-lungu","15":"product_tag-sisteme-magnetice","16":"product_tag-spatii-hilbert","17":"product_tag-statistica-cuantica","19":"first","20":"outofstock","21":"shipping-taxable","22":"purchasable","23":"product-type-simple"},"_links":{"self":[{"href":"https:\/\/editura-unibuc.ro\/en\/wp-json\/wp\/v2\/product\/20340","targetHints":{"allow":["GET"]}}],"collection":[{"href":"https:\/\/editura-unibuc.ro\/en\/wp-json\/wp\/v2\/product"}],"about":[{"href":"https:\/\/editura-unibuc.ro\/en\/wp-json\/wp\/v2\/types\/product"}],"replies":[{"embeddable":true,"href":"https:\/\/editura-unibuc.ro\/en\/wp-json\/wp\/v2\/comments?post=20340"}],"wp:featuredmedia":[{"embeddable":true,"href":"https:\/\/editura-unibuc.ro\/en\/wp-json\/wp\/v2\/media\/20341"}],"wp:attachment":[{"href":"https:\/\/editura-unibuc.ro\/en\/wp-json\/wp\/v2\/media?parent=20340"}],"wp:term":[{"taxonomy":"product_brand","embeddable":true,"href":"https:\/\/editura-unibuc.ro\/en\/wp-json\/wp\/v2\/product_brand?post=20340"},{"taxonomy":"product_cat","embeddable":true,"href":"https:\/\/editura-unibuc.ro\/en\/wp-json\/wp\/v2\/product_cat?post=20340"},{"taxonomy":"product_tag","embeddable":true,"href":"https:\/\/editura-unibuc.ro\/en\/wp-json\/wp\/v2\/product_tag?post=20340"}],"curies":[{"name":"wp","href":"https:\/\/api.w.org\/{rel}","templated":true}]}}